{"id":14994,"date":"2023-05-24T15:28:30","date_gmt":"2023-05-24T15:28:30","guid":{"rendered":"https:\/\/swissmassage.ch\/produit\/klappbare-massageliege-komfort-liquidation\/"},"modified":"2024-10-23T08:41:17","modified_gmt":"2024-10-23T06:41:17","slug":"klappbare-massageliege-komfort-liquidation","status":"publish","type":"product","link":"https:\/\/swissmassage.ch\/de\/produkt\/klappbare-massageliege-komfort-liquidation\/","title":{"rendered":"Comfort Liquidation Klappbare Massageliege"},"content":{"rendered":"<h2>Klappbare Massageliegen-Auslaufmodell, extrabreit 80 cm, mit Gesichtsausschnitt und ovalem Stopfen<\/h2>\n<p>Ein Herstellungsfehler hat kleine goldene Flecken an einigen Stellen der wei\u00dfen Polsterung verursacht.<br \/>\nDiese Massageliegen sind neu, ihr Aussehen ist neuwertig und voll funktionsf\u00e4hig.<br \/>\nDa sie nicht als neu verkauft werden k\u00f6nnen, bieten wir sie im Ausverkauf an.<br \/>\nDa die Flecken kaum sichtbar sind, ist dies ein tolles Angebot f\u00fcr interessierte Kunden.<br \/>\n<strong>Die klappbaren Massageliegen im Ausverkauf werden ohne Kopfst\u00fctze verkauft.<\/strong><br \/>\nSie verf\u00fcgen nur \u00fcber den Gesichtsausschnitt mit Stopfen, eine Kopfst\u00fctze kann optional bestellt werden.<br \/>\nDie angebotene Garantie ist die gleiche wie bei den regul\u00e4ren neuen Ger\u00e4ten, n\u00e4mlich 2 Jahre.<\/p>\n<p><strong>Technische Daten der Massageliege Modell Confort:<\/strong><\/p>\n<p>Lieferbar in der ganzen Schweiz oder zur Besichtigung nach Terminvereinbarung in unserem Showroom.<br \/>\nExtrem weiche und strapazierf\u00e4hige wei\u00dfe Polyurethan-Polsterung.<br \/>\nGarantiert extra-komfortabler Schaumstoff, 8 cm dick.<br \/>\nRahmen aus leichtem und stabilem edlem Buchenholz.<br \/>\nIdeale Ma\u00dfe: 195 cm lang und 80 cm breit.<br \/>\nH\u00f6henverstellbare Liege von 65 cm bis 85 cm.<br \/>\nGewicht der Massageliege Confort: 20 kg.<br \/>\nBequemer Gesichtsausschnitt mit abnehmbarem Stopfen.<br \/>\n2 Reiki-Paneele f\u00fcr den Komfort des Therapeuten.<br \/>\nSehr stabil, auch f\u00fcr schwere Patienten geeignet, bis zu 200 kg Belastbarkeit.<br \/>\nLeicht zu handhaben, \u00f6ffnet und schlie\u00dft in 10 Sekunden.<br \/>\nKofferartige Tragegriffe.<br \/>\nVibram-Gummif\u00fc\u00dfe f\u00fcr garantierte Stabilit\u00e4t.<\/p>\n","protected":false},"excerpt":{"rendered":"<p>Klappbare Massageliegen-Auslaufmodell, extrabreit 80 cm, mit Gesichtsausschnitt und ovalem Stopfen Ein Herstellungsfehler hat kleine goldene Flecken an einigen Stellen der wei\u00dfen Polsterung verursacht. Diese Massageliegen sind neu, ihr Aussehen ist neuwertig und voll funktionsf\u00e4hig. Da sie nicht als neu verkauft werden k\u00f6nnen, bieten wir sie im Ausverkauf an. Da die Flecken kaum sichtbar sind, ist&hellip;<\/p>\n","protected":false},"featured_media":13049,"template":"","meta":{"_seopress_robots_primary_cat":"none","_seopress_titles_title":"","_seopress_titles_desc":"Klappbare Massageliege Comfort Extra Wide 80cm Liquidation Model, mit Gesichtsloch und ovaler Kappe.","_seopress_robots_index":""},"pwb-brand":[],"product_brand":[],"product_cat":[],"product_tag":[],"product_folder":[991],"class_list":{"0":"post-14994","1":"product","2":"type-product","3":"status-publish","4":"has-post-thumbnail","7":"first","8":"outofstock","9":"sale","10":"taxable","11":"shipping-taxable","12":"purchasable","13":"product-type-simple"},"exclude_global_add_ons":[],"addons":[],"brands":[],"_links":{"self":[{"href":"https:\/\/swissmassage.ch\/de\/wp-json\/wp\/v2\/product\/14994","targetHints":{"allow":["GET"]}}],"collection":[{"href":"https:\/\/swissmassage.ch\/de\/wp-json\/wp\/v2\/product"}],"about":[{"href":"https:\/\/swissmassage.ch\/de\/wp-json\/wp\/v2\/types\/product"}],"wp:featuredmedia":[{"embeddable":true,"href":"https:\/\/swissmassage.ch\/de\/wp-json\/wp\/v2\/media\/13049"}],"wp:attachment":[{"href":"https:\/\/swissmassage.ch\/de\/wp-json\/wp\/v2\/media?parent=14994"}],"wp:term":[{"taxonomy":"pwb-brand","embeddable":true,"href":"https:\/\/swissmassage.ch\/de\/wp-json\/wp\/v2\/pwb-brand?post=14994"},{"taxonomy":"product_brand","embeddable":true,"href":"https:\/\/swissmassage.ch\/de\/wp-json\/wp\/v2\/product_brand?post=14994"},{"taxonomy":"product_cat","embeddable":true,"href":"https:\/\/swissmassage.ch\/de\/wp-json\/wp\/v2\/product_cat?post=14994"},{"taxonomy":"product_tag","embeddable":true,"href":"https:\/\/swissmassage.ch\/de\/wp-json\/wp\/v2\/product_tag?post=14994"},{"taxonomy":"product_folder","embeddable":true,"href":"https:\/\/swissmassage.ch\/de\/wp-json\/wp\/v2\/product_folder?post=14994"}],"curies":[{"name":"wp","href":"https:\/\/api.w.org\/{rel}","templated":true}]}}