{"id":15124,"date":"2023-05-24T14:57:47","date_gmt":"2023-05-24T14:57:47","guid":{"rendered":"https:\/\/swissmassage.ch\/produit\/physio-liege-modell-reduca-plus\/"},"modified":"2023-05-24T14:57:47","modified_gmt":"2023-05-24T12:57:47","slug":"physio-liege-modell-reduca-plus","status":"publish","type":"product","link":"https:\/\/swissmassage.ch\/de\/produkt\/physio-liege-modell-reduca-plus\/","title":{"rendered":"Physio Liege Modell Reduca Plus"},"content":{"rendered":"<h2>Reduca Plus Physiotherapie-Liege<\/h2>\n<p><span style=\"font-size: 10pt;\">Elektrische Physioliege Reduca Plus mit 2 Motoren, einer f\u00fcr die H\u00f6he mit peripherem Steuerrahmen zu den F\u00fc\u00dfen und der zweite f\u00fcr Kyphose.<\/span><\/p>\n<h2>Beschreibung der Reduca Plus Physioliege:<\/h2>\n<p><span style=\"font-size: 10pt;\">Der Markenmotor regelt die H\u00f6he der Liege.<\/span><br \/>\n<span style=\"font-size: 10pt;\">H\u00f6henverstellung mit einer Rahmenperipheriesteuerung.<\/span><br \/>\n<span style=\"font-size: 10pt;\">Motorische Kyphoseverstellung mit Fu\u00dfschalter.<\/span><br \/>\n<span style=\"font-size: 10pt;\">Einstellung der Steigung durch Gaskolben.<\/span><br \/>\n<span style=\"font-size: 10pt;\">Verstellbare Kopfst\u00fctze durch Gasfeder, verstellbarer Winkel von -20\u00b0 bis + 55\u00b0.<\/span><br \/>\n<span style=\"font-size: 10pt;\">Beinauflage durch Gasfeder verstellbar, Winkel einstellbar von 0\u00b0 bis + 90\u00b0.<\/span><br \/>\n<span style=\"font-size: 10pt;\">Tr\u00e4gt bis zu 225 kg.<\/span><br \/>\n<span style=\"font-size: 10pt;\">75 mm 360\u00b0 drehbare Rollen f\u00fcr hervorragende Mobilit\u00e4t und Sicherheit.<\/span><br \/>\n<span style=\"font-size: 10pt;\">Polsterfarbe: Graphitgrau<\/span><br \/>\n<span style=\"font-size: 10pt;\">PVC-Beschichtung<\/span><br \/>\n<span style=\"font-size: 10pt;\">Die Beschichtung widersteht Feuer, Flecken, Pilzen, \u00d6l und Wasser.<\/span><br \/>\n<span style=\"font-size: 10pt;\">Zertifizierungen: CE, FDA, ISO 9001-2008, ISO13485-2007.<\/span><br \/>\n<span style=\"font-size: 10pt;\">Zertifiziert gem\u00e4\u00df der Richtlinie 93\/42\/EWG \u2013 \u00e4rztliche Bescheinigung.<\/span><br \/>\n<span style=\"font-size: 10pt;\">L\u00e4nge der Beinauflage: 96 cm<\/span><br \/>\n<span style=\"font-size: 10pt;\">L\u00e4nge der zentralen Platte: 51 cm<\/span><br \/>\n<span style=\"font-size: 10pt;\">L\u00e4nge der Kopfst\u00fctze: 43 cm<\/span><br \/>\n<span style=\"font-size: 10pt;\">Gesamtl\u00e4nge des Tisches: 195 cm<\/span>  Tischbreite: 66 cm und einziehbare Armlehnen + 2\u00d710 cm x 46 cm lang.  <span style=\"font-size: 10pt;\">Verstellbare H\u00f6he: 50 cm \u2013 94 cm<\/span><br \/>\n<span style=\"font-size: 10pt;\">Dicke der Matratze: 5 cm<\/span><br \/>\n<span style=\"font-size: 10pt;\">Schaumdichte: 36 kg\/m\u00b3  <\/span><\/p>\n<h3>Philosophie der Physiotherapeuten-Behandlungsliege des Modells Reduca Plus:<\/h3>\n<p>  Die Physiotherapieliege Reduca Plus stellt den H\u00f6hepunkt der Innovation im Bereich der Rehabilitation dar und bietet fortschrittliche Funktionen, um den spezifischen Bed\u00fcrfnissen von \u00c4rzten und ihren Patienten gerecht zu werden.<br \/>\nAusgestattet mit zwei hochmodernen Motoren sorgt er f\u00fcr eine pr\u00e4zise H\u00f6hen- und Kyphoseeinstellung und bietet optimalen Komfort w\u00e4hrend der Behandlungssitzungen. Der Markenmotor erm\u00f6glicht die H\u00f6henverstellung der Liege, w\u00e4hrend die Kyphoseverstellung motorisiert und einfach mit einem Fu\u00dfschalter durchgef\u00fchrt werden kann.<br \/>\nDar\u00fcber hinaus kann die Steigung mit einem Gaskolben eingestellt werden, was eine erh\u00f6hte Vielseitigkeit f\u00fcr eine Vielzahl von Behandlungen bietet.<br \/>\nDie Kopfst\u00fctze und die Beinst\u00fctze sind ebenfalls verstellbar und erm\u00f6glichen so eine pr\u00e4zise Anpassung an jeden Patienten.<br \/>\nDie Kopfst\u00fctze kann mit einer Gasfeder mit einem variablen Winkel von -20\u00b0 bis +55\u00b0 verstellt werden, w\u00e4hrend die Beinst\u00fctze einen verstellbaren Winkel von 0\u00b0 bis +90\u00b0 bietet und so optimalen Komfort w\u00e4hrend der Behandlungssitzungen bietet.<br \/>\nDer Tisch kann bis zu 225 kg tragen und ist mit 75 mm 360\u00b0 drehbaren Rollen ausgestattet, die eine hervorragende Mobilit\u00e4t und Sicherheit bieten.<br \/>\nDie graphitgraue PVC-Beschichtung ist best\u00e4ndig gegen Feuer, Flecken, Pilze, \u00d6l und Wasser und gew\u00e4hrleistet eine au\u00dfergew\u00f6hnliche Haltbarkeit auch in den anspruchsvollsten Umgebungen.<br \/>\nZertifiziert nach den h\u00f6chsten Standards, einschlie\u00dflich CE, FDA, ISO 9001-2008, ISO13485-2007 und konform mit der Richtlinie 93\/42\/EWG f\u00fcr die medizinische Zertifizierung, bietet dieser Tisch absolute Sicherheit, wenn es um Qualit\u00e4t und Sicherheit geht.<br \/>\nMit versenkbaren Armlehnen und einer Tischbreite von 66 cm bietet diese Version Reduca Plus zus\u00e4tzlichen Komfort f\u00fcr Patienten und Behandler.<br \/>\nZusammenfassend l\u00e4sst sich sagen, dass die Physiotherapieliege Reduca Plus von Coinfycare die ideale Wahl f\u00fcr Behandler ist, die qualitativ hochwertige Behandlungssitzungen anbieten m\u00f6chten, die Komfort, Pr\u00e4zision und Zuverl\u00e4ssigkeit vereinen.         <\/p>\n","protected":false},"excerpt":{"rendered":"<p>Reduca Plus Physiotherapie-Liege Elektrische Physioliege Reduca Plus mit 2 Motoren, einer f\u00fcr die H\u00f6he mit peripherem Steuerrahmen zu den F\u00fc\u00dfen und der zweite f\u00fcr Kyphose. Beschreibung der Reduca Plus Physioliege: Der Markenmotor regelt die H\u00f6he der Liege. H\u00f6henverstellung mit einer Rahmenperipheriesteuerung. Motorische Kyphoseverstellung mit Fu\u00dfschalter. Einstellung der Steigung durch Gaskolben. Verstellbare Kopfst\u00fctze durch Gasfeder, verstellbarer&hellip;<\/p>\n","protected":false},"featured_media":15125,"template":"","meta":{"_seopress_robots_primary_cat":"none","_seopress_titles_title":"Reduca Plus Elektrische Physiotherapieliege 2 Motoren","_seopress_titles_desc":"Die Physiotherapieliege Reduca Plus stellt den H\u00f6hepunkt der Innovation im Bereich der Rehabilitation dar.\nMotorische Kyphoseverstellung mit Fu\u00dfschalter. ","_seopress_robots_index":""},"pwb-brand":[],"product_brand":[],"product_cat":[],"product_tag":[],"product_folder":[1003],"class_list":{"0":"post-15124","1":"product","2":"type-product","3":"status-publish","4":"has-post-thumbnail","7":"first","8":"instock","9":"sale","10":"taxable","11":"shipping-taxable","12":"purchasable","13":"product-type-simple"},"exclude_global_add_ons":false,"addons":[{"name":"Optionen:","type":"checkbox","position":0,"required":false,"title_format":"label","description_enable":false,"description":null,"placeholder_enable":false,"placeholder":"","display":"select","restrictions_type":"any_text","adjust_price":false,"price":"","price_type":"flat_fee","restrictions":false,"min":0,"max":0,"options":[{"label":"Papierspender f\u00fcr Untersuchungen","price":"80","price_type":"flat_fee","image":0}],"id":1718011505}],"brands":[],"_links":{"self":[{"href":"https:\/\/swissmassage.ch\/de\/wp-json\/wp\/v2\/product\/15124","targetHints":{"allow":["GET"]}}],"collection":[{"href":"https:\/\/swissmassage.ch\/de\/wp-json\/wp\/v2\/product"}],"about":[{"href":"https:\/\/swissmassage.ch\/de\/wp-json\/wp\/v2\/types\/product"}],"wp:featuredmedia":[{"embeddable":true,"href":"https:\/\/swissmassage.ch\/de\/wp-json\/wp\/v2\/media\/15125"}],"wp:attachment":[{"href":"https:\/\/swissmassage.ch\/de\/wp-json\/wp\/v2\/media?parent=15124"}],"wp:term":[{"taxonomy":"pwb-brand","embeddable":true,"href":"https:\/\/swissmassage.ch\/de\/wp-json\/wp\/v2\/pwb-brand?post=15124"},{"taxonomy":"product_brand","embeddable":true,"href":"https:\/\/swissmassage.ch\/de\/wp-json\/wp\/v2\/product_brand?post=15124"},{"taxonomy":"product_cat","embeddable":true,"href":"https:\/\/swissmassage.ch\/de\/wp-json\/wp\/v2\/product_cat?post=15124"},{"taxonomy":"product_tag","embeddable":true,"href":"https:\/\/swissmassage.ch\/de\/wp-json\/wp\/v2\/product_tag?post=15124"},{"taxonomy":"product_folder","embeddable":true,"href":"https:\/\/swissmassage.ch\/de\/wp-json\/wp\/v2\/product_folder?post=15124"}],"curies":[{"name":"wp","href":"https:\/\/api.w.org\/{rel}","templated":true}]}}