{"id":18163,"date":"2025-01-23T08:53:28","date_gmt":"2025-01-23T07:53:28","guid":{"rendered":"https:\/\/swissmassage.ch\/?post_type=product&#038;p=18163"},"modified":"2025-01-23T09:07:00","modified_gmt":"2025-01-23T08:07:00","slug":"medizinische-untersuchungsliege-modell-healthy-im-angebot-copie","status":"publish","type":"product","link":"https:\/\/swissmassage.ch\/de\/produkt\/medizinische-untersuchungsliege-modell-healthy-im-angebot-copie\/","title":{"rendered":"Medizinische Untersuchungsliege Modell Healthy Ausverkaufs-Vorf\u00fchrmodell mit 1 Jahr Garantie"},"content":{"rendered":"<h2>Medizinische Untersuchungsliege und Behandlungsliege mit Elektromotor zur H\u00f6henverstellung.<\/h2>\n<p>Die praktische, einfache und zuverl\u00e4ssige elektrische medizinische Untersuchungsliege f\u00fcr Allgemeinmediziner ist per Fu\u00dfschalter von 46 bis 94 cm h\u00f6henverstellbar.<br \/>\nDiese Ma\u00dfe, 66 cm breit und 195 cm lang, bieten dem Patienten Komfort und gleichzeitig die N\u00e4he zum Arzt.<br \/>\nSein 5 cm dicker Schaumstoff mit einer Dichte von 36 kg\/m3 sorgt f\u00fcr Komfort und Entspannung.<br \/>\nDie R\u00fcckenlehne, die durch eine Gasfeder angehoben werden kann, erm\u00f6glicht die Untersuchung des Patienten in sitzender Position.<br \/>\nEr ist mit einem Gesichtsloch und einer Kappe ausgestattet, die f\u00fcr die Durchf\u00fchrung von Behandlungen in Bauchlage geeignet ist.<br \/>\nSeine H\u00f6he von 94 cm erm\u00f6glicht eine pr\u00e4zise Okultation, insbesondere in der Dermatologie.<br \/>\nDie Behandlungsliege wiegt 65 kg.<br \/>\nEs tr\u00e4gt bis zu 225 kg.<br \/>\nSeine PVC-MED-Beschichtung entspricht dem medizinischen Standard und kann daher in Krankenh\u00e4usern eingesetzt werden.<br \/>\nZertifizierung 93\/42\/EWG Medizinprodukterichtlinie.<\/p>\n<h3>Video zum gesunden medizinischen Liege<\/h3>\n<div style=\"width: 848px;\" class=\"wp-video\"><video class=\"wp-video-shortcode\" id=\"video-18163-1\" width=\"848\" height=\"480\" preload=\"auto\" controls=\"controls\"><source type=\"video\/mp4\" src=\"https:\/\/swissmassage.ch\/wp-content\/uploads\/Video-table-medicale-Suisse.mp4?_=1\" \/><a href=\"https:\/\/swissmassage.ch\/wp-content\/uploads\/Video-table-medicale-Suisse.mp4\">https:\/\/swissmassage.ch\/wp-content\/uploads\/Video-table-medicale-Suisse.mp4<\/a><\/video><\/div>\n","protected":false},"excerpt":{"rendered":"<p>Medizinische Untersuchungsliege und Behandlungsliege mit Elektromotor zur H\u00f6henverstellung. Die praktische, einfache und zuverl\u00e4ssige elektrische medizinische Untersuchungsliege f\u00fcr Allgemeinmediziner ist per Fu\u00dfschalter von 46 bis 94 cm h\u00f6henverstellbar. Diese Ma\u00dfe, 66 cm breit und 195 cm lang, bieten dem Patienten Komfort und gleichzeitig die N\u00e4he zum Arzt. Sein 5 cm dicker Schaumstoff mit einer Dichte von&hellip;<\/p>\n","protected":false},"featured_media":14463,"template":"","meta":{"_seopress_robots_primary_cat":"none","_seopress_titles_title":"Table d'examen m\u00e9dical Mod\u00e8le Healthy en promotion","_seopress_titles_desc":"Pratique, simple, fiable, la table d'examens m\u00e9dicaux \u00e9lectrique de soins pour m\u00e9decins g\u00e9n\u00e9ralistes est r\u00e9glable en hauteur par commande \u00e0 pieds de 46 \u00e0 94 cm.","_seopress_robots_index":""},"pwb-brand":[],"product_brand":[],"product_cat":[],"product_tag":[],"product_folder":[],"class_list":{"0":"post-18163","1":"product","2":"type-product","3":"status-publish","4":"has-post-thumbnail","7":"first","8":"instock","9":"sale","10":"taxable","11":"shipping-taxable","12":"purchasable","13":"product-type-simple"},"exclude_global_add_ons":false,"addons":[{"name":"Papierspender f\u00fcr medizinische Untersuchungen","type":"multiple_choice","position":0,"required":false,"title_format":"label","description_enable":false,"description":"","placeholder_enable":false,"placeholder":"","display":"images","restrictions_type":"any_text","adjust_price":false,"price":"","price_type":"flat_fee","restrictions":false,"min":0,"max":0,"options":[{"label":"Mit Papierspender f\u00fcr medizinische Untersuchungen","price":"80","price_type":"flat_fee","image":8506}],"id":1718011518}],"brands":[],"_links":{"self":[{"href":"https:\/\/swissmassage.ch\/de\/wp-json\/wp\/v2\/product\/18163","targetHints":{"allow":["GET"]}}],"collection":[{"href":"https:\/\/swissmassage.ch\/de\/wp-json\/wp\/v2\/product"}],"about":[{"href":"https:\/\/swissmassage.ch\/de\/wp-json\/wp\/v2\/types\/product"}],"wp:featuredmedia":[{"embeddable":true,"href":"https:\/\/swissmassage.ch\/de\/wp-json\/wp\/v2\/media\/14463"}],"wp:attachment":[{"href":"https:\/\/swissmassage.ch\/de\/wp-json\/wp\/v2\/media?parent=18163"}],"wp:term":[{"taxonomy":"pwb-brand","embeddable":true,"href":"https:\/\/swissmassage.ch\/de\/wp-json\/wp\/v2\/pwb-brand?post=18163"},{"taxonomy":"product_brand","embeddable":true,"href":"https:\/\/swissmassage.ch\/de\/wp-json\/wp\/v2\/product_brand?post=18163"},{"taxonomy":"product_cat","embeddable":true,"href":"https:\/\/swissmassage.ch\/de\/wp-json\/wp\/v2\/product_cat?post=18163"},{"taxonomy":"product_tag","embeddable":true,"href":"https:\/\/swissmassage.ch\/de\/wp-json\/wp\/v2\/product_tag?post=18163"},{"taxonomy":"product_folder","embeddable":true,"href":"https:\/\/swissmassage.ch\/de\/wp-json\/wp\/v2\/product_folder?post=18163"}],"curies":[{"name":"wp","href":"https:\/\/api.w.org\/{rel}","templated":true}]}}