{"id":20200,"date":"2025-10-09T16:52:59","date_gmt":"2025-10-09T14:52:59","guid":{"rendered":"https:\/\/swissmassage.ch\/?post_type=product&#038;p=20200"},"modified":"2025-10-10T09:21:35","modified_gmt":"2025-10-10T07:21:35","slug":"table-de-physio-modele-reduca-bleu-chassis-blanc-en-liquidation","status":"publish","type":"product","link":"https:\/\/swissmassage.ch\/de\/produkt\/table-de-physio-modele-reduca-bleu-chassis-blanc-en-liquidation\/","title":{"rendered":"Physio Tisch Modell Reduca blau-wei\u00dfes Gestell in Liquidation"},"content":{"rendered":"<h2>Physio Table Reduca Blau Wei\u00df Gestell mit 1 Jahr Garantie<\/h2>\n<p><span style=\"font-size: 10pt;\">Elektrische Physioliege Reduca Plus mit 2 Motoren, einer f\u00fcr die H\u00f6he mit peripherem Steuerrahmen zu den F\u00fc\u00dfen und der zweite f\u00fcr Kyphose.<\/span><\/p>\n<h2>Beschreibung der Reduca Physioliege:<\/h2>\n<p><span style=\"font-size: 10pt;\">Der Markenmotor regelt die H\u00f6he der Liege.<\/span><br \/>\n<span style=\"font-size: 10pt;\">H\u00f6henverstellung mit einer Rahmenperipheriesteuerung.<\/span><br \/>\n<span style=\"font-size: 10pt;\">Motorische Kyphoseverstellung mit Fu\u00dfschalter.<\/span><br \/>\n<span style=\"font-size: 10pt;\">Einstellung der Steigung durch Gaskolben.<\/span><br \/>\n<span style=\"font-size: 10pt;\">Verstellbare Kopfst\u00fctze durch Gasfeder, verstellbarer Winkel von -20\u00b0 bis + 55\u00b0.<\/span><br \/>\n<span style=\"font-size: 10pt;\">Beinauflage durch Gasfeder verstellbar, Winkel einstellbar von 0\u00b0 bis + 90\u00b0.<\/span><br \/>\n<span style=\"font-size: 10pt;\">Tr\u00e4gt bis zu 225 kg.<\/span><br \/>\n<span style=\"font-size: 10pt;\">75 mm 360\u00b0 drehbare Rollen f\u00fcr hervorragende Mobilit\u00e4t und Sicherheit.<\/span><br \/>\n<span style=\"font-size: 10pt;\">Beschichtungsfarbe: blau<\/span><br \/>\n<span style=\"font-size: 10pt;\">PVC-Beschichtung<\/span><br \/>\n<span style=\"font-size: 10pt;\">Die Beschichtung widersteht Feuer, Flecken, Pilzen, \u00d6l und Wasser.<\/span><br \/>\n<span style=\"font-size: 10pt;\">Zertifizierungen: CE, FDA, ISO 9001-2008, ISO13485-2007.<\/span><br \/>\n<span style=\"font-size: 10pt;\">Zertifiziert gem\u00e4\u00df der Richtlinie 93\/42\/EWG \u2013 \u00e4rztliche Bescheinigung.<\/span><br \/>\n<span style=\"font-size: 10pt;\">L\u00e4nge der Beinauflage: 96 cm<\/span><br \/>\n<span style=\"font-size: 10pt;\">L\u00e4nge der zentralen Platte: 51 cm<\/span><br \/>\n<span style=\"font-size: 10pt;\">L\u00e4nge der Kopfst\u00fctze: 43 cm<\/span><br \/>\n<span style=\"font-size: 10pt;\">Gesamtl\u00e4nge des Tisches: 195 cm<\/span><br \/>\nTischbreite: 66 cm.<br \/>\n<span style=\"font-size: 10pt;\">Verstellbare H\u00f6he: 50 cm \u2013 94 cm<\/span><br \/>\n<span style=\"font-size: 10pt;\">Dicke der Matratze: 5 cm<\/span><br \/>\n<span style=\"font-size: 10pt;\">Schaumdichte: 36 kg\/m\u00b3  <\/span><\/p>\n<h3>Video Physioliege Reduca Modell:<\/h3>\n<div style=\"width: 1170px;\" class=\"wp-video\"><video class=\"wp-video-shortcode\" id=\"video-20200-1\" width=\"1170\" height=\"662\" preload=\"metadata\" controls=\"controls\"><source type=\"video\/mp4\" src=\"https:\/\/swissmassage.ch\/wp-content\/uploads\/Video-table-de-physio-Suisse-logo-Swissmassage.mp4?_=1\" \/><a href=\"https:\/\/swissmassage.ch\/wp-content\/uploads\/Video-table-de-physio-Suisse-logo-Swissmassage.mp4\">https:\/\/swissmassage.ch\/wp-content\/uploads\/Video-table-de-physio-Suisse-logo-Swissmassage.mp4<\/a><\/video><\/div>\n","protected":false},"excerpt":{"rendered":"<p>Physio Table Reduca Blau Wei\u00df Gestell mit 1 Jahr Garantie Elektrische Physioliege Reduca Plus mit 2 Motoren, einer f\u00fcr die H\u00f6he mit peripherem Steuerrahmen zu den F\u00fc\u00dfen und der zweite f\u00fcr Kyphose. Beschreibung der Reduca Physioliege: Der Markenmotor regelt die H\u00f6he der Liege. H\u00f6henverstellung mit einer Rahmenperipheriesteuerung. Motorische Kyphoseverstellung mit Fu\u00dfschalter. Einstellung der Steigung durch&hellip;<\/p>\n","protected":false},"featured_media":20224,"template":"","meta":{"_seopress_robots_primary_cat":"none","_seopress_titles_title":"Reduca Plus Elektrische Physiotherapieliege 2 Motoren","_seopress_titles_desc":"Die Physiotherapieliege Reduca Plus stellt den H\u00f6hepunkt der Innovation im Bereich der Rehabilitation dar. Motorische Kyphoseverstellung mit Fu\u00dfschalter. ","_seopress_robots_index":""},"pwb-brand":[],"product_brand":[],"product_cat":[],"product_tag":[],"product_folder":[],"class_list":{"0":"post-20200","1":"product","2":"type-product","3":"status-publish","4":"has-post-thumbnail","7":"first","8":"instock","9":"sale","10":"taxable","11":"shipping-taxable","12":"purchasable","13":"product-type-simple"},"exclude_global_add_ons":false,"addons":[{"name":"Optionen:","type":"checkbox","position":0,"required":false,"title_format":"label","description_enable":false,"description":null,"placeholder_enable":false,"placeholder":null,"display":"select","restrictions_type":"any_text","adjust_price":false,"price":"","price_type":"flat_fee","restrictions":false,"min":0,"max":0,"options":[{"label":"Papierspender f\u00fcr Untersuchungen","price":"80","price_type":"flat_fee","image":0}],"id":1718011505}],"brands":[],"_links":{"self":[{"href":"https:\/\/swissmassage.ch\/de\/wp-json\/wp\/v2\/product\/20200","targetHints":{"allow":["GET"]}}],"collection":[{"href":"https:\/\/swissmassage.ch\/de\/wp-json\/wp\/v2\/product"}],"about":[{"href":"https:\/\/swissmassage.ch\/de\/wp-json\/wp\/v2\/types\/product"}],"wp:featuredmedia":[{"embeddable":true,"href":"https:\/\/swissmassage.ch\/de\/wp-json\/wp\/v2\/media\/20224"}],"wp:attachment":[{"href":"https:\/\/swissmassage.ch\/de\/wp-json\/wp\/v2\/media?parent=20200"}],"wp:term":[{"taxonomy":"pwb-brand","embeddable":true,"href":"https:\/\/swissmassage.ch\/de\/wp-json\/wp\/v2\/pwb-brand?post=20200"},{"taxonomy":"product_brand","embeddable":true,"href":"https:\/\/swissmassage.ch\/de\/wp-json\/wp\/v2\/product_brand?post=20200"},{"taxonomy":"product_cat","embeddable":true,"href":"https:\/\/swissmassage.ch\/de\/wp-json\/wp\/v2\/product_cat?post=20200"},{"taxonomy":"product_tag","embeddable":true,"href":"https:\/\/swissmassage.ch\/de\/wp-json\/wp\/v2\/product_tag?post=20200"},{"taxonomy":"product_folder","embeddable":true,"href":"https:\/\/swissmassage.ch\/de\/wp-json\/wp\/v2\/product_folder?post=20200"}],"curies":[{"name":"wp","href":"https:\/\/api.w.org\/{rel}","templated":true}]}}