{"id":23130,"date":"2026-03-18T11:21:03","date_gmt":"2026-03-18T10:21:03","guid":{"rendered":"https:\/\/swissmassage.ch\/?post_type=product&#038;p=23130"},"modified":"2026-04-02T08:41:33","modified_gmt":"2026-04-02T06:41:33","slug":"rosmarin-massageol-copie","status":"publish","type":"product","link":"https:\/\/swissmassage.ch\/de\/produkt\/rosmarin-massageol-copie\/","title":{"rendered":"Rosmarin Massage\u00f6l (Copie)"},"content":{"rendered":"<h2>Das Massage\u00f6l &#8222;Les Rosemarins&#8220;<\/h2>\n<p>Es ist f\u00fcr Muskel- und Gelenkmassagen sowie zur Entspannung bestimmt.<br \/>\nDie Wirkung seiner \u00e4therischen \u00d6le lindert Schmerzen und f\u00f6rdert die Muskelentspannung.<\/p>\n<h2>Beschreibung<\/h2>\n<p>Das Massage\u00f6l Les Romarins eignet sich sowohl f\u00fcr Therapeuten als auch f\u00fcr Massagen zu Hause.<br \/>\nDie Wirkung des Massage\u00f6ls &#8222;Rosmarin&#8220; ist \u00e4hnlich wie die des Massage\u00f6ls &#8222;Wintergreen&#8220;, jedoch ohne w\u00e4rmende Wirkung.<br \/>\nDar\u00fcber hinaus ist sein Duft zarter und aromatischer.<br \/>\nEs lindert Muskel- und Gelenkschmerzen und regt die Durchblutung an.<\/p>\n<div>\n<p><strong>Anwendung<\/strong> : Komfort- und Sportmassagen, f\u00f6rdert die Ausscheidung von Giftstoffen.<br \/>\nKann als Massage\u00f6l oder K\u00f6rperpflege\u00f6l verwendet werden.<br \/>\n<strong>Duft<\/strong>: Aromatischer Rosmarin, leicht zitronig<br \/>\n<strong>Eigenschaften<\/strong> : Pflegt, gl\u00e4ttet und beruhigt die Haut durch seine nat\u00fcrlich enthaltenen Vitamine E und D sowie Omega 3, 6 und 9.<br \/>\n<strong>Textur<\/strong> : Ideal zum Massieren, hat einen samtigen Griff, ohne einen fettigen Film zu hinterlassen.<br \/>\n<strong>Nat\u00fcrlich<\/strong> : 100%<br \/>\n<strong>Bio<\/strong> : 99,8%<br \/>\n<strong>\u00c4therisches \u00d6l<\/strong> : Rosmarin, Zitrone Eukalyptus, Wacholder, Lits\u00e9e<br \/>\n<strong>Vorsichtsma\u00dfnahmen<\/strong> : Nicht empfohlen w\u00e4hrend der Schwangerschaft, Stillzeit und bei Kindern unter 6 Jahren.<br \/>\n<strong>Zutaten<\/strong> : Sonnenblumen\u00f6l, Oliven\u00f6l, \u00c4therische \u00d6le (Rosmarin Cineol, Wacholder, Zitroneneukalyptus und Litsea), Rosmarinextrakt CO2<br \/>\n<em><br \/>\n<\/em><\/p>\n<h2>Gebrauchsanweisung<strong><br \/>\n<\/strong><\/h2>\n<h3><strong>Massage\u00f6l f\u00fcr Therapeuten, aber nicht nur!<\/strong><\/h3>\n<p><strong>F\u00fcr eine<span class=\"ILfuVd\" lang=\"fr\"><span class=\"hgKElc\"> Massage: <\/span><\/span> <\/strong><span class=\"ILfuVd\" lang=\"fr\"><span class=\"hgKElc\">Verwenden Sie die ganze Hand und nicht nur die Fingerspitzen.<br \/>\nVariieren Sie die Massagetechniken: Kneten, Ausblasen, Klopfen, Punktdruck oder tiefes Reiben.<br \/>\nDieses \u00d6l kann sowohl f\u00fcr Massagen von Therapeuten als auch f\u00fcr den Gebrauch zu Hause verwendet werden. <\/span><\/span><\/p>\n<h2>Zusatzinformation<\/h2>\n<p><strong>Kann man Rosmarin\u00f6l erhitzen?<\/strong> Ja, da unsere Massage\u00f6le aus pflanzlichen \u00d6len bestehen, die durch erste Kaltpressung gewonnen werden, unraffiniert und biologisch, sind sie aufgrund dieser Eigenschaften oxidationsempfindlicher als &#8222;gew\u00f6hnliche\/raffinierte&#8220; Pflanzen\u00f6le oder Mineral\u00f6le.<br \/>\nEs ist m\u00f6glich, Massage\u00f6le leicht und vorzugsweise in kleinen Mengen zu erhitzen, aber wir raten dringend davon ab, \u00fcber 55\u00b0C zu erhitzen. <strong>Wie lange sind Swissmassage Massage\u00f6le haltbar?<\/strong> Die Massage\u00f6le von Swissmassage sind nach dem \u00d6ffnen 12 Monate haltbar, aber nach diesem Datum empfehlen wir, das Produkt zu riechen, um seinen Zustand zu \u00fcberpr\u00fcfen, da sie noch lange verwendet werden k\u00f6nnen.<br \/>\nSchlechte Lagerbedingungen k\u00f6nnen die Haltbarkeit verk\u00fcrzen.<br \/>\nUm die Qualit\u00e4t der Massage\u00f6le zu erhalten, muss die Kappe der Originalflasche fest verschlossen und vor Luft, Hitze und Licht gesch\u00fctzt werden. <strong>Ist Les Romarins Massage\u00f6l photosensibilisierend?<\/strong> Nein, denn das Massage\u00f6l Les Romarins sowie alle \u00d6le von Swissmassage enthalten keine \u00e4therischen \u00d6le, die als photosensibilisierend bekannt sind.<\/p>\n<h2>Die Philosophie des Massage\u00f6ls Les Romarins<\/h2>\n<p>Das Massage\u00f6l Les Rosemary ist eine Fundgrube an Vorteilen f\u00fcr K\u00f6rper und Geist und sch\u00f6pft seine Tugenden aus einer sorgf\u00e4ltigen Auswahl nat\u00fcrlicher und biologischer Inhaltsstoffe.<br \/>\nMit seiner Mischung aus Sonnenblumen- und Oliven\u00f6len, angereichert mit Rosmarin, Wacholder, Zitrone, Eukalyptus und \u00e4therischem \u00d6l Litsea Cubeba, bietet dieses \u00d6l ein erfrischendes und revitalisierendes Massageerlebnis.<br \/>\nRosmarin ist der Eckpfeiler dieses \u00d6ls, das f\u00fcr seine stimulierenden und tonisierenden Eigenschaften bekannt ist.<br \/>\nSein belebender Duft weckt die Sinne und belebt den Geist, w\u00e4hrend seine tonisierenden Eigenschaften der Haut ein Gef\u00fchl von Frische und Vitalit\u00e4t verleihen.<br \/>\nWacholder und Zitronen-Eukalyptus vervollst\u00e4ndigen die stimulierende Wirkung von Rosmarin und verleihen ihm seine reinigenden und belebenden Eigenschaften.<br \/>\nDiese \u00e4therischen \u00d6le helfen, die Haut in der Tiefe zu entgiften, regen die Durchblutung an und f\u00f6rdern die Ausscheidung von Giftstoffen.<br \/>\nDas \u00e4therische \u00d6l Litsea Cubeba verleiht dem Ganzen eine angenehme zitronige Note und schafft eine erfrischende und energetisierende Atmosph\u00e4re.<br \/>\nSein fr\u00f6hlicher und belebender Duft beruhigt den Geist, weckt die Sinne und sorgt f\u00fcr ein Gef\u00fchl des allgemeinen Wohlbefindens.<br \/>\nZusammen machen diese nat\u00fcrlichen und biologischen Inhaltsstoffe das Massage\u00f6l Les Romarins zu einer idealen Wahl zur Belebung von K\u00f6rper und Geist.<br \/>\nOb es darum geht, m\u00fcde Muskeln nach dem Training zu entlasten, die Durchblutung anzuregen oder einfach nur nach einem anstrengenden Tag neue Energie zu tanken, dieses \u00d6l umh\u00fcllt Sie mit einer belebenden Frische und transportiert Sie in einen Zustand des Wohlbefindens und der Vitalit\u00e4t.<\/p>\n<\/div>\n","protected":false},"excerpt":{"rendered":"<p>Das Massage\u00f6l &#8222;Les Rosemarins&#8220; Es ist f\u00fcr Muskel- und Gelenkmassagen sowie zur Entspannung bestimmt. Die Wirkung seiner \u00e4therischen \u00d6le lindert Schmerzen und f\u00f6rdert die Muskelentspannung. Beschreibung Das Massage\u00f6l Les Romarins eignet sich sowohl f\u00fcr Therapeuten als auch f\u00fcr Massagen zu Hause. Die Wirkung des Massage\u00f6ls &#8222;Rosmarin&#8220; ist \u00e4hnlich wie die des Massage\u00f6ls &#8222;Wintergreen&#8220;, jedoch ohne&hellip;<\/p>\n","protected":false},"featured_media":23149,"template":"","meta":{"_seopress_robots_primary_cat":"none","_seopress_titles_title":"","_seopress_titles_desc":"L\u2019huile de massage \u201cArnica\u201d est destin\u00e9e aux massages de confort musculaire, articulaire et aussi de d\u00e9tente. Les effets de l\u2019arnica aident \u00e0 calmer les douleurs et favorise la relaxation des muscles.","_seopress_robots_index":""},"pwb-brand":[],"product_brand":[],"product_cat":[1330,1345,1339,1360],"product_tag":[1405,1407,1403,1401,1402,1409,1406],"product_folder":[],"class_list":{"0":"post-23130","1":"product","2":"type-product","3":"status-publish","4":"has-post-thumbnail","6":"product_cat-alle-massageliegen-massage-ausstattungen","7":"product_cat-alles-massagezubehor","8":"product_cat-massageole","9":"product_cat-schweizer-massageole","10":"product_tag-heizung","11":"product_tag-knochensetzer","12":"product_tag-massageol","13":"product_tag-massageole","14":"product_tag-ole","15":"product_tag-sorge","16":"product_tag-sport","18":"first","19":"instock","20":"purchasable","21":"product-type-variable"},"exclude_global_add_ons":[],"addons":[],"brands":[],"_links":{"self":[{"href":"https:\/\/swissmassage.ch\/de\/wp-json\/wp\/v2\/product\/23130","targetHints":{"allow":["GET"]}}],"collection":[{"href":"https:\/\/swissmassage.ch\/de\/wp-json\/wp\/v2\/product"}],"about":[{"href":"https:\/\/swissmassage.ch\/de\/wp-json\/wp\/v2\/types\/product"}],"wp:featuredmedia":[{"embeddable":true,"href":"https:\/\/swissmassage.ch\/de\/wp-json\/wp\/v2\/media\/23149"}],"wp:attachment":[{"href":"https:\/\/swissmassage.ch\/de\/wp-json\/wp\/v2\/media?parent=23130"}],"wp:term":[{"taxonomy":"pwb-brand","embeddable":true,"href":"https:\/\/swissmassage.ch\/de\/wp-json\/wp\/v2\/pwb-brand?post=23130"},{"taxonomy":"product_brand","embeddable":true,"href":"https:\/\/swissmassage.ch\/de\/wp-json\/wp\/v2\/product_brand?post=23130"},{"taxonomy":"product_cat","embeddable":true,"href":"https:\/\/swissmassage.ch\/de\/wp-json\/wp\/v2\/product_cat?post=23130"},{"taxonomy":"product_tag","embeddable":true,"href":"https:\/\/swissmassage.ch\/de\/wp-json\/wp\/v2\/product_tag?post=23130"},{"taxonomy":"product_folder","embeddable":true,"href":"https:\/\/swissmassage.ch\/de\/wp-json\/wp\/v2\/product_folder?post=23130"}],"curies":[{"name":"wp","href":"https:\/\/api.w.org\/{rel}","templated":true}]}}