{"id":23364,"date":"2026-05-01T09:54:01","date_gmt":"2026-05-01T07:54:01","guid":{"rendered":"https:\/\/swissmassage.ch\/?post_type=product&#038;p=23364"},"modified":"2026-05-01T09:54:02","modified_gmt":"2026-05-01T07:54:02","slug":"arnica-massageol","status":"publish","type":"product","link":"https:\/\/swissmassage.ch\/de\/produkt\/arnica-massageol\/","title":{"rendered":"Arnica-Massage\u00f6l"},"content":{"rendered":"<h2>Das \u201eArnica\u201c-Massage\u00f6l<\/h2>\n<p>Das \u201eArnica\u201c-Massage\u00f6l ist f\u00fcr Muskel- und Gelenkmassagen sowie f\u00fcr Entspannung gedacht. Die Wirkung von Arnika und diesen \u00e4therischen \u00d6len hilft, Schmerzen zu lindern und die Muskelentspannung zu f\u00f6rdern. <\/p>\n<h2>Beschreibung<\/h2>\n<p>Arnica-Massage\u00f6l ist sowohl f\u00fcr Therapeuten als auch f\u00fcr Massagen zu Hause ideal.<br \/>\nDie Wirkung des Arnica-Massage\u00f6ls hilft, Muskel- und Gelenkschmerzen zu lindern und f\u00f6rdert Entspannung.<br \/>\nDurch die Massage mit Arnika\u00f6l hilft es, die Muskeln zu entspannen und Schmerzen sowie Kontrakturen vorzubeugen.<br \/>\nAu\u00dferdem sorgt sein leichter, zart blumiger und holziger Duft f\u00fcr ein beruhigendes und belebendes Gef\u00fchl.<\/p>\n<div>\n<p><strong>Einsatz:<\/strong> F\u00fcr Sport- und Komfortmassagen. Kann als Massage\u00f6l oder K\u00f6rperpflege\u00f6l verwendet werden.<br \/>\n<strong>Geruch: <\/strong> Lavendel, Tanne und leicht krautig mit Arnika<br \/>\n<strong>Eigenschaften<\/strong> : N\u00e4hrt, gl\u00e4ttet und beruhigt die Haut dank der Vitamine E und D sowie nat\u00fcrlich enthaltenen Omega 3, 6 und 9.<br \/>\n<strong>Textur<\/strong> : Ideal zum Massieren, hat einen samtigen Griff, ohne einen Fettfilm zu hinterlassen.<br \/>\n<strong>Nat\u00fcrlich<\/strong> : 100%<br \/>\n<strong>Bio:<\/strong> 99,3 %<br \/>\n<strong>\u00c4therisches \u00d6l<\/strong> : Arnica-Extrakt, Lavandin grosso, sibirische Tanne und Copaiba<br \/>\n<strong>Vorsichtsma\u00dfnahmen<\/strong> : Nicht empfohlen w\u00e4hrend der Schwangerschaft, Stillzeit und bei Kindern unter 6 Jahren.<br \/>\n<strong>Inhaltsstoffe<\/strong> : Sonnenblumenkern\u00f6l, Oliven\u00f6l, Parf\u00fcm (\u00e4therische \u00d6lmischung), Arnikabl\u00fctenextrakt, Rosmarinblattextrakt<em><br \/>\n<\/em><\/p>\n<h2>Gebrauchsanweisung<strong><br \/>\n<\/strong><\/h2>\n<h3><strong>Massage\u00f6l f\u00fcr Therapeuten, aber nicht nur!<\/strong><\/h3>\n<p><strong>F\u00fcr eine<span class=\"ILfuVd\" lang=\"fr\"><span class=\"hgKElc\"> Massage: <\/span><\/span> <\/strong><span class=\"ILfuVd\" lang=\"fr\"><span class=\"hgKElc\">Benutze die ganze Hand und nicht nur die Fingerspitzen. Variiere die Massagetechniken: Kneten, Effleurage, Klopfen, punktueller Druck oder tiefes Reiben. Dieses \u00d6l kann sowohl f\u00fcr Massagen von Therapeuten als auch f\u00fcr den Gebrauch zu Hause verwendet werden.  <\/span><\/span><\/p>\n<h2>Zusatzinformation<\/h2>\n<p><strong>Kann man Arnica-\u00d6l erhitzen?<\/strong><br \/>\nJa, denn unsere Massage\u00f6le bestehen aus pflanzlichen \u00d6len, die durch das erste Kaltpressen gewonnen werden, unraffiniert und biologisch. Diese Eigenschaften machen sie oxidativ empfindlicher als \u201enormale\/raffinierte\u201c Pflanzen\u00f6le oder Mineral\u00f6le. Es ist m\u00f6glich, Massage\u00f6le leicht und vorzugsweise in kleinen Mengen zu erhitzen, aber wir raten dringend davon ab, \u00d6le \u00fcber 55\u00b0C zu erhitzen.  <\/p>\n<p><strong>Wie lange sind Swissmassage Massage\u00f6le haltbar?<\/strong><br \/>\nSwissmassage-Massage\u00f6le k\u00f6nnen 12 Monate nach der \u00d6ffnung aufbewahrt werden. Nach diesem Datum empfehlen wir, das Produkt zu riechen, um seinen Zustand zu \u00fcberpr\u00fcfen, da es noch lange verwendet werden kann.<br \/>\nSchlechte Lagerbedingungen k\u00f6nnen die Haltbarkeit verk\u00fcrzen. Um die Qualit\u00e4t der Massage\u00f6le zu erhalten, muss der Deckel fest auf der Originalflasche geschlossen und vor Luft, Hitze und Licht gesch\u00fctzt sein.  <\/p>\n<p><strong>Ist Arnica-Massage\u00f6l photosensibilisierend?<\/strong><br \/>\nNein, denn Arnica-Massage\u00f6l sowie alle Swissmassage-\u00d6le enthalten keine \u00e4therischen \u00d6le, die als photosensibilisierend bekannt sind.<\/p>\n<\/div>\n","protected":false},"excerpt":{"rendered":"<p>Das \u201eArnica\u201c-Massage\u00f6l Das \u201eArnica\u201c-Massage\u00f6l ist f\u00fcr Muskel- und Gelenkmassagen sowie f\u00fcr Entspannung gedacht. Die Wirkung von Arnika und diesen \u00e4therischen \u00d6len hilft, Schmerzen zu lindern und die Muskelentspannung zu f\u00f6rdern. Beschreibung Arnica-Massage\u00f6l ist sowohl f\u00fcr Therapeuten als auch f\u00fcr Massagen zu Hause ideal. Die Wirkung des Arnica-Massage\u00f6ls hilft, Muskel- und Gelenkschmerzen zu lindern und f\u00f6rdert&hellip;<\/p>\n","protected":false},"featured_media":23149,"template":"","meta":{"_seopress_robots_primary_cat":"","_seopress_titles_title":"Huile de massage Arnica - Swissmassage","_seopress_titles_desc":"L\u2019huile de massage \u201cArnica\u201d est destin\u00e9e aux massages de confort musculaire, articulaire et aussi de d\u00e9tente. Les effets de l\u2019arnica aident \u00e0 calmer les douleurs et favorise la relaxation des muscles.","_seopress_robots_index":""},"pwb-brand":[],"product_brand":[],"product_cat":[1330,1345,1339,1360],"product_tag":[1405,1407,1403,1401,1402,1409,1406],"product_folder":[],"class_list":{"0":"post-23364","1":"product","2":"type-product","3":"status-publish","4":"has-post-thumbnail","6":"product_cat-alle-massageliegen-massage-ausstattungen","7":"product_cat-alles-massagezubehor","8":"product_cat-massageole","9":"product_cat-schweizer-massageole","10":"product_tag-heizung","11":"product_tag-knochensetzer","12":"product_tag-massageol","13":"product_tag-massageole","14":"product_tag-ole","15":"product_tag-sorge","16":"product_tag-sport","18":"first","19":"instock","20":"taxable","21":"shipping-taxable","22":"purchasable","23":"product-type-simple"},"exclude_global_add_ons":[],"addons":[],"brands":[],"_links":{"self":[{"href":"https:\/\/swissmassage.ch\/de\/wp-json\/wp\/v2\/product\/23364","targetHints":{"allow":["GET"]}}],"collection":[{"href":"https:\/\/swissmassage.ch\/de\/wp-json\/wp\/v2\/product"}],"about":[{"href":"https:\/\/swissmassage.ch\/de\/wp-json\/wp\/v2\/types\/product"}],"wp:featuredmedia":[{"embeddable":true,"href":"https:\/\/swissmassage.ch\/de\/wp-json\/wp\/v2\/media\/23149"}],"wp:attachment":[{"href":"https:\/\/swissmassage.ch\/de\/wp-json\/wp\/v2\/media?parent=23364"}],"wp:term":[{"taxonomy":"pwb-brand","embeddable":true,"href":"https:\/\/swissmassage.ch\/de\/wp-json\/wp\/v2\/pwb-brand?post=23364"},{"taxonomy":"product_brand","embeddable":true,"href":"https:\/\/swissmassage.ch\/de\/wp-json\/wp\/v2\/product_brand?post=23364"},{"taxonomy":"product_cat","embeddable":true,"href":"https:\/\/swissmassage.ch\/de\/wp-json\/wp\/v2\/product_cat?post=23364"},{"taxonomy":"product_tag","embeddable":true,"href":"https:\/\/swissmassage.ch\/de\/wp-json\/wp\/v2\/product_tag?post=23364"},{"taxonomy":"product_folder","embeddable":true,"href":"https:\/\/swissmassage.ch\/de\/wp-json\/wp\/v2\/product_folder?post=23364"}],"curies":[{"name":"wp","href":"https:\/\/api.w.org\/{rel}","templated":true}]}}