{"id":18164,"date":"2025-01-23T08:53:28","date_gmt":"2025-01-23T07:53:28","guid":{"rendered":"https:\/\/swissmassage.ch\/?post_type=product&#038;p=18164"},"modified":"2025-01-23T09:05:20","modified_gmt":"2025-01-23T08:05:20","slug":"medical-examination-table-model-healthy-on-sale-copie","status":"publish","type":"product","link":"https:\/\/swissmassage.ch\/en\/products\/medical-examination-table-model-healthy-on-sale-copie\/","title":{"rendered":"Medical Examination Table Model Healthy Clearance demo model with 1 year warranty"},"content":{"rendered":"<h2>Medical examination table and treatment table with electric motor for height adjustment.<\/h2>\n<p>Practical, simple and reliable, the electric medical examination table for general practitioners is adjustable in height by foot control from 46 to 94 cm.<br \/>\nThese dimensions, 66 cm wide and 195 cm long, provide comfort to the patient while giving proximity to the doctor.<br \/>\nIts 5 cm thick foam for a density of 36 Kg\/m3 gives comfort and relaxation.<br \/>\nThe backrest, which can be lifted by a gas spring, allows the patient to be examined in a seated position.<br \/>\nIt is equipped with the face hole and its cap for the practice of treatments in prone positions.<br \/>\nIts height of 94 cm allows for precise ocultation, especially in dermatology.<br \/>\nThe treatment table weighs 65 Kg.<br \/>\nit supports up to 225 Kg.<br \/>\nIts PVC-MED coating is medical standard, so it can be used in hospital settings.<br \/>\nCertification 93\/42\/EEC Medical Devices Directive.<\/p>\n<h3>Healthy Medical Table Video<\/h3>\n<div style=\"width: 848px;\" class=\"wp-video\"><video class=\"wp-video-shortcode\" id=\"video-18164-1\" width=\"848\" height=\"480\" preload=\"auto\" controls=\"controls\"><source type=\"video\/mp4\" src=\"https:\/\/swissmassage.ch\/wp-content\/uploads\/Video-table-medicale-Suisse.mp4?_=1\" \/><a href=\"https:\/\/swissmassage.ch\/wp-content\/uploads\/Video-table-medicale-Suisse.mp4\">https:\/\/swissmassage.ch\/wp-content\/uploads\/Video-table-medicale-Suisse.mp4<\/a><\/video><\/div>\n","protected":false},"excerpt":{"rendered":"<p>Medical examination table and treatment table with electric motor for height adjustment. Practical, simple and reliable, the electric medical examination table for general practitioners is adjustable in height by foot control from 46 to 94 cm. These dimensions, 66 cm wide and 195 cm long, provide comfort to the patient while giving proximity to the&hellip;<\/p>\n","protected":false},"featured_media":14462,"template":"","meta":{"_seopress_robots_primary_cat":"none","_seopress_titles_title":"Table d'examen m\u00e9dical Mod\u00e8le Healthy en promotion","_seopress_titles_desc":"Pratique, simple, fiable, la table d'examens m\u00e9dicaux \u00e9lectrique de soins pour m\u00e9decins g\u00e9n\u00e9ralistes est r\u00e9glable en hauteur par commande \u00e0 pieds de 46 \u00e0 94 cm.","_seopress_robots_index":""},"pwb-brand":[],"product_brand":[],"product_cat":[],"product_tag":[],"product_folder":[],"class_list":{"0":"post-18164","1":"product","2":"type-product","3":"status-publish","4":"has-post-thumbnail","7":"first","8":"instock","9":"sale","10":"taxable","11":"shipping-taxable","12":"purchasable","13":"product-type-simple"},"exclude_global_add_ons":false,"addons":[{"name":"Medical Examination Paper Dispenser","type":"multiple_choice","position":0,"required":false,"title_format":"label","description_enable":false,"description":"","placeholder_enable":false,"placeholder":"","display":"images","restrictions_type":"any_text","adjust_price":false,"price":"","price_type":"flat_fee","restrictions":false,"min":0,"max":0,"options":[{"label":"With Medical Examination Paper Dispenser","price":"80","price_type":"flat_fee","image":8506}],"id":1718011518}],"brands":[],"_links":{"self":[{"href":"https:\/\/swissmassage.ch\/en\/wp-json\/wp\/v2\/product\/18164","targetHints":{"allow":["GET"]}}],"collection":[{"href":"https:\/\/swissmassage.ch\/en\/wp-json\/wp\/v2\/product"}],"about":[{"href":"https:\/\/swissmassage.ch\/en\/wp-json\/wp\/v2\/types\/product"}],"wp:featuredmedia":[{"embeddable":true,"href":"https:\/\/swissmassage.ch\/en\/wp-json\/wp\/v2\/media\/14462"}],"wp:attachment":[{"href":"https:\/\/swissmassage.ch\/en\/wp-json\/wp\/v2\/media?parent=18164"}],"wp:term":[{"taxonomy":"pwb-brand","embeddable":true,"href":"https:\/\/swissmassage.ch\/en\/wp-json\/wp\/v2\/pwb-brand?post=18164"},{"taxonomy":"product_brand","embeddable":true,"href":"https:\/\/swissmassage.ch\/en\/wp-json\/wp\/v2\/product_brand?post=18164"},{"taxonomy":"product_cat","embeddable":true,"href":"https:\/\/swissmassage.ch\/en\/wp-json\/wp\/v2\/product_cat?post=18164"},{"taxonomy":"product_tag","embeddable":true,"href":"https:\/\/swissmassage.ch\/en\/wp-json\/wp\/v2\/product_tag?post=18164"},{"taxonomy":"product_folder","embeddable":true,"href":"https:\/\/swissmassage.ch\/en\/wp-json\/wp\/v2\/product_folder?post=18164"}],"curies":[{"name":"wp","href":"https:\/\/api.w.org\/{rel}","templated":true}]}}