{"id":166,"date":"2020-07-20T08:26:41","date_gmt":"2020-07-20T08:26:41","guid":{"rendered":"https:\/\/restoration.fuelthemes.net\/?page_id=166"},"modified":"2025-05-30T11:56:21","modified_gmt":"2025-05-30T09:56:21","slug":"contact","status":"publish","type":"page","link":"https:\/\/swissmassage.ch\/fr\/contact\/","title":{"rendered":"Contact"},"content":{"rendered":"\n<p>Vous avez une question ? Chez Swissmassage, nous sommes toujours pr\u00eats \u00e0 vous aider. Que ce soit pour des informations sur nos \u00e9quipements ou des conseils personnalis\u00e9s, notre \u00e9quipe est \u00e0 votre disposition.<\/p>\n\n\n\n<p>Nous vous accueillons sur rendez-vous du lundi au vendredi, de 8h \u00e0 12h et de 13h30 \u00e0 17h, dans notre showroom \u00e0 Aigle. Venez d\u00e9couvrir nos tables de massage et \u00e9changer directement avec nos sp\u00e9cialistes.<\/p>\n\n\n\n<p>Si vous ne pouvez pas vous d\u00e9placer ou si vous avez une question sp\u00e9cifique, n&rsquo;h\u00e9sitez pas \u00e0 utiliser notre formulaire de contact ou \u00e0 nous t\u00e9l\u00e9phoner au <a href=\"tel:0245644646\">024 564 46 46<\/a>.<\/p>\n\n\n\n<div style=\"height:32px\" aria-hidden=\"true\" class=\"wp-block-spacer\"><\/div>\n\n\n\n<div class=\"wp-block-columns is-layout-flex wp-container-core-columns-is-layout-9d6595d7 wp-block-columns-is-layout-flex\">\n<div class=\"wp-block-column is-layout-flow wp-block-column-is-layout-flow\" style=\"flex-basis:60%\">\n<h2 class=\"wp-block-heading\">\u00c9crivez-nous<\/h2>\n\n\n<div class=\"wpforms-container wpforms-container-full wpforms-block wpforms-block-2d321103-739d-4b2b-ba23-b134327d8bac wpforms-render-modern\" id=\"wpforms-10383\"><form id=\"wpforms-form-10383\" class=\"wpforms-validate wpforms-form wpforms-ajax-form\" data-formid=\"10383\" method=\"post\" enctype=\"multipart\/form-data\" action=\"\/fr\/wp-json\/wp\/v2\/pages\/166\" data-token=\"2b7de39e5ef4ee59bbc6676bc1baeca8\" data-token-time=\"1777030183\"><noscript class=\"wpforms-error-noscript\">Veuillez activer JavaScript dans votre navigateur pour remplir ce formulaire.<\/noscript><div id=\"wpforms-error-noscript\" style=\"display: none;\">Veuillez activer JavaScript dans votre navigateur pour remplir ce formulaire.<\/div><div class=\"wpforms-field-container\"><div id=\"wpforms-10383-field_0-container\" class=\"wpforms-field wpforms-field-name\" data-field-id=\"0\"><label class=\"wpforms-field-label\" for=\"wpforms-10383-field_0\">Nom et Pr\u00e9nom <span class=\"wpforms-required-label\" aria-hidden=\"true\">*<\/span><\/label><input type=\"text\" id=\"wpforms-10383-field_0\" class=\"wpforms-field-medium wpforms-field-required\" name=\"wpforms[fields][0]\" aria-errormessage=\"wpforms-10383-field_0-error\" required><\/div><div id=\"wpforms-10383-field_1-container\" class=\"wpforms-field wpforms-field-email\" data-field-id=\"1\"><label class=\"wpforms-field-label\" for=\"wpforms-10383-field_1\">E-mail <span class=\"wpforms-required-label\" aria-hidden=\"true\">*<\/span><\/label><input type=\"email\" id=\"wpforms-10383-field_1\" class=\"wpforms-field-medium wpforms-field-required\" name=\"wpforms[fields][1]\" spellcheck=\"false\" aria-errormessage=\"wpforms-10383-field_1-error\" required><\/div><div id=\"wpforms-10383-field_8-container\" class=\"wpforms-field wpforms-field-text\" data-field-id=\"8\"><label class=\"wpforms-field-label\" for=\"wpforms-10383-field_8\">Code postal <span class=\"wpforms-required-label\" aria-hidden=\"true\">*<\/span><\/label><input type=\"text\" id=\"wpforms-10383-field_8\" class=\"wpforms-field-medium wpforms-field-required\" name=\"wpforms[fields][8]\" aria-errormessage=\"wpforms-10383-field_8-error\" required><\/div><div id=\"wpforms-10383-field_7-container\" class=\"wpforms-field wpforms-field-text\" data-field-id=\"7\"><label class=\"wpforms-field-label\" for=\"wpforms-10383-field_7\">Num\u00e9ro de t\u00e9l\u00e9phone <span class=\"wpforms-required-label\" aria-hidden=\"true\">*<\/span><\/label><input type=\"text\" id=\"wpforms-10383-field_7\" class=\"wpforms-field-medium wpforms-field-required\" name=\"wpforms[fields][7]\" placeholder=\"079 111 22 33\" aria-errormessage=\"wpforms-10383-field_7-error\" required><\/div><div id=\"wpforms-10383-field_2-container\" class=\"wpforms-field wpforms-field-textarea\" data-field-id=\"2\"><label class=\"wpforms-field-label\" for=\"wpforms-10383-field_2\">Des questions pr\u00e9cises ? <span class=\"wpforms-required-label\" aria-hidden=\"true\">*<\/span><\/label><textarea id=\"wpforms-10383-field_2\" class=\"wpforms-field-small wpforms-field-required\" name=\"wpforms[fields][2]\" placeholder=\"Des questions sur nos \u00e9quipements, nos d\u00e9lais de livraison, ...\" aria-errormessage=\"wpforms-10383-field_2-error\" required><\/textarea><\/div><\/div><!-- .wpforms-field-container --><div class=\"wpforms-recaptcha-container wpforms-is-recaptcha wpforms-is-recaptcha-type-v2\" ><div class=\"g-recaptcha\" data-sitekey=\"6Lcv7NEpAAAAAJbhRavDv-G2eU0F3zAcwKx0w7K3\"><\/div><input type=\"text\" name=\"g-recaptcha-hidden\" class=\"wpforms-recaptcha-hidden\" style=\"position:absolute!important;clip:rect(0,0,0,0)!important;height:1px!important;width:1px!important;border:0!important;overflow:hidden!important;padding:0!important;margin:0!important;\" data-rule-recaptcha=\"1\"><\/div><div class=\"wpforms-submit-container\" ><input type=\"hidden\" name=\"wpforms[id]\" value=\"10383\"><input type=\"hidden\" name=\"page_title\" value=\"\"><input type=\"hidden\" name=\"page_url\" value=\"https:\/\/swissmassage.ch\/fr\/wp-json\/wp\/v2\/pages\/166\"><input type=\"hidden\" name=\"url_referer\" value=\"\"><button type=\"submit\" name=\"wpforms[submit]\" id=\"wpforms-submit-10383\" class=\"wpforms-submit\" data-alt-text=\"Envoi...\" data-submit-text=\"Envoyer\" aria-live=\"assertive\" value=\"wpforms-submit\">Envoyer<\/button><img loading=\"lazy\" decoding=\"async\" src=\"https:\/\/swissmassage.ch\/wp-content\/plugins\/wpforms-lite\/assets\/images\/submit-spin.svg\" class=\"wpforms-submit-spinner\" style=\"display: none;\" width=\"26\" height=\"26\" alt=\"Chargement en cours\"><\/div><\/form><\/div>  <!-- .wpforms-container --><\/div>\n\n\n\n<div class=\"wp-block-column is-layout-flow wp-block-column-is-layout-flow\">\n\n<p><strong>Swissmassage S\u00e0rl<\/strong><\/p>\n\n\n<p><a href=\"https:\/\/maps.app.goo.gl\/JwPKhmhzqsshMz3r5\" target=\"_blank\" rel=\"noreferrer noopener\">Chemin des \u00eeles 16<br>1860 Aigle. lien Google maps<\/a><br><br>T\u00e9l\u00e9phone : <a href=\"tel:0245644646\" data-type=\"tel\" data-id=\"tel:0245644646\">024 564 46 46<\/a><br>E-mail : <a href=\"mailto:info@swissmassage.ch\">info@swissmassage.ch<\/a><\/p>\n\n\n<p><strong>Nos horaires d&rsquo;ouverture<\/strong><\/p>\n\n\n<p>Du lundi au vendredi :<\/p>\n\n\n<p><strong>08:00 &#8211; 12:00 | 13:30 &#8211; 17:00<\/strong><\/p>\n\n<iframe src=\"https:\/\/www.google.com\/maps\/embed?pb=!1m18!1m12!1m3!1d4684.086057041466!2d6.940948177430204!3d46.297690577440946!2m3!1f0!2f0!3f0!3m2!1i1024!2i768!4f13.1!3m3!1m2!1s0x478ebcfbb9b226c7%3A0xbf2fe198b88d2fcd!2sSwissmassage%20S%C3%A0rl!5e1!3m2!1sfr!2sch!4v1748598933202!5m2!1sfr!2sch\" width=\"600\" height=\"450\" style=\"border:0;\" allowfullscreen=\"\" loading=\"lazy\" referrerpolicy=\"no-referrer-when-downgrade\"><\/iframe>\n\n<p><\/p>\n\n<\/div>\n<\/div>\n","protected":false},"excerpt":{"rendered":"<p>Vous avez une question ? Chez Swissmassage, nous sommes toujours pr\u00eats \u00e0 vous aider. Que ce soit pour des informations sur nos \u00e9quipements ou des conseils personnalis\u00e9s, notre \u00e9quipe est \u00e0 votre disposition. Nous vous accueillons sur rendez-vous du lundi au vendredi, de 8h \u00e0 12h et de 13h30 \u00e0 17h, dans notre showroom \u00e0&hellip;<\/p>\n","protected":false},"author":1,"featured_media":0,"parent":0,"menu_order":0,"comment_status":"closed","ping_status":"closed","template":"template-pagetitle.php","meta":{"_seopress_robots_primary_cat":"","_seopress_titles_title":"Contactez-nous %%sep%% %%sitename%%","_seopress_titles_desc":"Une question ? Notre \u00e9quipe se fera un plaisir de vous aider. E-mail, t\u00e9l\u00e9phone, formulaire de contact, choisissez votre moyen de contact.","_seopress_robots_index":"","footnotes":""},"folder":[],"class_list":["post-166","page","type-page","status-publish","hentry"],"_links":{"self":[{"href":"https:\/\/swissmassage.ch\/fr\/wp-json\/wp\/v2\/pages\/166","targetHints":{"allow":["GET"]}}],"collection":[{"href":"https:\/\/swissmassage.ch\/fr\/wp-json\/wp\/v2\/pages"}],"about":[{"href":"https:\/\/swissmassage.ch\/fr\/wp-json\/wp\/v2\/types\/page"}],"author":[{"embeddable":true,"href":"https:\/\/swissmassage.ch\/fr\/wp-json\/wp\/v2\/users\/1"}],"replies":[{"embeddable":true,"href":"https:\/\/swissmassage.ch\/fr\/wp-json\/wp\/v2\/comments?post=166"}],"version-history":[{"count":46,"href":"https:\/\/swissmassage.ch\/fr\/wp-json\/wp\/v2\/pages\/166\/revisions"}],"predecessor-version":[{"id":19153,"href":"https:\/\/swissmassage.ch\/fr\/wp-json\/wp\/v2\/pages\/166\/revisions\/19153"}],"wp:attachment":[{"href":"https:\/\/swissmassage.ch\/fr\/wp-json\/wp\/v2\/media?parent=166"}],"wp:term":[{"taxonomy":"folder","embeddable":true,"href":"https:\/\/swissmassage.ch\/fr\/wp-json\/wp\/v2\/folder?post=166"}],"curies":[{"name":"wp","href":"https:\/\/api.w.org\/{rel}","templated":true}]}}