{"id":10090,"date":"2024-03-30T16:31:36","date_gmt":"2024-03-30T15:31:36","guid":{"rendered":"https:\/\/swissmassage.ch\/?post_type=product&#038;p=10090"},"modified":"2026-04-02T16:03:12","modified_gmt":"2026-04-02T14:03:12","slug":"huile-de-massage-les-romarins","status":"publish","type":"product","link":"https:\/\/swissmassage.ch\/fr\/produits\/huile-de-massage-les-romarins\/","title":{"rendered":"Huile de massage Les Romarins"},"content":{"rendered":"<h2>L\u2019huile de massage \u201cLes Romarins\u201d<\/h2>\n<p>Elle est destin\u00e9e aux massages de confort musculaire, articulaire et aussi de d\u00e9tente. L\u2019effet de ses huiles essentielles calme les douleurs et favorise la relaxation des muscles.<\/p>\n<h2>Description<\/h2>\n<p>L\u2019huile de massage Les Romarins convient parfaitement pour les th\u00e9rapeutes ainsi que pour les massages \u00e0 la maison.<\/p>\n<p>L\u2019action de l\u2019huile de massage \u00ab Les Romarin \u00bb est similaire \u00e0 l\u2019huile de massage \u201cGaulth\u00e9rie\u201d mais sans effet chauffant. De plus son parfum est plus d\u00e9licat et aromatique. Elle aide \u00e0 soulager les douleurs musculaires et articulaires et stimule la circulation sanguine.<\/p>\n<div>\n<p><strong>Utilisation<\/strong> : Massages de confort et sportifs, favorise l\u2019\u00e9limination des toxines. S\u2019utilise comme huile de massage ou huile de soin pour le corps.<br \/>\n<strong>Parfum<\/strong>: Aromatique de romarin, l\u00e9g\u00e8rement citronn\u00e9<br \/>\n<strong>Propri\u00e9t\u00e9s<\/strong> : Nourrit, lisse et apaise la peau en raison de ses Vitamines E et D ainsi que des Om\u00e9ga 3, 6 et 9 contenus naturellement.<br \/>\n<strong>Texture<\/strong> : Id\u00e9ale pour masser, poss\u00e8de un toucher velours sans laisser de film gras.<br \/>\n<strong>Naturel<\/strong> : 100%<br \/>\n<strong>Biologique<\/strong> : 99.8%<br \/>\n<strong>Huile essentielle<\/strong> : Romarin, Eucalyptus citronn\u00e9, Gen\u00e9vrier, Lits\u00e9e<br \/>\n<strong>Pr\u00e9cautions<\/strong> : D\u00e9conseill\u00e9 pendant la grossesse, l\u2019allaitement et chez les enfants de moins de 6 ans.<br \/>\n<strong>Ingr\u00e9dients<\/strong> : Huile de Tournesol, Huile d\u2019Olive, Huiles essentielles (Romarin cin\u00e9ol, Gen\u00e9vrier, Eucalyptus citronn\u00e9 et Lits\u00e9e), Extrait de Romarin CO2<em><br \/>\n<\/em><\/p>\n<h2>Conseils d\u2019utilisation<strong><br \/>\n<\/strong><\/h2>\n<h3><strong>Huile de Massage pour Th\u00e9rapeutes mais pas seulement !<\/strong><\/h3>\n<p><strong>Pour un<span class=\"ILfuVd\" lang=\"fr\"><span class=\"hgKElc\"> massage: <\/span><\/span><\/strong><span class=\"ILfuVd\" lang=\"fr\"><span class=\"hgKElc\">Utilisez la main enti\u00e8re et non simplement le bout des doigts. Variez les techniques de massage : p\u00e9trissage, effleurage, tapotements, pressions ponctuelles ou frottements profonds. Cette huile s\u2019utilise aussi bien pour les Massages fait par les Th\u00e9rapeutes que pour une utilisation \u00e0 la maison.<\/span><\/span><\/p>\n<h2>Informations compl\u00e9mentaires<\/h2>\n<p><strong>Peut-on chauffer l\u2019huile Romarin ?<\/strong><br \/>\nOui car nos huiles de massage sont compos\u00e9es d\u2019huiles v\u00e9g\u00e9tales obtenues par premi\u00e8re pression \u00e0 froid, non raffin\u00e9es et biologiques, ces caract\u00e9ristiques en font des huiles plus sensibles \u00e0 l\u2019oxydation que des huiles v\u00e9g\u00e9tales \u00ab ordinaires\/raffin\u00e9es \u00bb ou que de l\u2019huile min\u00e9rale. Il est possible de chauffer l\u00e9g\u00e8rement les huiles de massage et de pr\u00e9f\u00e9rence par petites quantit\u00e9s mais toutefois nous d\u00e9conseillons fortement au-del\u00e0 de 55\u00b0C.<\/p>\n<p><strong>Combien de temps se conservent les huiles de massage Swissmassage?<\/strong><br \/>\nLes huiles de massage Swissmassage se conservent 12 mois apr\u00e8s ouverture, toutefois au-del\u00e0 de cette date, nous conseillons de sentir le produit pour en v\u00e9rifier l\u2019\u00e9tat car elles peuvent encore s\u2019utiliser durant une longue p\u00e9riode.<br \/>\nDe mauvaises conditions de stockage peuvent diminuer le temps de conservation. Pour pr\u00e9server la qualit\u00e9 des huiles de massage, il faut que le bouchon soit bien ferm\u00e9 sur son flacon d\u2019origine et \u00e0 l\u2019abri de l\u2019air, de la chaleur et de la lumi\u00e8re.<\/p>\n<p><strong>Est-ce que l\u2019huile de massage Les Romarins est photosensibilisante?<\/strong><br \/>\nNon car l\u2019 huile de massage Les Romarins ainsi que toutes les huiles Swissmassage ne contiennent pas d\u2019huiles essentielles reconnues comme photosensibilisantes.<\/p>\n<h2>Philosophie de l&rsquo;huile de massage Les Romarins<\/h2>\n<p>L&rsquo;huile de massage Les Romarins est un tr\u00e9sor de bienfaits pour le corps et l&rsquo;esprit, puisant ses vertus dans une s\u00e9lection minutieuse d&rsquo;ingr\u00e9dients naturels et biologiques. Avec son m\u00e9lange d&rsquo;huiles v\u00e9g\u00e9tales de tournesol et d&rsquo;olive, enrichi de l&rsquo;huile essentielle de romarin, de gen\u00e9vrier, d&rsquo;eucalyptus citronn\u00e9 et de litsea cubeba, cette huile offre une exp\u00e9rience de massage rafra\u00eechissante et revitalisante.<br \/>\nLe romarin est la pierre angulaire de cette huile, connu pour ses propri\u00e9t\u00e9s stimulantes et tonifiantes. Son parfum vivifiant \u00e9veille les sens et revitalise l&rsquo;esprit, tandis que ses propri\u00e9t\u00e9s toniques apportent une sensation de fra\u00eecheur et de vitalit\u00e9 \u00e0 la peau.<br \/>\nLe gen\u00e9vrier et l&rsquo;eucalyptus citronn\u00e9 compl\u00e8tent l&rsquo;action stimulante du romarin en apportant leurs vertus purifiantes et revigorantes. Ces huiles essentielles aident \u00e0 d\u00e9toxifier la peau en profondeur, stimulant la circulation sanguine et favorisant l&rsquo;\u00e9limination des toxines.<br \/>\nQuant \u00e0 l&rsquo;huile essentielle de litsea cubeba, elle ajoute une note agr\u00e9ablement citronn\u00e9e \u00e0 l&rsquo;ensemble, cr\u00e9ant une atmosph\u00e8re rafra\u00eechissante et \u00e9nergisante. Son parfum joyeux et vivifiant apaise l&rsquo;esprit et \u00e9veille les sens, offrant une sensation de bien-\u00eatre g\u00e9n\u00e9ral.<br \/>\nEnsemble, ces ingr\u00e9dients naturels et biologiques font de l&rsquo;huile de massage Les Romarins un choix id\u00e9al pour revigorer le corps et l&rsquo;esprit. Que ce soit pour soulager les muscles fatigu\u00e9s apr\u00e8s l&rsquo;effort, pour stimuler la circulation ou simplement pour se ressourcer apr\u00e8s une journ\u00e9e charg\u00e9e, cette huile vous enveloppe d&rsquo;une fra\u00eecheur tonifiante et vous transporte vers un \u00e9tat de bien-\u00eatre et de vitalit\u00e9.<\/p>\n<\/div>\n","protected":false},"excerpt":{"rendered":"<p>L\u2019huile de massage \u201cLes Romarins\u201d Elle est destin\u00e9e aux massages de confort musculaire, articulaire et aussi de d\u00e9tente. L\u2019effet de ses huiles essentielles calme les douleurs et favorise la relaxation des muscles. Description L\u2019huile de massage Les Romarins convient parfaitement pour les th\u00e9rapeutes ainsi que pour les massages \u00e0 la maison. L\u2019action de l\u2019huile de&hellip;<\/p>\n","protected":false},"featured_media":17557,"template":"","meta":{"_seopress_robots_primary_cat":"none","_seopress_titles_title":"","_seopress_titles_desc":"Elle est destin\u00e9e aux massages de confort musculaire, articulaire et aussi de d\u00e9tente. L\u2019effet de ses huiles essentielles calme les douleurs et favorise la relaxation des muscles.","_seopress_robots_index":""},"pwb-brand":[],"product_brand":[],"product_cat":[1273,1298,1079,1075],"product_tag":[1111,1295,1293,1292,1303,1305,1302],"product_folder":[],"class_list":{"0":"post-10090","1":"product","2":"type-product","3":"status-publish","4":"has-post-thumbnail","6":"product_cat-huiles-de-massage","7":"product_cat-huiles-de-massage-suisses","8":"product_cat-tous-les-accessoires-de-massage","9":"product_cat-tous-les-articles-de-massage","10":"product_tag-chauffante","11":"product_tag-huile-de-massage","12":"product_tag-huiles","13":"product_tag-huiles-de-massage","14":"product_tag-rebouteux","15":"product_tag-soins","16":"product_tag-sportifs","18":"first","19":"instock","20":"purchasable","21":"product-type-variable"},"exclude_global_add_ons":[],"addons":[],"brands":[],"_links":{"self":[{"href":"https:\/\/swissmassage.ch\/fr\/wp-json\/wp\/v2\/product\/10090","targetHints":{"allow":["GET"]}}],"collection":[{"href":"https:\/\/swissmassage.ch\/fr\/wp-json\/wp\/v2\/product"}],"about":[{"href":"https:\/\/swissmassage.ch\/fr\/wp-json\/wp\/v2\/types\/product"}],"wp:featuredmedia":[{"embeddable":true,"href":"https:\/\/swissmassage.ch\/fr\/wp-json\/wp\/v2\/media\/17557"}],"wp:attachment":[{"href":"https:\/\/swissmassage.ch\/fr\/wp-json\/wp\/v2\/media?parent=10090"}],"wp:term":[{"taxonomy":"pwb-brand","embeddable":true,"href":"https:\/\/swissmassage.ch\/fr\/wp-json\/wp\/v2\/pwb-brand?post=10090"},{"taxonomy":"product_brand","embeddable":true,"href":"https:\/\/swissmassage.ch\/fr\/wp-json\/wp\/v2\/product_brand?post=10090"},{"taxonomy":"product_cat","embeddable":true,"href":"https:\/\/swissmassage.ch\/fr\/wp-json\/wp\/v2\/product_cat?post=10090"},{"taxonomy":"product_tag","embeddable":true,"href":"https:\/\/swissmassage.ch\/fr\/wp-json\/wp\/v2\/product_tag?post=10090"},{"taxonomy":"product_folder","embeddable":true,"href":"https:\/\/swissmassage.ch\/fr\/wp-json\/wp\/v2\/product_folder?post=10090"}],"curies":[{"name":"wp","href":"https:\/\/api.w.org\/{rel}","templated":true}]}}