{"id":10111,"date":"2024-03-30T17:47:17","date_gmt":"2024-03-30T16:47:17","guid":{"rendered":"https:\/\/swissmassage.ch\/?post_type=product&#038;p=10111"},"modified":"2026-04-21T10:38:24","modified_gmt":"2026-04-21T08:38:24","slug":"huile-de-massage-cocoon","status":"publish","type":"product","link":"https:\/\/swissmassage.ch\/fr\/produits\/huile-de-massage-cocoon\/","title":{"rendered":"Huile de massage Cocoon"},"content":{"rendered":"<h2>L\u2019huile de massage \u201cCocoon\u201d<\/h2>\n<p>Invitation \u00e0 la d\u00e9tente, l&rsquo;huile de massage Cocoon favorise la relaxation et le l\u00e2cher-prise, sa senteur est douce et fleurie.<\/p>\n<h2>Description<\/h2>\n<p>L\u2019huile de massage Cocoon convient parfaitement pour les th\u00e9rapeutes ainsi que pour les massages \u00e0 la maison.<\/p>\n<p>Les atouts principaux de l\u2019huile de massage \u00ab Cocoon\u00bb est sa senteur qui rappelle la rose et l\u2019orange ainsi que ses effets relaxants. Dos\u00e9e avec justesse, son parfum est envoutant sans \u00eatre ent\u00eatant et laisse une peau d\u00e9licatement parfum\u00e9e.<\/p>\n<div>\n<p><strong>Utilisation<\/strong> : Massages de confort et de d\u00e9tente. S\u2019utilise comme huile de massage ou huile de soin pour le corps.<br \/>\n<strong>Parfum<\/strong>: Doux, fruit\u00e9 et fleuri.<br \/>\n<strong>Propri\u00e9t\u00e9s<\/strong> : Nourrit, lisse et apaise la peau en raison de ses Vitamines E et D ainsi que des Om\u00e9ga 3, 6 et 9 contenus naturellement.<br \/>\n<strong>Texture<\/strong> : Id\u00e9ale pour masser, poss\u00e8de un toucher velours sans laisser de film gras.<br \/>\n<strong>Naturel<\/strong> : 100%<br \/>\n<strong>Biologique<\/strong> : 100%<br \/>\n<strong>Huile essentielle<\/strong> : Petitgrain bigarade, G\u00e9ranium, Ylang ylang<br \/>\n<strong>Pr\u00e9cautions<\/strong> : D\u00e9conseill\u00e9 pendant la grossesse, l\u2019allaitement et chez les enfants de moins de 6 ans.<br \/>\n<strong>Ingr\u00e9dients<\/strong> : Huile de Tournesol, Huile d\u2019Olive, Huiles essentielles (Petitgrain Bigarade, G\u00e9ranium et Ylang), Extrait de Romarin CO2<em><br \/>\n<\/em><\/p>\n<h2>Conseils d\u2019utilisation<strong><br \/>\n<\/strong><\/h2>\n<h3>Huile de Massage pour Th\u00e9rapeutes mais pas seulement !<\/h3>\n<p><strong>Pour un<span class=\"ILfuVd\" lang=\"fr\"><span class=\"hgKElc\"> massage: <\/span><\/span><\/strong><span class=\"ILfuVd\" lang=\"fr\"><span class=\"hgKElc\">Utilisez la main enti\u00e8re et non simplement le bout des doigts. Variez les techniques de massage : p\u00e9trissage, effleurage, tapotements, pressions ponctuelles ou frottements profonds. Cette huile s\u2019utilise aussi bien pour les Massage fait par les Th\u00e9rapeutes que pour une utilisation \u00e0 la maison.<\/span><\/span><\/p>\n<\/div>\n<div>\n<p><strong>Pour hydrater et parfumer la peau:<\/strong> Au quotidien, apr\u00e8s la douche ou le bain, sur une peau encore l\u00e9g\u00e8rement humide, verser quelques gouttes dans le creux de la main et masser doucement jusqu\u2019\u00e0 absorption compl\u00e8te du produit.<\/p>\n<h2>Informations compl\u00e9mentaires<\/h2>\n<p><strong>Peut-on chauffer l\u2019huile Cocoon ?<\/strong><br \/>\nOui car nos huiles de massage sont compos\u00e9es d\u2019huiles v\u00e9g\u00e9tales obtenues par premi\u00e8re pression \u00e0 froid, non raffin\u00e9es et biologiques, ces caract\u00e9ristiques en font des huiles plus sensibles \u00e0 l\u2019oxydation que des huiles v\u00e9g\u00e9tales \u00ab ordinaires\/raffin\u00e9es \u00bb ou que de l\u2019huile min\u00e9rale. Il est possible de chauffer l\u00e9g\u00e8rement les huiles de massage et de pr\u00e9f\u00e9rence par petites quantit\u00e9s mais toutefois nous d\u00e9conseillons fortement au-del\u00e0 de 55\u00b0C.<\/p>\n<p><strong>Combien de temps se conservent les huiles de massage Swissmassage ?<\/strong><br \/>\nLes huiles de massage Swissmassage se conservent 12 mois apr\u00e8s ouverture, toutefois apr\u00e8s cette date, nous conseillons de sentir le produit pour en v\u00e9rifier l\u2019\u00e9tat car elles peuvent encore s\u2019utiliser un long moment apr\u00e8s.<br \/>\nDe mauvaises conditions de stockage peuvent diminuer le temps de conservation. Pour pr\u00e9server la qualit\u00e9 des huiles de massage, il faut que le bouchon soit bien ferm\u00e9 sur son flacon d\u2019origine et \u00e0 l\u2019abri de l\u2019air, de la chaleur et de la lumi\u00e8re.<\/p>\n<h2>Philosophie de l&rsquo;huile de massage Cocoon<\/h2>\n<p>L&rsquo;huile de massage Cocoon est une v\u00e9ritable invitation \u00e0 l&rsquo;apaisement et \u00e0 la d\u00e9tente, r\u00e9unissant les bienfaits pr\u00e9cieux du Petitgrain bigarade, du G\u00e9ranium et de l&rsquo;Ylang ylang. Chacun de ces ingr\u00e9dients apporte des propri\u00e9t\u00e9s uniques pour nourrir le corps, l&rsquo;\u00e2me et l&rsquo;esprit.<br \/>\nLe Petitgrain bigarade est connu pour ses vertus calmantes et relaxantes. Cette huile essentielle, extraite des feuilles et des rameaux de l&rsquo;oranger amer, aide \u00e0 apaiser les tensions nerveuses et \u00e0 favoriser un sentiment de bien-\u00eatre int\u00e9rieur. Elle est id\u00e9ale pour soulager le stress et l&rsquo;anxi\u00e9t\u00e9, cr\u00e9ant ainsi une ambiance propice \u00e0 la relaxation.<br \/>\nLe G\u00e9ranium, quant \u00e0 lui, est r\u00e9put\u00e9 pour ses propri\u00e9t\u00e9s \u00e9quilibrantes et harmonisantes. Cette huile essentielle, obtenue \u00e0 partir des feuilles et des fleurs de la plante, aide \u00e0 r\u00e9guler les \u00e9motions et \u00e0 apaiser l&rsquo;esprit. Elle est particuli\u00e8rement b\u00e9n\u00e9fique pour soulager les sympt\u00f4mes du stress et de l&rsquo;insomnie, favorisant ainsi un sommeil r\u00e9parateur et un \u00e9tat d&rsquo;esprit positif.<br \/>\nL&rsquo;Ylang ylang est c\u00e9l\u00e8bre pour son parfum envo\u00fbtant et ses vertus aphrodisiaques. Cette huile essentielle, extraite des fleurs du Cananga odorata, aide \u00e0 d\u00e9tendre les muscles et \u00e0 lib\u00e9rer les tensions physiques et \u00e9motionnelles. Elle est id\u00e9ale pour stimuler les sens et favoriser une atmosph\u00e8re de douceur et de sensualit\u00e9.<br \/>\nEn combinant ces trois huiles essentielles pr\u00e9cieuses, l&rsquo;huile de massage Cocoon offre une exp\u00e9rience sensorielle unique qui enveloppe le corps et l&rsquo;esprit d&rsquo;une sensation de bien-\u00eatre profond. Que ce soit pour apaiser les muscles fatigu\u00e9s, soulager le stress quotidien ou simplement pour vous offrir un moment de d\u00e9tente et de plaisir, cette huile vous invite \u00e0 vous abandonner \u00e0 la douceur et \u00e0 la s\u00e9r\u00e9nit\u00e9.<\/p>\n<\/div>\n","protected":false},"excerpt":{"rendered":"<p>L\u2019huile de massage \u201cCocoon\u201d Invitation \u00e0 la d\u00e9tente, l&rsquo;huile de massage Cocoon favorise la relaxation et le l\u00e2cher-prise, sa senteur est douce et fleurie. Description L\u2019huile de massage Cocoon convient parfaitement pour les th\u00e9rapeutes ainsi que pour les massages \u00e0 la maison. Les atouts principaux de l\u2019huile de massage \u00ab Cocoon\u00bb est sa senteur qui&hellip;<\/p>\n","protected":false},"featured_media":17553,"template":"","meta":{"_seopress_robots_primary_cat":"none","_seopress_titles_title":"","_seopress_titles_desc":"Les atouts principaux de l\u2019huile de massage \u00ab Cocoon\u00bb est sa senteur qui rappelle la rose et l\u2019orange ainsi que ses effets relaxants.","_seopress_robots_index":""},"pwb-brand":[],"product_brand":[],"product_cat":[1273,1298,1079,1075],"product_tag":[1295,1293,1292,1301],"product_folder":[],"class_list":{"0":"post-10111","1":"product","2":"type-product","3":"status-publish","4":"has-post-thumbnail","6":"product_cat-huiles-de-massage","7":"product_cat-huiles-de-massage-suisses","8":"product_cat-tous-les-accessoires-de-massage","9":"product_cat-tous-les-articles-de-massage","10":"product_tag-huile-de-massage","11":"product_tag-huiles","12":"product_tag-huiles-de-massage","13":"product_tag-relaxation","15":"first","16":"instock","17":"purchasable","18":"product-type-variable"},"exclude_global_add_ons":[],"addons":[],"brands":[],"_links":{"self":[{"href":"https:\/\/swissmassage.ch\/fr\/wp-json\/wp\/v2\/product\/10111","targetHints":{"allow":["GET"]}}],"collection":[{"href":"https:\/\/swissmassage.ch\/fr\/wp-json\/wp\/v2\/product"}],"about":[{"href":"https:\/\/swissmassage.ch\/fr\/wp-json\/wp\/v2\/types\/product"}],"wp:featuredmedia":[{"embeddable":true,"href":"https:\/\/swissmassage.ch\/fr\/wp-json\/wp\/v2\/media\/17553"}],"wp:attachment":[{"href":"https:\/\/swissmassage.ch\/fr\/wp-json\/wp\/v2\/media?parent=10111"}],"wp:term":[{"taxonomy":"pwb-brand","embeddable":true,"href":"https:\/\/swissmassage.ch\/fr\/wp-json\/wp\/v2\/pwb-brand?post=10111"},{"taxonomy":"product_brand","embeddable":true,"href":"https:\/\/swissmassage.ch\/fr\/wp-json\/wp\/v2\/product_brand?post=10111"},{"taxonomy":"product_cat","embeddable":true,"href":"https:\/\/swissmassage.ch\/fr\/wp-json\/wp\/v2\/product_cat?post=10111"},{"taxonomy":"product_tag","embeddable":true,"href":"https:\/\/swissmassage.ch\/fr\/wp-json\/wp\/v2\/product_tag?post=10111"},{"taxonomy":"product_folder","embeddable":true,"href":"https:\/\/swissmassage.ch\/fr\/wp-json\/wp\/v2\/product_folder?post=10111"}],"curies":[{"name":"wp","href":"https:\/\/api.w.org\/{rel}","templated":true}]}}