{"id":10114,"date":"2024-03-30T17:58:18","date_gmt":"2024-03-30T16:58:18","guid":{"rendered":"https:\/\/swissmassage.ch\/?post_type=product&#038;p=10114"},"modified":"2026-04-13T16:07:07","modified_gmt":"2026-04-13T14:07:07","slug":"huile-de-massage-douceur-d-amandes","status":"publish","type":"product","link":"https:\/\/swissmassage.ch\/fr\/produits\/huile-de-massage-douceur-d-amandes\/","title":{"rendered":"Huile de massage Douceur d&rsquo;amandes"},"content":{"rendered":"<h2>L\u2019huile Douceur d&rsquo;amandes<\/h2>\n<p>Elle est reconnue pour adoucir et apaiser.<\/p>\n<h2>Description<\/h2>\n<p>Huile Douceur d&rsquo;Amandes Bio convient parfaitement pour les th\u00e9rapeutes ainsi que pour les massages \u00e0 la maison.<br \/>\nCette huile est extraite par premi\u00e8re pression \u00e0 froid \u00e0 partir d\u2019amandes biologiques cultiv\u00e9es en Italie et en Espagne.<br \/>\n<strong>Parfum<\/strong>: Amande douce avec une l\u00e9g\u00e8re note de noisette<br \/>\n<strong>Texture<\/strong> :\u00a0Toucher plut\u00f4t gras<br \/>\n<strong>Naturel<\/strong> : 100%<br \/>\n<strong>Biologique<\/strong> : 100%<br \/>\n<strong>Ingr\u00e9dients:<\/strong> Huile d\u2019Amande douce<br \/>\n<strong>Pr\u00e9cautions particuli\u00e8res :<\/strong> D\u00e9conseill\u00e9e pour les personnes pr\u00e9sentant une allergie aux fruits \u00e0 coque<br \/>\nConvient aux femmes enceintes et b\u00e9b\u00e9s<\/p>\n<h2>Huile de Massage pour Th\u00e9rapeutes mais pas seulement !<\/h2>\n<p><strong>Pour un<span class=\"ILfuVd\" lang=\"fr\"><span class=\"hgKElc\"> massage: <\/span><\/span><\/strong><span class=\"ILfuVd\" lang=\"fr\"><span class=\"hgKElc\">Utilisez la main enti\u00e8re et non simplement le bout des doigts. Variez les techniques de massage : p\u00e9trissage, effleurage, tapotements, pressions ponctuelles ou frottements profonds. Cette huile s\u2019utilise aussi bien pour les Massage fait par les Th\u00e9rapeutes que pour une utilisation \u00e0 la maison.<br \/>\n<\/span><\/span><strong>Pour hydrater la peau:<\/strong> Au quotidien, apr\u00e8s la douche ou le bain, sur une peau encore l\u00e9g\u00e8rement humide, verser quelques gouttes dans le creux de la main et masser doucement jusqu\u2019\u00e0 absorption compl\u00e8te du produit.<\/p>\n<h2><strong>Peut-on chauffer l\u2019huile Douceur d&rsquo;Amandes ?<\/strong><\/h2>\n<p>Oui car c\u2019est une huiles v\u00e9g\u00e9tales obtenues par premi\u00e8re pression \u00e0 froid, non raffin\u00e9es et biologiques, ces caract\u00e9ristiques en font des huiles plus sensibles \u00e0 l\u2019oxydation que des huiles v\u00e9g\u00e9tales \u00ab ordinaires\/raffin\u00e9es \u00bb ou que de l\u2019huile min\u00e9rale. Il est possible de chauffer l\u00e9g\u00e8rement les huiles de massage et de pr\u00e9f\u00e9rence par petites quantit\u00e9s mais toutefois nous d\u00e9conseillons fortement au-del\u00e0 de 55\u00b0C.<\/p>\n<h2><strong>Comment bien stocker les huiles v\u00e9g\u00e9tales ?<\/strong><\/h2>\n<p>De mauvaises conditions de stockage peuvent diminuer le temps de conservation. Pour pr\u00e9server la qualit\u00e9 des huiles de massage, il faut que le bouchon soit bien ferm\u00e9 sur son flacon d\u2019origine et \u00e0 l\u2019abri de l\u2019air, de la chaleur et de la lumi\u00e8re.<\/p>\n<h2>Philosophie de l&rsquo;huile Douceur d&rsquo;Amandes<\/h2>\n<p>L&rsquo;huile de massage Douceur d&rsquo;Amandes est bien plus qu&rsquo;un simple produit de soin corporel ; c&rsquo;est un \u00e9lixir de bien-\u00eatre, une caresse d\u00e9licate pour la peau et l&rsquo;esprit. Enrichie en huiles v\u00e9g\u00e9tales nourrissantes et en extraits naturels d&rsquo;amande douce, cette huile apporte une multitude de bienfaits pour votre corps et votre esprit.<br \/>\nTout d&rsquo;abord, l&rsquo;amande douce est r\u00e9put\u00e9e pour ses propri\u00e9t\u00e9s \u00e9mollientes et adoucissantes. Cette huile v\u00e9g\u00e9tale, riche en acides gras essentiels, p\u00e9n\u00e8tre rapidement dans la peau, l&rsquo;hydratant en profondeur et la laissant douce et souple. L&rsquo;application r\u00e9guli\u00e8re de l&rsquo;huile de massage Douceur d&rsquo;Amandes peut aider \u00e0 nourrir et \u00e0 revitaliser la peau, lui redonnant son \u00e9clat naturel et sa sant\u00e9.<br \/>\nDe plus, l&rsquo;huile de massage Douceur d&rsquo;Amandes est \u00e9galement un excellent choix pour apaiser les tensions musculaires et favoriser la d\u00e9tente. Les mouvements doux et r\u00e9confortants du massage combin\u00e9s \u00e0 la texture soyeuse de l&rsquo;huile permettent de lib\u00e9rer les n\u0153uds de tension et de rel\u00e2cher les muscles fatigu\u00e9s, procurant ainsi une sensation de bien-\u00eatre profond\u00e9ment apaisante.<br \/>\nSur le plan \u00e9motionnel, l&rsquo;huile de massage Douceur d&rsquo;Amandes peut \u00e9galement avoir des effets calmants et relaxants. Son parfum doux et subtil \u00e9veille les sens et apaise l&rsquo;esprit, cr\u00e9ant une ambiance propice \u00e0 la relaxation et \u00e0 la m\u00e9ditation. Lorsque vous utilisez cette huile lors d&rsquo;un massage, vous pouvez vous sentir envelopp\u00e9 dans un cocon de douceur et de tranquillit\u00e9, lib\u00e9rant ainsi le stress et les tensions accumul\u00e9s.<br \/>\nL&rsquo;huile de massage Douceur d&rsquo;Amandes est un tr\u00e9sor de bienfaits pour la peau, puisant dans les propri\u00e9t\u00e9s nourrissantes et adoucissantes de l&rsquo;amande douce. Avec sa formule compos\u00e9e \u00e0 100% d&rsquo;huile d&rsquo;amande douce (Prunus amygdalus dulcis oil), cette huile offre une hydratation luxueuse et un soin intense pour tous les types de peau, m\u00eame les plus sensibles.<br \/>\nL&rsquo;amande douce est r\u00e9put\u00e9e pour sa richesse en acides gras essentiels, en vitamines et en antioxydants, qui nourrissent et prot\u00e8gent la peau en profondeur. Cette huile l\u00e9g\u00e8re p\u00e9n\u00e8tre facilement dans la peau, la laissant douce, souple et parfaitement hydrat\u00e9e, sans laisser de film gras.<br \/>\nEn plus de ses propri\u00e9t\u00e9s hydratantes, l&rsquo;huile d&rsquo;amande douce poss\u00e8de des vertus apaisantes et r\u00e9paratrices, id\u00e9ales pour apaiser les peaux irrit\u00e9es ou sujettes aux rougeurs. Elle aide \u00e9galement \u00e0 r\u00e9duire les d\u00e9mangeaisons et les inflammations, laissant la peau calme et confortable.<br \/>\nL&rsquo;huile de massage Douceur d&rsquo;Amandes est parfaite pour les massages relaxants et apaisants, offrant une glisse douce et agr\u00e9able tout en nourrissant la peau en profondeur. Son parfum d\u00e9licat et naturel enveloppe le corps d&rsquo;une douce odeur d&rsquo;amande, cr\u00e9ant une ambiance r\u00e9confortante et relaxante.<br \/>\nL&rsquo;huile de massage Douceur d&rsquo;Amandes est un v\u00e9ritable \u00e9lixir de douceur pour la peau, offrant une hydratation intense et un soin apaisant gr\u00e2ce aux propri\u00e9t\u00e9s nourrissantes de l&rsquo;amande douce. Que ce soit pour prendre soin de votre peau au quotidien ou pour vous offrir un moment de d\u00e9tente et de bien-\u00eatre, cette huile vous transporte vers un monde de douceur et de confort.<\/p>\n","protected":false},"excerpt":{"rendered":"<p>L\u2019huile Douceur d&rsquo;amandes Elle est reconnue pour adoucir et apaiser. Description Huile Douceur d&rsquo;Amandes Bio convient parfaitement pour les th\u00e9rapeutes ainsi que pour les massages \u00e0 la maison. Cette huile est extraite par premi\u00e8re pression \u00e0 froid \u00e0 partir d\u2019amandes biologiques cultiv\u00e9es en Italie et en Espagne. Parfum: Amande douce avec une l\u00e9g\u00e8re note de&hellip;<\/p>\n","protected":false},"featured_media":17548,"template":"","meta":{"_seopress_robots_primary_cat":"none","_seopress_titles_title":"","_seopress_titles_desc":"L'huile de massage Douceur d'Amandes est bien plus qu'un simple produit de soin corporel ; c'est un \u00e9lixir de bien-\u00eatre, une caresse d\u00e9licate pour la peau et l'esprit.","_seopress_robots_index":""},"pwb-brand":[],"product_brand":[],"product_cat":[1273,1298,1079,1075],"product_tag":[1295,1293,1292,1301],"product_folder":[],"class_list":{"0":"post-10114","1":"product","2":"type-product","3":"status-publish","4":"has-post-thumbnail","6":"product_cat-huiles-de-massage","7":"product_cat-huiles-de-massage-suisses","8":"product_cat-tous-les-accessoires-de-massage","9":"product_cat-tous-les-articles-de-massage","10":"product_tag-huile-de-massage","11":"product_tag-huiles","12":"product_tag-huiles-de-massage","13":"product_tag-relaxation","15":"first","16":"instock","17":"purchasable","18":"product-type-variable"},"exclude_global_add_ons":[],"addons":[],"brands":[],"_links":{"self":[{"href":"https:\/\/swissmassage.ch\/fr\/wp-json\/wp\/v2\/product\/10114","targetHints":{"allow":["GET"]}}],"collection":[{"href":"https:\/\/swissmassage.ch\/fr\/wp-json\/wp\/v2\/product"}],"about":[{"href":"https:\/\/swissmassage.ch\/fr\/wp-json\/wp\/v2\/types\/product"}],"wp:featuredmedia":[{"embeddable":true,"href":"https:\/\/swissmassage.ch\/fr\/wp-json\/wp\/v2\/media\/17548"}],"wp:attachment":[{"href":"https:\/\/swissmassage.ch\/fr\/wp-json\/wp\/v2\/media?parent=10114"}],"wp:term":[{"taxonomy":"pwb-brand","embeddable":true,"href":"https:\/\/swissmassage.ch\/fr\/wp-json\/wp\/v2\/pwb-brand?post=10114"},{"taxonomy":"product_brand","embeddable":true,"href":"https:\/\/swissmassage.ch\/fr\/wp-json\/wp\/v2\/product_brand?post=10114"},{"taxonomy":"product_cat","embeddable":true,"href":"https:\/\/swissmassage.ch\/fr\/wp-json\/wp\/v2\/product_cat?post=10114"},{"taxonomy":"product_tag","embeddable":true,"href":"https:\/\/swissmassage.ch\/fr\/wp-json\/wp\/v2\/product_tag?post=10114"},{"taxonomy":"product_folder","embeddable":true,"href":"https:\/\/swissmassage.ch\/fr\/wp-json\/wp\/v2\/product_folder?post=10114"}],"curies":[{"name":"wp","href":"https:\/\/api.w.org\/{rel}","templated":true}]}}