{"id":10117,"date":"2024-03-30T18:10:45","date_gmt":"2024-03-30T17:10:45","guid":{"rendered":"https:\/\/swissmassage.ch\/?post_type=product&#038;p=10117"},"modified":"2026-03-27T23:54:25","modified_gmt":"2026-03-27T22:54:25","slug":"huile-de-massage-douceur-d-hiver","status":"publish","type":"product","link":"https:\/\/swissmassage.ch\/fr\/produits\/huile-de-massage-douceur-d-hiver\/","title":{"rendered":"Huile de massage Douceur d&rsquo; Hiver"},"content":{"rendered":"<h2>L&rsquo;huile de massage Douceur d&rsquo;Hiver.<\/h2>\n<p>Laissez-vous emporter par la magie de l\u2019hiver avec notre huile de massage exquise, sp\u00e9cialement con\u00e7ue pour vous offrir une sensation de chaleur r\u00e9confortante. Les huiles essentielles d\u2019orange, de cannelle et de girofle, s\u00e9lectionn\u00e9es avec soin, cr\u00e9ent un m\u00e9lange harmonieux qui \u00e9voque les plaisirs doux et chaleureux de la saison hivernale.<\/p>\n<h2>Description<\/h2>\n<p>D\u00e9couvrez notre huile de massage \u201cDouceur d\u2019Hiver\u201d, une exp\u00e9rience sensorielle enveloppante qui allie les propri\u00e9t\u00e9s apaisantes des huiles essentielles d\u2019orange, de cannelle et de girofle.<br \/>\nId\u00e9ale apr\u00e8s une journ\u00e9e bien remplie ou pour cr\u00e9er une ambiance chaleureuse pendant les longues soir\u00e9es d\u2019hiver.<br \/>\nL\u2019huile de massage \u00ab Douceur d\u2019hiver \u00bb convient parfaitement pour les th\u00e9rapeutes ainsi que pour les massages \u00e0 la maison.<\/p>\n<div>\n<p><strong>Utilisation<\/strong> : Massages de confort, pour un moment chaleureux et r\u00e9confortant. S\u2019utilise comme huile de massage ou huile de soin pour le corps.<br \/>\n<strong>Parfums <\/strong>: Sucr\u00e9, hesp\u00e9rid\u00e9, fruit\u00e9, \u00e9pic\u00e9, rappelant les biscuits de No\u00ebl.<br \/>\n<strong>Propri\u00e9t\u00e9s<\/strong> : Nourrit, lisse et apaise la peau en raison de ses Vitamines E et D ainsi que des Om\u00e9ga 3, 6 et 9 contenus naturellement.<br \/>\n<strong>Texture<\/strong> : Id\u00e9ale pour masser avec <strong>effet chauffant<\/strong>. Toucher velours sans laisser de film gras.<br \/>\n<strong>Naturel<\/strong> : 100%<br \/>\n<strong>Biologique<\/strong> : 100%<br \/>\n<strong>Huiles essentielles<\/strong> : Orange distill\u00e9e, Cannelle et girofle<br \/>\n<strong>Pr\u00e9cautions<\/strong> : D\u00e9conseill\u00e9 pendant la grossesse, l\u2019allaitement et chez les enfants de moins de 6 ans.<br \/>\n<strong>Ingr\u00e9dients<\/strong> : Huile de Tournesol, Huile d\u2019Olive, Huiles essentielles (Orange douce distill\u00e9e, Cannelle et Girofle), Extrait de Romarin CO2<\/p>\n<h2>Conseils d\u2019utilisation<strong><br \/>\n<\/strong><\/h2>\n<h3>Huile de Massage pour Th\u00e9rapeutes mais pas seulement !<\/h3>\n<p><strong>Pour un<span class=\"ILfuVd\" lang=\"fr\"><span class=\"hgKElc\"> massage: <\/span><\/span><\/strong><span class=\"ILfuVd\" lang=\"fr\"><span class=\"hgKElc\">Utilisez la main enti\u00e8re et non simplement le bout des doigts. Variez les techniques de massage : p\u00e9trissage, effleurage, tapotements, pressions ponctuelles ou frottements profonds. Cette huile s\u2019utilise aussi bien pour les Massage fait par les Th\u00e9rapeutes que pour une utilisation \u00e0 la maison.<\/span><\/span><\/p>\n<\/div>\n<div>\n<p><strong>Pour hydrater et parfumer la peau:<\/strong> Apr\u00e8s la douche ou le bain, sur une peau encore l\u00e9g\u00e8rement humide, verser quelques gouttes dans le creux de la main et masser doucement jusqu\u2019\u00e0 absorption compl\u00e8te du produit.<\/p>\n<h2>Informations compl\u00e9mentaires<\/h2>\n<p><strong>Peut-on chauffer l\u2019huile Douceur d\u2019hiver ?<\/strong><br \/>\nOui car nos huiles de massage sont compos\u00e9es d\u2019huiles v\u00e9g\u00e9tales obtenues par premi\u00e8re pression \u00e0 froid, non raffin\u00e9es et biologiques, ces caract\u00e9ristiques en font des huiles plus sensibles \u00e0 l\u2019oxydation que des huiles v\u00e9g\u00e9tales \u00ab ordinaires\/raffin\u00e9es \u00bb ou que de l\u2019huile min\u00e9rale. Il est possible de chauffer l\u00e9g\u00e8rement les huiles de massage et de pr\u00e9f\u00e9rence par petites quantit\u00e9s mais toutefois nous d\u00e9conseillons fortement au-del\u00e0 de 55\u00b0C.<\/p>\n<p><strong>Combien de temps se conservent les huiles de massage Swissmassage ?<\/strong><br \/>\nLes huiles de massage Swissmassage se conservent 12 mois apr\u00e8s ouverture, toutefois apr\u00e8s cette date, nous conseillons de sentir le produit pour en v\u00e9rifier l\u2019\u00e9tat car elles peuvent encore s\u2019utiliser un long moment apr\u00e8s.<br \/>\nDe mauvaises conditions de stockage peuvent diminuer le temps de conservation. Pour pr\u00e9server la qualit\u00e9 des huiles de massage, il faut que le bouchon soit bien ferm\u00e9 sur son flacon d\u2019origine et \u00e0 l\u2019abri de l\u2019air, de la chaleur et de la lumi\u00e8re.<\/p>\n<h2>Philosophie de l&rsquo;huile de massage Douceur d&rsquo;Hiver<\/h2>\n<p>Une invitation \u00e0 l&rsquo;harmonie et \u00e0 la d\u00e9tente se pr\u00e9sente sous le nom \u00e9vocateur de Douceur d&rsquo;Hiver. Cette huile de massage bio, m\u00e9ticuleusement \u00e9labor\u00e9e en Suisse, incarne la tendresse de la saison hivernale tout en apportant une touche rafra\u00eechissante avec ses essences d&rsquo;agrumes, cr\u00e9ant ainsi une exp\u00e9rience sensorielle unique.Douceur d&rsquo;Hiver est une v\u00e9ritable caresse pour le corps et l&rsquo;esprit, con\u00e7ue pour offrir un \u00e9quilibre parfait entre r\u00e9confort et revitalisation. Enrichie d&rsquo;huiles v\u00e9g\u00e9tales nourrissantes et biologiques, cette huile de massage fusionne la douceur de l&rsquo;amande douce avec la fra\u00eecheur vivifiante des agrumes, tels que l&rsquo;orange douce, le citron \u00e9clatant et le pamplemousse p\u00e9tillant. Cette combinaison harmonieuse \u00e9veille les sens et procure une sensation de bien-\u00eatre profond\u00e9ment apaisante.Douceur d&rsquo;Hiver est une alli\u00e9e pr\u00e9cieuse pour une vari\u00e9t\u00e9 de massages, chacun apportant ses bienfaits uniques \u00e0 l&rsquo;esprit et au corps. Pour une d\u00e9tente totale apr\u00e8s une journ\u00e9e de ski, un massage relaxant aux huiles essentielles d&rsquo;agrumes aidera \u00e0 apaiser les muscles fatigu\u00e9s tout en \u00e9veillant les sens avec ses notes ensoleill\u00e9es. Pour un moment de revitalisation et de rafra\u00eechissement, un massage \u00e9nergisant utilisant Douceur d&rsquo;Hiver peut revigorer l&rsquo;esprit et stimuler la circulation, laissant une sensation de l\u00e9g\u00e8ret\u00e9 et de vitalit\u00e9.Que ce soit pour un massage relaxant, \u00e9nergisant ou simplement pour ajouter une touche de douceur \u00e0 votre routine de bien-\u00eatre hivernale, Douceur d&rsquo;Hiver vous accompagne dans votre voyage vers le calme et la s\u00e9r\u00e9nit\u00e9. Dans la qui\u00e9tude des Alpes suisses, laissez-vous envelopper par la magie apaisante de Douceur d&rsquo;Hiver et laissez chaque gouttelette vous murmurer les doux secrets de la saison la plus merveilleuse de l&rsquo;ann\u00e9e.<\/p>\n<p>Dans un chalet alpin nich\u00e9 au c\u0153ur des majestueuses montagnes suisses enneig\u00e9es. Alors que vous \u00eates confortablement install\u00e9 sur une table de massage, une douce chaleur \u00e9mane de la chemin\u00e9e cr\u00e9pitante. Le feu projette des ombres dansantes sur les murs en bois, cr\u00e9ant une ambiance chaleureuse et r\u00e9confortante.<br \/>\nLe masseur commence \u00e0 appliquer des mouvements doux et apaisants sur votre peau, vous ressentez une sensation de bien-\u00eatre profond s&rsquo;installer en vous. La chaleur du feu se m\u00eale \u00e0 la douce chaleur de ses mains expertes, cr\u00e9ant une harmonie parfaite entre le confort de la chemin\u00e9e et les bienfaits apaisants du massage.<br \/>\n\u00c0 travers la fen\u00eatre, vous pouvez voir les flocons de neige tourbillonner doucement dans l&rsquo;air, ajoutant une touche magique \u00e0 cette sc\u00e8ne d\u00e9j\u00e0 idyllique. Les sapins majestueux sont recouverts d&rsquo;un manteau blanc scintillant, cr\u00e9ant un paysage hivernal d&rsquo;une beaut\u00e9 saisissante. Vous vous sentez en osmose avec la nature, envelopp\u00e9 dans un cocon de chaleur et de tranquillit\u00e9.<br \/>\nAlors que le massage se poursuit, chaque mouvement dissipe les tensions accumul\u00e9es dans votre corps, vous laissant dans un \u00e9tat de profonde relaxation et de paix int\u00e9rieure. Vous vous abandonnez pleinement \u00e0 cette exp\u00e9rience sensorielle, savourant chaque instant de ce moment magique dans ce chalet alpin, berc\u00e9 par la chaleur du feu, la douceur du massage et la beaut\u00e9 de l&rsquo;hiver qui se d\u00e9ploie devant vos yeux.<\/p>\n<\/div>\n","protected":false},"excerpt":{"rendered":"<p>L&rsquo;huile de massage Douceur d&rsquo;Hiver. Laissez-vous emporter par la magie de l\u2019hiver avec notre huile de massage exquise, sp\u00e9cialement con\u00e7ue pour vous offrir une sensation de chaleur r\u00e9confortante. Les huiles essentielles d\u2019orange, de cannelle et de girofle, s\u00e9lectionn\u00e9es avec soin, cr\u00e9ent un m\u00e9lange harmonieux qui \u00e9voque les plaisirs doux et chaleureux de la saison hivernale.&hellip;<\/p>\n","protected":false},"featured_media":17544,"template":"","meta":{"_seopress_robots_primary_cat":"none","_seopress_titles_title":"","_seopress_titles_desc":"Laissez-vous emporter par la magie de l\u2019hiver avec notre huile de massage exquise, sp\u00e9cialement con\u00e7ue pour vous offrir une sensation de chaleur r\u00e9confortante.","_seopress_robots_index":""},"pwb-brand":[],"product_brand":[],"product_cat":[1273,1298,1079,1075],"product_tag":[1295,1293,1292,1301],"product_folder":[],"class_list":{"0":"post-10117","1":"product","2":"type-product","3":"status-publish","4":"has-post-thumbnail","6":"product_cat-huiles-de-massage","7":"product_cat-huiles-de-massage-suisses","8":"product_cat-tous-les-accessoires-de-massage","9":"product_cat-tous-les-articles-de-massage","10":"product_tag-huile-de-massage","11":"product_tag-huiles","12":"product_tag-huiles-de-massage","13":"product_tag-relaxation","15":"first","16":"instock","17":"purchasable","18":"product-type-variable"},"exclude_global_add_ons":[],"addons":[],"brands":[],"_links":{"self":[{"href":"https:\/\/swissmassage.ch\/fr\/wp-json\/wp\/v2\/product\/10117","targetHints":{"allow":["GET"]}}],"collection":[{"href":"https:\/\/swissmassage.ch\/fr\/wp-json\/wp\/v2\/product"}],"about":[{"href":"https:\/\/swissmassage.ch\/fr\/wp-json\/wp\/v2\/types\/product"}],"wp:featuredmedia":[{"embeddable":true,"href":"https:\/\/swissmassage.ch\/fr\/wp-json\/wp\/v2\/media\/17544"}],"wp:attachment":[{"href":"https:\/\/swissmassage.ch\/fr\/wp-json\/wp\/v2\/media?parent=10117"}],"wp:term":[{"taxonomy":"pwb-brand","embeddable":true,"href":"https:\/\/swissmassage.ch\/fr\/wp-json\/wp\/v2\/pwb-brand?post=10117"},{"taxonomy":"product_brand","embeddable":true,"href":"https:\/\/swissmassage.ch\/fr\/wp-json\/wp\/v2\/product_brand?post=10117"},{"taxonomy":"product_cat","embeddable":true,"href":"https:\/\/swissmassage.ch\/fr\/wp-json\/wp\/v2\/product_cat?post=10117"},{"taxonomy":"product_tag","embeddable":true,"href":"https:\/\/swissmassage.ch\/fr\/wp-json\/wp\/v2\/product_tag?post=10117"},{"taxonomy":"product_folder","embeddable":true,"href":"https:\/\/swissmassage.ch\/fr\/wp-json\/wp\/v2\/product_folder?post=10117"}],"curies":[{"name":"wp","href":"https:\/\/api.w.org\/{rel}","templated":true}]}}