{"id":10227,"date":"2024-04-10T10:03:20","date_gmt":"2024-04-10T08:03:20","guid":{"rendered":"https:\/\/swissmassage.ch\/?post_type=product&#038;p=10227"},"modified":"2026-03-06T09:48:19","modified_gmt":"2026-03-06T08:48:19","slug":"coussin-nuque-purple","status":"publish","type":"product","link":"https:\/\/swissmassage.ch\/fr\/produits\/coussin-nuque-purple\/","title":{"rendered":"Coussin nuque ergonomique mod\u00e8le Purple"},"content":{"rendered":"<h2>Coussin ergonomique en mati\u00e8re TPE souple, douce, lavable.<\/h2>\n<p>D\u00e9velopp\u00e9 particuli\u00e8rement pour les centres de soins, massages, SPA, physioth\u00e9rapies.<br \/>\nLe coussin nuque ergonomique mod\u00e8le Purple est bien plus qu&rsquo;un simple coussin, c&rsquo;est un chef-d&rsquo;\u0153uvre d&rsquo;ing\u00e9nierie con\u00e7u pour offrir un confort optimal et un soutien exceptionnel, sp\u00e9cialement dans les environnements de massage, de spa et pour les physioth\u00e9rapeutes.<br \/>\nSa conception ergonomique innovante est sp\u00e9cialement adapt\u00e9e pour \u00e9pouser la forme de la nuque, offrant un soutien parfaitement align\u00e9 et r\u00e9duisant la pression sur les muscles et les vert\u00e8bres cervicales. Que ce soit pendant un massage relaxant, une s\u00e9ance de soins spa ou une session de th\u00e9rapie physique, ce coussin est votre alli\u00e9 pour garantir un confort maximal \u00e0 votre cou et \u00e0 votre t\u00eate.<br \/>\nFabriqu\u00e9 \u00e0 partir d&rsquo;une mati\u00e8re en TPE (\u00e9lastom\u00e8re thermoplastique) de qualit\u00e9 sup\u00e9rieure, ce coussin est \u00e0 la fois souple et doux, assurant une sensation agr\u00e9able et apaisante au toucher. Sa texture d\u00e9licate enveloppe votre nuque avec douceur, vous permettant de profiter pleinement de l&rsquo;exp\u00e9rience de bien-\u00eatre.<br \/>\nLa facilit\u00e9 d&rsquo;entretien de ce coussin est un atout majeur, surtout dans les environnements professionnels o\u00f9 l&rsquo;hygi\u00e8ne est primordiale. Gr\u00e2ce \u00e0 sa conception lavable, il est simple de maintenir le coussin propre et frais entre chaque utilisation, garantissant ainsi une exp\u00e9rience de massage ou de th\u00e9rapie toujours impeccable.<br \/>\nQue vous soyez un professionnel de la sant\u00e9 travaillant dans un spa, un physioth\u00e9rapeute cherchant \u00e0 offrir le meilleur confort \u00e0 ses patients, ou simplement quelqu&rsquo;un qui appr\u00e9cie les bienfaits d&rsquo;un massage relaxant, le coussin nuque ergonomique mod\u00e8le Purple est un investissement incontournable. Offrant un confort sup\u00e9rieur, un soutien exceptionnel et une facilit\u00e9 d&rsquo;entretien pratique, il est le choix id\u00e9al pour prendre soin de votre nuque et vous offrir une exp\u00e9rience de bien-\u00eatre incomparable, il est aussi conseiller comme accessoire de literie car il augmente la profondeur et n\u2019interf\u00e8re pas dans les diff\u00e9rentes phases du sommeil.<\/p>\n","protected":false},"excerpt":{"rendered":"<p>Coussin ergonomique en mati\u00e8re TPE souple, douce, lavable. D\u00e9velopp\u00e9 particuli\u00e8rement pour les centres de soins, massages, SPA, physioth\u00e9rapies. Le coussin nuque ergonomique mod\u00e8le Purple est bien plus qu&rsquo;un simple coussin, c&rsquo;est un chef-d&rsquo;\u0153uvre d&rsquo;ing\u00e9nierie con\u00e7u pour offrir un confort optimal et un soutien exceptionnel, sp\u00e9cialement dans les environnements de massage, de spa et pour les&hellip;<\/p>\n","protected":false},"featured_media":10231,"template":"","meta":{"_seopress_robots_primary_cat":"none","_seopress_titles_title":"Coussin nuque ergonomique mod\u00e8le Purple - Swissmassage","_seopress_titles_desc":"La conception ergonomique innovante de ce coussin de massage est sp\u00e9cialement adapt\u00e9e pour \u00e9pouser la forme de la nuque","_seopress_robots_index":""},"pwb-brand":[],"product_brand":[],"product_cat":[219,1079],"product_tag":[1056,1224,1105],"product_folder":[],"class_list":{"0":"post-10227","1":"product","2":"type-product","3":"status-publish","4":"has-post-thumbnail","6":"product_cat-coussins-de-massage","7":"product_cat-tous-les-accessoires-de-massage","8":"product_tag-coussin","9":"product_tag-coussin-facial","10":"product_tag-facial","12":"first","13":"instock","14":"taxable","15":"shipping-taxable","16":"purchasable","17":"product-type-simple"},"exclude_global_add_ons":[],"addons":[],"brands":[],"_links":{"self":[{"href":"https:\/\/swissmassage.ch\/fr\/wp-json\/wp\/v2\/product\/10227","targetHints":{"allow":["GET"]}}],"collection":[{"href":"https:\/\/swissmassage.ch\/fr\/wp-json\/wp\/v2\/product"}],"about":[{"href":"https:\/\/swissmassage.ch\/fr\/wp-json\/wp\/v2\/types\/product"}],"wp:featuredmedia":[{"embeddable":true,"href":"https:\/\/swissmassage.ch\/fr\/wp-json\/wp\/v2\/media\/10231"}],"wp:attachment":[{"href":"https:\/\/swissmassage.ch\/fr\/wp-json\/wp\/v2\/media?parent=10227"}],"wp:term":[{"taxonomy":"pwb-brand","embeddable":true,"href":"https:\/\/swissmassage.ch\/fr\/wp-json\/wp\/v2\/pwb-brand?post=10227"},{"taxonomy":"product_brand","embeddable":true,"href":"https:\/\/swissmassage.ch\/fr\/wp-json\/wp\/v2\/product_brand?post=10227"},{"taxonomy":"product_cat","embeddable":true,"href":"https:\/\/swissmassage.ch\/fr\/wp-json\/wp\/v2\/product_cat?post=10227"},{"taxonomy":"product_tag","embeddable":true,"href":"https:\/\/swissmassage.ch\/fr\/wp-json\/wp\/v2\/product_tag?post=10227"},{"taxonomy":"product_folder","embeddable":true,"href":"https:\/\/swissmassage.ch\/fr\/wp-json\/wp\/v2\/product_folder?post=10227"}],"curies":[{"name":"wp","href":"https:\/\/api.w.org\/{rel}","templated":true}]}}