{"id":10480,"date":"2024-05-23T08:05:38","date_gmt":"2024-05-23T06:05:38","guid":{"rendered":"https:\/\/swissmassage.ch\/?post_type=product&#038;p=10480"},"modified":"2026-01-15T10:45:20","modified_gmt":"2026-01-15T09:45:20","slug":"tabouret-medical-global-stole-beta","status":"publish","type":"product","link":"https:\/\/swissmassage.ch\/fr\/produits\/tabouret-medical-global-stole-beta\/","title":{"rendered":"Tabouret m\u00e9dical Global Stole Beta"},"content":{"rendered":"<h2>Tabouret Global Stole pour cabinet m\u00e9dical mod\u00e8le Beta<\/h2>\n<p>Le tabouret Beta est dot\u00e9 d&rsquo;un si\u00e8ge rembourr\u00e9 en mousse froide et d&rsquo;un rev\u00eatement en tissu ou en cuir artificiel pour garantir un confort d&rsquo;assise optimal.<br \/>\nCe dernier a \u00e9t\u00e9 pens\u00e9 et cr\u00e9\u00e9 pour les m\u00e9decins.<br \/>\nLe si\u00e8ge est disponible dans une large gamme de rev\u00eatements et de couleurs.<br \/>\nLa hauteur est ajust\u00e9e \u00e0 l&rsquo;aide de l&rsquo;anneau de d\u00e9verrouillage sous le si\u00e8ge.<br \/>\nLe si\u00e8ge de ce tabouret m\u00e9dical est rembourr\u00e9 avec 60 mm de mousse froide, offrant un confort d&rsquo;assise optimal.<br \/>\nCe tabouret est \u00e9quip\u00e9 d&rsquo;une base en aluminium de 500 mm et de roulettes faciles \u00e0 rouler de 50 mm.<br \/>\nDiam\u00e8tre du si\u00e8ge : 36 cm.<br \/>\nHauteur du si\u00e8ge avec v\u00e9rin \u00e0 gaz moyen : 50-69 cm.<br \/>\nVeuillez noter qu&rsquo;en raison des diff\u00e9rences morphologiques de chaque personne, nous vous conseillons vivement d&rsquo;essayer les tabourets dans notre exposition \u00e0 Aigle avant de finaliser votre achat. En cas d&rsquo;erreur d&rsquo;achat, les tabourets ne pourront ni \u00eatre retourn\u00e9s ni \u00e9chang\u00e9s.<\/p>\n","protected":false},"excerpt":{"rendered":"<p>Tabouret Global Stole pour cabinet m\u00e9dical mod\u00e8le Beta Le tabouret Beta est dot\u00e9 d&rsquo;un si\u00e8ge rembourr\u00e9 en mousse froide et d&rsquo;un rev\u00eatement en tissu ou en cuir artificiel pour garantir un confort d&rsquo;assise optimal. Ce dernier a \u00e9t\u00e9 pens\u00e9 et cr\u00e9\u00e9 pour les m\u00e9decins. Le si\u00e8ge est disponible dans une large gamme de rev\u00eatements et&hellip;<\/p>\n","protected":false},"featured_media":10525,"template":"","meta":{"_seopress_robots_primary_cat":"none","_seopress_titles_title":"","_seopress_titles_desc":"Le tabouret Beta est dot\u00e9 d'un si\u00e8ge rembourr\u00e9 en mousse froide et d'un rev\u00eatement en tissu ou en cuir artificiel pour garantir un confort d'assise optimal.","_seopress_robots_index":""},"pwb-brand":[],"product_brand":[],"product_cat":[1050,1052,235,1051,1049,1077,1076,1078,1075],"product_tag":[],"product_folder":[],"class_list":{"0":"post-10480","1":"product","2":"type-product","3":"status-publish","4":"has-post-thumbnail","6":"product_cat-chaises-pour-estheticiennes","7":"product_cat-tabourets-et-confort","8":"product_cat-esthetique-tabourets","9":"product_cat-tabourets-pour-spa","10":"product_cat-tabourets-pour-therapeutes","11":"product_cat-tous-les-articles-esthetiques","12":"product_cat-tous-les-articles-physio-medical","13":"product_cat-tous-les-articles-spa-beaute","14":"product_cat-tous-les-articles-de-massage","16":"first","17":"instock","18":"taxable","19":"shipping-taxable","20":"purchasable","21":"product-type-variable","22":"has-default-attributes"},"exclude_global_add_ons":[],"addons":[],"brands":[],"_links":{"self":[{"href":"https:\/\/swissmassage.ch\/fr\/wp-json\/wp\/v2\/product\/10480","targetHints":{"allow":["GET"]}}],"collection":[{"href":"https:\/\/swissmassage.ch\/fr\/wp-json\/wp\/v2\/product"}],"about":[{"href":"https:\/\/swissmassage.ch\/fr\/wp-json\/wp\/v2\/types\/product"}],"wp:featuredmedia":[{"embeddable":true,"href":"https:\/\/swissmassage.ch\/fr\/wp-json\/wp\/v2\/media\/10525"}],"wp:attachment":[{"href":"https:\/\/swissmassage.ch\/fr\/wp-json\/wp\/v2\/media?parent=10480"}],"wp:term":[{"taxonomy":"pwb-brand","embeddable":true,"href":"https:\/\/swissmassage.ch\/fr\/wp-json\/wp\/v2\/pwb-brand?post=10480"},{"taxonomy":"product_brand","embeddable":true,"href":"https:\/\/swissmassage.ch\/fr\/wp-json\/wp\/v2\/product_brand?post=10480"},{"taxonomy":"product_cat","embeddable":true,"href":"https:\/\/swissmassage.ch\/fr\/wp-json\/wp\/v2\/product_cat?post=10480"},{"taxonomy":"product_tag","embeddable":true,"href":"https:\/\/swissmassage.ch\/fr\/wp-json\/wp\/v2\/product_tag?post=10480"},{"taxonomy":"product_folder","embeddable":true,"href":"https:\/\/swissmassage.ch\/fr\/wp-json\/wp\/v2\/product_folder?post=10480"}],"curies":[{"name":"wp","href":"https:\/\/api.w.org\/{rel}","templated":true}]}}