{"id":10493,"date":"2024-05-17T11:13:49","date_gmt":"2024-05-17T09:13:49","guid":{"rendered":"https:\/\/swissmassage.ch\/?post_type=product&#038;p=10493"},"modified":"2026-01-15T10:45:23","modified_gmt":"2026-01-15T09:45:23","slug":"tabouret-medical-global-stole-modele-mini-easy","status":"publish","type":"product","link":"https:\/\/swissmassage.ch\/fr\/produits\/tabouret-medical-global-stole-modele-mini-easy\/","title":{"rendered":"Tabouret m\u00e9dical Global Stole mod\u00e8le Mini Easy"},"content":{"rendered":"<h2>Tabouret pour cabinet m\u00e9dical ergonomique Global Stole mod\u00e8le Mini Easy<\/h2>\n<p>Mini Easy est une petite chaise de selle, extra douce et \u00e9troite. Elle est rembourr\u00e9e avec de la mousse froide et rev\u00eatue de tissu ou de cuir synth\u00e9tique.<br \/>\nCette chaise est \u00e9quip\u00e9e d&rsquo;une base en aluminium de 500 mm, de roulettes faciles \u00e0 rouler et du m\u00e9canisme EASY SEAT, qui permet un r\u00e9glage continu de l&rsquo;angle du si\u00e8ge de 14\u00b0 vers l&rsquo;avant et de 3\u00b0 vers l&rsquo;arri\u00e8re.<br \/>\nDimensions : L 385 x P 290 x H 230 mm.<br \/>\nHauteur du si\u00e8ge avec v\u00e9rin \u00e0 gaz moyen : 58-77 cm.<br \/>\nVeuillez noter qu&rsquo;en raison des diff\u00e9rences morphologiques de chaque personne, nous vous conseillons vivement d&rsquo;essayer les tabourets dans notre exposition \u00e0 Aigle avant de finaliser votre achat. En cas d&rsquo;erreur d&rsquo;achat, les tabourets ne pourront ni \u00eatre retourn\u00e9s ni \u00e9chang\u00e9s.<\/p>\n","protected":false},"excerpt":{"rendered":"<p>Tabouret pour cabinet m\u00e9dical ergonomique Global Stole mod\u00e8le Mini Easy Mini Easy est une petite chaise de selle, extra douce et \u00e9troite. Elle est rembourr\u00e9e avec de la mousse froide et rev\u00eatue de tissu ou de cuir synth\u00e9tique. Cette chaise est \u00e9quip\u00e9e d&rsquo;une base en aluminium de 500 mm, de roulettes faciles \u00e0 rouler et&hellip;<\/p>\n","protected":false},"featured_media":10553,"template":"","meta":{"_seopress_robots_primary_cat":"none","_seopress_titles_title":"","_seopress_titles_desc":"Mini Easy est une petite chaise de selle, extra douce et \u00e9troite. Elle est rembourr\u00e9e avec de la mousse froide et rev\u00eatue de tissu ou de cuir synth\u00e9tique.","_seopress_robots_index":""},"pwb-brand":[],"product_brand":[],"product_cat":[1050,1052,235,1051,1049,1077,1076,1078,1075],"product_tag":[],"product_folder":[],"class_list":{"0":"post-10493","1":"product","2":"type-product","3":"status-publish","4":"has-post-thumbnail","6":"product_cat-chaises-pour-estheticiennes","7":"product_cat-tabourets-et-confort","8":"product_cat-esthetique-tabourets","9":"product_cat-tabourets-pour-spa","10":"product_cat-tabourets-pour-therapeutes","11":"product_cat-tous-les-articles-esthetiques","12":"product_cat-tous-les-articles-physio-medical","13":"product_cat-tous-les-articles-spa-beaute","14":"product_cat-tous-les-articles-de-massage","16":"first","17":"instock","18":"taxable","19":"shipping-taxable","20":"purchasable","21":"product-type-variable","22":"has-default-attributes"},"exclude_global_add_ons":[],"addons":[],"brands":[],"_links":{"self":[{"href":"https:\/\/swissmassage.ch\/fr\/wp-json\/wp\/v2\/product\/10493","targetHints":{"allow":["GET"]}}],"collection":[{"href":"https:\/\/swissmassage.ch\/fr\/wp-json\/wp\/v2\/product"}],"about":[{"href":"https:\/\/swissmassage.ch\/fr\/wp-json\/wp\/v2\/types\/product"}],"wp:featuredmedia":[{"embeddable":true,"href":"https:\/\/swissmassage.ch\/fr\/wp-json\/wp\/v2\/media\/10553"}],"wp:attachment":[{"href":"https:\/\/swissmassage.ch\/fr\/wp-json\/wp\/v2\/media?parent=10493"}],"wp:term":[{"taxonomy":"pwb-brand","embeddable":true,"href":"https:\/\/swissmassage.ch\/fr\/wp-json\/wp\/v2\/pwb-brand?post=10493"},{"taxonomy":"product_brand","embeddable":true,"href":"https:\/\/swissmassage.ch\/fr\/wp-json\/wp\/v2\/product_brand?post=10493"},{"taxonomy":"product_cat","embeddable":true,"href":"https:\/\/swissmassage.ch\/fr\/wp-json\/wp\/v2\/product_cat?post=10493"},{"taxonomy":"product_tag","embeddable":true,"href":"https:\/\/swissmassage.ch\/fr\/wp-json\/wp\/v2\/product_tag?post=10493"},{"taxonomy":"product_folder","embeddable":true,"href":"https:\/\/swissmassage.ch\/fr\/wp-json\/wp\/v2\/product_folder?post=10493"}],"curies":[{"name":"wp","href":"https:\/\/api.w.org\/{rel}","templated":true}]}}