{"id":10497,"date":"2024-05-17T14:16:34","date_gmt":"2024-05-17T12:16:34","guid":{"rendered":"https:\/\/swissmassage.ch\/?post_type=product&#038;p=10497"},"modified":"2026-01-15T10:45:22","modified_gmt":"2026-01-15T09:45:22","slug":"tabouret-medical-global-stole-pilates-air","status":"publish","type":"product","link":"https:\/\/swissmassage.ch\/fr\/produits\/tabouret-medical-global-stole-pilates-air\/","title":{"rendered":"Tabouret m\u00e9dical Global Stole Pilates Air"},"content":{"rendered":"<h2>Tabouret m\u00e9dical Global Stole mod\u00e8le Pilates Air<\/h2>\n<p>Le Pilates Sway a un effet d&rsquo;assise active double. Le coussin d&rsquo;air du si\u00e8ge Pilates renforce et maintient activement les groupes musculaires du dos et des lombaires tandis que la base flexible Sway permet un mouvement constant en position assise.<br \/>\nLa base Sway se distingue par sa flexibilit\u00e9, permettant des micro-mouvements tout en \u00e9tant assis. Lorsque vous utilisez Sway comme un si\u00e8ge debout, vous obtenez une meilleure r\u00e9partition du poids, ce qui d\u00e9tend votre dos et sollicite les grands groupes musculaires de vos jambes. Vous avez en m\u00eame temps la possibilit\u00e9 de bouger constamment.<br \/>\nAvec sa base plate et stable, vous pouvez vous asseoir de mani\u00e8re d\u00e9tendue et en s\u00e9curit\u00e9, profitant ainsi \u00e0 la fois du confort et des mouvements sains.<br \/>\nCe tabouret est \u00e9quip\u00e9 du si\u00e8ge Pilates Air qui a le m\u00eame effet que le ballon de Pilates. Il oblige le corps \u00e0 \u00ab\u00a0se concentrer sur la position assise\u00a0\u00bb, renfor\u00e7ant et maintenant activement les groupes musculaires du dos et des hanches en position assise.<br \/>\nLe si\u00e8ge Pilates Air est \u00e9quip\u00e9 d&rsquo;un anneau de d\u00e9verrouillage pour ajuster la hauteur du si\u00e8ge. Une pompe \u00e0 air est fournie avec le tabouret pour ajuster le contenu en air du coussin.<br \/>\nDiam\u00e8tre de la base : 500 mm.<br \/>\nDiam\u00e8tre du si\u00e8ge : 33 cm.<br \/>\nHauteur du si\u00e8ge avec v\u00e9rin \u00e0 gaz moyen : 51-70 cm.<br \/>\nVeuillez noter qu&rsquo;en raison des diff\u00e9rences morphologiques de chaque personne, nous vous conseillons vivement d&rsquo;essayer les tabourets dans notre exposition \u00e0 Aigle avant de finaliser votre achat. En cas d&rsquo;erreur d&rsquo;achat, les tabourets ne pourront ni \u00eatre retourn\u00e9s ni \u00e9chang\u00e9s.<\/p>\n","protected":false},"excerpt":{"rendered":"<p>Tabouret m\u00e9dical Global Stole mod\u00e8le Pilates Air Le Pilates Sway a un effet d&rsquo;assise active double. Le coussin d&rsquo;air du si\u00e8ge Pilates renforce et maintient activement les groupes musculaires du dos et des lombaires tandis que la base flexible Sway permet un mouvement constant en position assise. La base Sway se distingue par sa flexibilit\u00e9,&hellip;<\/p>\n","protected":false},"featured_media":10546,"template":"","meta":{"_seopress_robots_primary_cat":"none","_seopress_titles_title":"","_seopress_titles_desc":"Le Pilates Air a un effet d'assise active double. La base Sway se distingue par sa flexibilit\u00e9, permettant des micro-mouvements tout en \u00e9tant assis.","_seopress_robots_index":""},"pwb-brand":[],"product_brand":[],"product_cat":[1050,1052,235,1051,1049,1077,1076,1078,1075],"product_tag":[],"product_folder":[],"class_list":{"0":"post-10497","1":"product","2":"type-product","3":"status-publish","4":"has-post-thumbnail","6":"product_cat-chaises-pour-estheticiennes","7":"product_cat-tabourets-et-confort","8":"product_cat-esthetique-tabourets","9":"product_cat-tabourets-pour-spa","10":"product_cat-tabourets-pour-therapeutes","11":"product_cat-tous-les-articles-esthetiques","12":"product_cat-tous-les-articles-physio-medical","13":"product_cat-tous-les-articles-spa-beaute","14":"product_cat-tous-les-articles-de-massage","16":"first","17":"instock","18":"taxable","19":"shipping-taxable","20":"purchasable","21":"product-type-variable","22":"has-default-attributes"},"exclude_global_add_ons":[],"addons":[],"brands":[],"_links":{"self":[{"href":"https:\/\/swissmassage.ch\/fr\/wp-json\/wp\/v2\/product\/10497","targetHints":{"allow":["GET"]}}],"collection":[{"href":"https:\/\/swissmassage.ch\/fr\/wp-json\/wp\/v2\/product"}],"about":[{"href":"https:\/\/swissmassage.ch\/fr\/wp-json\/wp\/v2\/types\/product"}],"wp:featuredmedia":[{"embeddable":true,"href":"https:\/\/swissmassage.ch\/fr\/wp-json\/wp\/v2\/media\/10546"}],"wp:attachment":[{"href":"https:\/\/swissmassage.ch\/fr\/wp-json\/wp\/v2\/media?parent=10497"}],"wp:term":[{"taxonomy":"pwb-brand","embeddable":true,"href":"https:\/\/swissmassage.ch\/fr\/wp-json\/wp\/v2\/pwb-brand?post=10497"},{"taxonomy":"product_brand","embeddable":true,"href":"https:\/\/swissmassage.ch\/fr\/wp-json\/wp\/v2\/product_brand?post=10497"},{"taxonomy":"product_cat","embeddable":true,"href":"https:\/\/swissmassage.ch\/fr\/wp-json\/wp\/v2\/product_cat?post=10497"},{"taxonomy":"product_tag","embeddable":true,"href":"https:\/\/swissmassage.ch\/fr\/wp-json\/wp\/v2\/product_tag?post=10497"},{"taxonomy":"product_folder","embeddable":true,"href":"https:\/\/swissmassage.ch\/fr\/wp-json\/wp\/v2\/product_folder?post=10497"}],"curies":[{"name":"wp","href":"https:\/\/api.w.org\/{rel}","templated":true}]}}