{"id":10502,"date":"2024-05-17T15:01:44","date_gmt":"2024-05-17T13:01:44","guid":{"rendered":"https:\/\/swissmassage.ch\/?post_type=product&#038;p=10502"},"modified":"2026-01-15T10:45:21","modified_gmt":"2026-01-15T09:45:21","slug":"tabouret-medical-global-stole-saturn-plus","status":"publish","type":"product","link":"https:\/\/swissmassage.ch\/fr\/produits\/tabouret-medical-global-stole-saturn-plus\/","title":{"rendered":"Tabouret m\u00e9dical Global Stole Saturn Plus"},"content":{"rendered":"<h2>Tabouret Global Stole pour cabinet m\u00e9dical mod\u00e8le Saturn Plus<\/h2>\n<p>Variez votre posture tout au long de la journ\u00e9e avec ce tabouret ergonomique.<br \/>\nSaturn a un design unique qui le rend optimal pour ceux qui souhaitent s&rsquo;asseoir de mani\u00e8re plus active tout en soulageant leur corps et en trouvant facilement une posture confortable et ergonomique.<br \/>\nLe tabouret est \u00e9quip\u00e9 d&rsquo;un support rotatif \u00e0 360\u00b0 qui peut \u00eatre utilis\u00e9 comme dossier ou accoudoir en fonction de la fa\u00e7on dont vous choisissez de vous asseoir sur la chaise. Ce support peut \u00e9galement \u00eatre ajust\u00e9 en hauteur entre le si\u00e8ge et le support.<br \/>\nCe tabouret est rembourr\u00e9 avec 45 mm de mousse froide, poss\u00e8de une base en aluminium de 610 mm et des roulettes faciles \u00e0 rouler de 50 mm.<br \/>\nSaturn est \u00e9quip\u00e9 d&rsquo;un anneau de d\u00e9verrouillage pour ajuster la hauteur du si\u00e8ge.<br \/>\nDiam\u00e8tre du si\u00e8ge : 370 mm.<br \/>\nHauteur du si\u00e8ge avec v\u00e9rin \u00e0 gaz moyen : 47-66 cm.<br \/>\nVeuillez noter qu&rsquo;en raison des diff\u00e9rences morphologiques de chaque personne, nous vous conseillons vivement d&rsquo;essayer les tabourets dans notre exposition \u00e0 Aigle avant de finaliser votre achat. En cas d&rsquo;erreur d&rsquo;achat, les tabourets ne pourront ni \u00eatre retourn\u00e9s ni \u00e9chang\u00e9s.<\/p>\n","protected":false},"excerpt":{"rendered":"<p>Tabouret Global Stole pour cabinet m\u00e9dical mod\u00e8le Saturn Plus Variez votre posture tout au long de la journ\u00e9e avec ce tabouret ergonomique. Saturn a un design unique qui le rend optimal pour ceux qui souhaitent s&rsquo;asseoir de mani\u00e8re plus active tout en soulageant leur corps et en trouvant facilement une posture confortable et ergonomique. Le&hellip;<\/p>\n","protected":false},"featured_media":10532,"template":"","meta":{"_seopress_robots_primary_cat":"none","_seopress_titles_title":"","_seopress_titles_desc":"Saturn a un design unique qui le rend optimal pour ceux qui souhaitent s'asseoir de mani\u00e8re plus active tout en soulageant leur corps","_seopress_robots_index":""},"pwb-brand":[],"product_brand":[],"product_cat":[1050,1052,235,1051,1049,1077,1076,1078,1075],"product_tag":[],"product_folder":[],"class_list":{"0":"post-10502","1":"product","2":"type-product","3":"status-publish","4":"has-post-thumbnail","6":"product_cat-chaises-pour-estheticiennes","7":"product_cat-tabourets-et-confort","8":"product_cat-esthetique-tabourets","9":"product_cat-tabourets-pour-spa","10":"product_cat-tabourets-pour-therapeutes","11":"product_cat-tous-les-articles-esthetiques","12":"product_cat-tous-les-articles-physio-medical","13":"product_cat-tous-les-articles-spa-beaute","14":"product_cat-tous-les-articles-de-massage","16":"first","17":"instock","18":"taxable","19":"shipping-taxable","20":"purchasable","21":"product-type-variable","22":"has-default-attributes"},"exclude_global_add_ons":[],"addons":[],"brands":[],"_links":{"self":[{"href":"https:\/\/swissmassage.ch\/fr\/wp-json\/wp\/v2\/product\/10502","targetHints":{"allow":["GET"]}}],"collection":[{"href":"https:\/\/swissmassage.ch\/fr\/wp-json\/wp\/v2\/product"}],"about":[{"href":"https:\/\/swissmassage.ch\/fr\/wp-json\/wp\/v2\/types\/product"}],"wp:featuredmedia":[{"embeddable":true,"href":"https:\/\/swissmassage.ch\/fr\/wp-json\/wp\/v2\/media\/10532"}],"wp:attachment":[{"href":"https:\/\/swissmassage.ch\/fr\/wp-json\/wp\/v2\/media?parent=10502"}],"wp:term":[{"taxonomy":"pwb-brand","embeddable":true,"href":"https:\/\/swissmassage.ch\/fr\/wp-json\/wp\/v2\/pwb-brand?post=10502"},{"taxonomy":"product_brand","embeddable":true,"href":"https:\/\/swissmassage.ch\/fr\/wp-json\/wp\/v2\/product_brand?post=10502"},{"taxonomy":"product_cat","embeddable":true,"href":"https:\/\/swissmassage.ch\/fr\/wp-json\/wp\/v2\/product_cat?post=10502"},{"taxonomy":"product_tag","embeddable":true,"href":"https:\/\/swissmassage.ch\/fr\/wp-json\/wp\/v2\/product_tag?post=10502"},{"taxonomy":"product_folder","embeddable":true,"href":"https:\/\/swissmassage.ch\/fr\/wp-json\/wp\/v2\/product_folder?post=10502"}],"curies":[{"name":"wp","href":"https:\/\/api.w.org\/{rel}","templated":true}]}}