{"id":10716,"date":"2024-06-04T14:34:23","date_gmt":"2024-06-04T12:34:23","guid":{"rendered":"https:\/\/swissmassage.ch\/?post_type=product&#038;p=10716"},"modified":"2026-01-15T10:45:18","modified_gmt":"2026-01-15T09:45:18","slug":"tabouret-medical-global-stole-pinto-flex","status":"publish","type":"product","link":"https:\/\/swissmassage.ch\/fr\/produits\/tabouret-medical-global-stole-pinto-flex\/","title":{"rendered":"Tabouret m\u00e9dical Global Stole Pinto Flex"},"content":{"rendered":"<h2>Tabouret pour cabinet m\u00e9dical Global Stole mod\u00e8le Pinto Flexmatic<\/h2>\n<p>Pinto est un tabouret avec une selle extra douce et confortable, rembourr\u00e9e de mousse froide.<br \/>\nCette selle Pinto mesure 44 x 32 x 29 cm, rembourr\u00e9e de mousse froide et de similicuir.<br \/>\nLe tabouret a une base en aluminium de 500 mm et des roulettes faciles de 50 mm.<br \/>\nLe m\u00e9canisme FLEXMATIC s&rsquo;ajuste automatiquement \u00e0 la position assise ergonomique optimale.<br \/>\nHauteur du si\u00e8ge avec v\u00e9rin \u00e0 gaz moyen : 53-72 cm.<br \/>\nVeuillez noter qu&rsquo;en raison des diff\u00e9rences morphologiques de chaque personne, nous vous conseillons vivement d&rsquo;essayer les tabourets dans notre exposition \u00e0 Aigle avant de finaliser votre achat. En cas d&rsquo;erreur d&rsquo;achat, les tabourets ne pourront ni \u00eatre retourn\u00e9s ni \u00e9chang\u00e9s.<\/p>\n","protected":false},"excerpt":{"rendered":"<p>Tabouret pour cabinet m\u00e9dical Global Stole mod\u00e8le Pinto Flexmatic Pinto est un tabouret avec une selle extra douce et confortable, rembourr\u00e9e de mousse froide. Cette selle Pinto mesure 44 x 32 x 29 cm, rembourr\u00e9e de mousse froide et de similicuir. Le tabouret a une base en aluminium de 500 mm et des roulettes faciles&hellip;<\/p>\n","protected":false},"featured_media":10722,"template":"","meta":{"_seopress_robots_primary_cat":"none","_seopress_titles_title":"","_seopress_titles_desc":"Pinto est un tabouret avec une selle tr\u00e8s confortable. Le m\u00e9canisme FLEXMATIC s'ajuste automatiquement \u00e0 la position assise ergonomique optimale.","_seopress_robots_index":""},"pwb-brand":[],"product_brand":[],"product_cat":[1050,1052,235,1051,1049,1077,1076,1078,1075],"product_tag":[],"product_folder":[],"class_list":{"0":"post-10716","1":"product","2":"type-product","3":"status-publish","4":"has-post-thumbnail","6":"product_cat-chaises-pour-estheticiennes","7":"product_cat-tabourets-et-confort","8":"product_cat-esthetique-tabourets","9":"product_cat-tabourets-pour-spa","10":"product_cat-tabourets-pour-therapeutes","11":"product_cat-tous-les-articles-esthetiques","12":"product_cat-tous-les-articles-physio-medical","13":"product_cat-tous-les-articles-spa-beaute","14":"product_cat-tous-les-articles-de-massage","16":"first","17":"instock","18":"taxable","19":"shipping-taxable","20":"purchasable","21":"product-type-variable","22":"has-default-attributes"},"exclude_global_add_ons":[],"addons":[],"brands":[],"_links":{"self":[{"href":"https:\/\/swissmassage.ch\/fr\/wp-json\/wp\/v2\/product\/10716","targetHints":{"allow":["GET"]}}],"collection":[{"href":"https:\/\/swissmassage.ch\/fr\/wp-json\/wp\/v2\/product"}],"about":[{"href":"https:\/\/swissmassage.ch\/fr\/wp-json\/wp\/v2\/types\/product"}],"wp:featuredmedia":[{"embeddable":true,"href":"https:\/\/swissmassage.ch\/fr\/wp-json\/wp\/v2\/media\/10722"}],"wp:attachment":[{"href":"https:\/\/swissmassage.ch\/fr\/wp-json\/wp\/v2\/media?parent=10716"}],"wp:term":[{"taxonomy":"pwb-brand","embeddable":true,"href":"https:\/\/swissmassage.ch\/fr\/wp-json\/wp\/v2\/pwb-brand?post=10716"},{"taxonomy":"product_brand","embeddable":true,"href":"https:\/\/swissmassage.ch\/fr\/wp-json\/wp\/v2\/product_brand?post=10716"},{"taxonomy":"product_cat","embeddable":true,"href":"https:\/\/swissmassage.ch\/fr\/wp-json\/wp\/v2\/product_cat?post=10716"},{"taxonomy":"product_tag","embeddable":true,"href":"https:\/\/swissmassage.ch\/fr\/wp-json\/wp\/v2\/product_tag?post=10716"},{"taxonomy":"product_folder","embeddable":true,"href":"https:\/\/swissmassage.ch\/fr\/wp-json\/wp\/v2\/product_folder?post=10716"}],"curies":[{"name":"wp","href":"https:\/\/api.w.org\/{rel}","templated":true}]}}