{"id":18732,"date":"2025-04-15T16:47:38","date_gmt":"2025-04-15T14:47:38","guid":{"rendered":"https:\/\/swissmassage.ch\/?post_type=product&#038;p=18732"},"modified":"2026-02-23T10:58:08","modified_gmt":"2026-02-23T09:58:08","slug":"fauteuil-podologie-modele-galea","status":"publish","type":"product","link":"https:\/\/swissmassage.ch\/fr\/produits\/fauteuil-podologie-modele-galea\/","title":{"rendered":"Fauteuil Podologie mod\u00e8le Gal\u00e9a en liquidation"},"content":{"rendered":"<h2>Fauteuil de Podologie \u00e9lectrique mod\u00e8le Gal\u00e9a liquidation avec 1 an de garantie<\/h2>\n<p>Pens\u00e9 pour le confort du patient et la fluidit\u00e9 des gestes du praticien, Gal\u00e9a allie design fonctionnel, ergonomie et fiabilit\u00e9. Son \u00e9l\u00e9gance sobre et ses finitions soign\u00e9es en font un choix id\u00e9al pour les professionnels exigeants.<\/p>\n<p>\u00c9quip\u00e9 de 3 moteurs \u00e9lectriques pour ajuster en toute simplicit\u00e9 la hauteur, l\u2019inclinaison du dossier et l\u2019inclinaison du si\u00e8ge.<br \/>\nRepose-bras rabattables pour faciliter l\u2019acc\u00e8s au fauteuil et optimiser le confort du patient.<br \/>\nCoussin repose-t\u00eate r\u00e9glable, avec plusieurs positions fixes pour s\u2019adapter \u00e0 chaque morphologie.<br \/>\nJambi\u00e8res r\u00e9glables ind\u00e9pendamment par v\u00e9rin \u00e0 gaz, pour une pr\u00e9cision de positionnement lors des soins.<br \/>\nLes jambi\u00e8res peuvent \u00eatre \u00e9cart\u00e9es jusqu\u2019\u00e0 90\u00b0, offrant une accessibilit\u00e9 optimale.<br \/>\nRev\u00eatement en PU gris de haute qualit\u00e9, doux au toucher, r\u00e9sistant, et facile \u00e0 nettoyer.<\/p>\n<p>Le fauteuil Gal\u00e9a est con\u00e7u pour offrir une exp\u00e9rience fluide et confortable, aussi bien pour le praticien que pour le patient. Il trouvera parfaitement sa place dans un cabinet de podologie, un centre de soins ou un institut m\u00e9dicalis\u00e9.<\/p>\n<p>Taille : 168 x 81,5 x 54\/128 cm<br \/>\nPoids : 75 kg<br \/>\n\u00c9paisseur matelas : 8 cm<\/p>\n","protected":false},"excerpt":{"rendered":"<p>Fauteuil de Podologie \u00e9lectrique mod\u00e8le Gal\u00e9a liquidation avec 1 an de garantie Pens\u00e9 pour le confort du patient et la fluidit\u00e9 des gestes du praticien, Gal\u00e9a allie design fonctionnel, ergonomie et fiabilit\u00e9. Son \u00e9l\u00e9gance sobre et ses finitions soign\u00e9es en font un choix id\u00e9al pour les professionnels exigeants. \u00c9quip\u00e9 de 3 moteurs \u00e9lectriques pour ajuster&hellip;<\/p>\n","protected":false},"featured_media":18735,"template":"","meta":{"_seopress_robots_primary_cat":"1053","_seopress_titles_title":"Fauteuil Podologie mod\u00e8le Gal\u00e9a - Swissmassage","_seopress_titles_desc":"Fauteuil de podologie Gal\u00e9a : design pro, 3 moteurs, jambi\u00e8res r\u00e9glables, rev\u00eatement facile \u00e0 nettoyer. Confort et pr\u00e9cision pour vos soins.","_seopress_robots_index":""},"pwb-brand":[],"product_brand":[],"product_cat":[1053,373,344,268,1300,1077,1076,1080],"product_tag":[1168,1167,1135,1088],"product_folder":[],"class_list":{"0":"post-18732","1":"product","2":"type-product","3":"status-publish","4":"has-post-thumbnail","6":"product_cat-pedicure","7":"product_cat-outlet","8":"product_cat-podologie-ems","9":"product_cat-pedicure-podologie","10":"product_cat-promotions","11":"product_cat-tous-les-articles-esthetiques","12":"product_cat-tous-les-articles-physio-medical","13":"product_cat-tous-les-articles-seniors","14":"product_tag-fauteuil-de-pedicure","15":"product_tag-fauteuil-de-podologie","16":"product_tag-pedicure","17":"product_tag-podologie","19":"first","20":"instock","21":"sale","22":"taxable","23":"shipping-taxable","24":"purchasable","25":"product-type-simple"},"exclude_global_add_ons":false,"addons":[{"name":"Options:","type":"checkbox","position":0,"required":false,"title_format":"label","description_enable":false,"description":"","placeholder_enable":false,"placeholder":"","display":"select","restrictions_type":"any_text","adjust_price":false,"price":"","price_type":"flat_fee","restrictions":false,"min":0,"max":0,"options":[{"label":"Commande \u00e0 pieds au sol","price":"250","price_type":"flat_fee","image":0},{"label":"Dessous de pieds en feutre, facilitent le d\u00e9placement","price":"20","price_type":"flat_fee","image":0}],"id":1704368111}],"brands":[],"_links":{"self":[{"href":"https:\/\/swissmassage.ch\/fr\/wp-json\/wp\/v2\/product\/18732","targetHints":{"allow":["GET"]}}],"collection":[{"href":"https:\/\/swissmassage.ch\/fr\/wp-json\/wp\/v2\/product"}],"about":[{"href":"https:\/\/swissmassage.ch\/fr\/wp-json\/wp\/v2\/types\/product"}],"wp:featuredmedia":[{"embeddable":true,"href":"https:\/\/swissmassage.ch\/fr\/wp-json\/wp\/v2\/media\/18735"}],"wp:attachment":[{"href":"https:\/\/swissmassage.ch\/fr\/wp-json\/wp\/v2\/media?parent=18732"}],"wp:term":[{"taxonomy":"pwb-brand","embeddable":true,"href":"https:\/\/swissmassage.ch\/fr\/wp-json\/wp\/v2\/pwb-brand?post=18732"},{"taxonomy":"product_brand","embeddable":true,"href":"https:\/\/swissmassage.ch\/fr\/wp-json\/wp\/v2\/product_brand?post=18732"},{"taxonomy":"product_cat","embeddable":true,"href":"https:\/\/swissmassage.ch\/fr\/wp-json\/wp\/v2\/product_cat?post=18732"},{"taxonomy":"product_tag","embeddable":true,"href":"https:\/\/swissmassage.ch\/fr\/wp-json\/wp\/v2\/product_tag?post=18732"},{"taxonomy":"product_folder","embeddable":true,"href":"https:\/\/swissmassage.ch\/fr\/wp-json\/wp\/v2\/product_folder?post=18732"}],"curies":[{"name":"wp","href":"https:\/\/api.w.org\/{rel}","templated":true}]}}