{"id":19139,"date":"2025-05-28T17:09:43","date_gmt":"2025-05-28T15:09:43","guid":{"rendered":"https:\/\/swissmassage.ch\/?post_type=product&#038;p=19139"},"modified":"2026-01-19T14:27:07","modified_gmt":"2026-01-19T13:27:07","slug":"table-de-physio-modele-reduca-plus-chassis-gris","status":"publish","type":"product","link":"https:\/\/swissmassage.ch\/fr\/produits\/table-de-physio-modele-reduca-plus-chassis-gris\/","title":{"rendered":"Table de Physio Mod\u00e8le Reduca Plus ch\u00e2ssis gris"},"content":{"rendered":"<h2>Table de Physiot\u00e9rapie Reduca Plus ch\u00e2ssis gris.<\/h2>\n<p><span style=\"font-size: 10pt;\">Table de physio \u00e9lectrique Reduca Plus avec 2 moteurs, un pour la hauteur avec commande p\u00e9riph\u00e9rique cadre \u00e0 pieds, et le deuxi\u00e8me pour la cyphose.<\/span><\/p>\n<h2>Description de la table de physio Reduca Plus:<\/h2>\n<p><span style=\"font-size: 10pt;\">Le moteur de marque r\u00e8gle la hauteur de la table.<\/span><br \/>\n<span style=\"font-size: 10pt;\">R\u00e9glage de la hauteur avec une commande p\u00e9riph\u00e9rique cadre.<\/span><br \/>\n<span style=\"font-size: 10pt;\">R\u00e9glage cyphose motoris\u00e9e avec commande \u00e0 pieds.<\/span><br \/>\n<span style=\"font-size: 10pt;\">R\u00e9glage de la d\u00e9clive par piston \u00e0 gaz.<\/span><br \/>\n<span style=\"font-size: 10pt;\">T\u00eati\u00e8re r\u00e9glable par v\u00e9rin \u00e0 gaz, angle ajustable de -20\u00b0 \u00e0 + 55\u00b0.<\/span><br \/>\n<span style=\"font-size: 10pt;\">Repose-jambes r\u00e9glable par v\u00e9rin \u00e0 gaz, angle ajustable de 0\u00b0 \u00e0 + 90\u00b0.<\/span><br \/>\n<span style=\"font-size: 10pt;\">Supporte jusqu\u2019\u00e0 225 kg.<\/span><br \/>\n<span style=\"font-size: 10pt;\">Roulettes tournantes 360\u00b0 de 75 mm pour une excellente mobilit\u00e9 et s\u00e9curit\u00e9.<\/span><br \/>\n<span style=\"font-size: 10pt;\">Coloris rev\u00eatement: Gris graphite<\/span><br \/>\n<span style=\"font-size: 10pt;\">Rev\u00eatement en PVC<\/span><br \/>\n<span style=\"font-size: 10pt;\">Rev\u00eatement r\u00e9sistent au feu, aux taches, aux mycoses, \u00e0 l\u2019huile et \u00e0 l\u2019eau.<\/span><br \/>\n<span style=\"font-size: 10pt;\">Certifications: CE, FDA, ISO 9001-2008, ISO13485-2007.<\/span><br \/>\n<span style=\"font-size: 10pt;\">Certifi\u00e9e conform\u00e9ment \u00e0 la directive 93\/42\/CEE \u2013 certification m\u00e9dicale.<\/span><br \/>\n<span style=\"font-size: 10pt;\">Longueur du repose-jambes: 96 cm<\/span><br \/>\n<span style=\"font-size: 10pt;\">Longueur du plan central: 51 cm<\/span><br \/>\n<span style=\"font-size: 10pt;\">Longueur de la t\u00eati\u00e8re: 43 cm<\/span><br \/>\n<span style=\"font-size: 10pt;\">Longueur totale de la table: 195 cm<\/span><br \/>\nLargeur de la table: 66 cm et accoudoirs escamotables + 2&#215;10 cm sur 46 cm de long.<br \/>\n<span style=\"font-size: 10pt;\">Hauteur r\u00e9glable: 50 cm \u2013 94 cm<\/span><br \/>\n<span style=\"font-size: 10pt;\">\u00c9paisseur du matelas: 5 cm<\/span><br \/>\n<span style=\"font-size: 10pt;\">Densit\u00e9 de la mousse: 36 kg\/m\u00b3\u00a0<\/span><\/p>\n<h3>Philosophie de la table de soins physioth\u00e9rapeutes mod\u00e8le Reduca Plus:<\/h3>\n<p>La table de physioth\u00e9rapie Reduca Plus repr\u00e9sente l&rsquo;apog\u00e9e de l&rsquo;innovation dans le domaine de la r\u00e9\u00e9ducation, offrant des fonctionnalit\u00e9s avanc\u00e9es pour r\u00e9pondre aux besoins sp\u00e9cifiques des praticiens et de leurs patients. \u00c9quip\u00e9e de deux moteurs de pointe, elle assure un r\u00e9glage pr\u00e9cis de la hauteur et de la cyphose, offrant ainsi un confort optimal pendant les s\u00e9ances de traitement.Le moteur de marque permet un r\u00e9glage en hauteur de la table, tandis que le r\u00e9glage de la cyphose est motoris\u00e9 et s&rsquo;effectue facilement avec une commande \u00e0 pieds. De plus, la d\u00e9clive peut \u00eatre ajust\u00e9e gr\u00e2ce \u00e0 un piston \u00e0 gaz, offrant ainsi une polyvalence accrue pour une vari\u00e9t\u00e9 de traitements.<br \/>\nLa t\u00eati\u00e8re et le repose-jambes sont \u00e9galement r\u00e9glables, permettant ainsi une adaptation pr\u00e9cise \u00e0 chaque patient. La t\u00eati\u00e8re peut \u00eatre ajust\u00e9e par v\u00e9rin \u00e0 gaz avec un angle variable de -20\u00b0 \u00e0 + 55\u00b0, tandis que le repose-jambes offre un angle ajustable de 0\u00b0 \u00e0 + 90\u00b0, offrant ainsi un confort optimal pendant les s\u00e9ances de traitement.<br \/>\nLa table peut supporter jusqu&rsquo;\u00e0 225 kg et est \u00e9quip\u00e9e de roulettes tournantes \u00e0 360\u00b0 de 75 mm, offrant ainsi une excellente mobilit\u00e9 et s\u00e9curit\u00e9. Son rev\u00eatement en PVC gris graphite est r\u00e9sistant au feu, aux taches, aux mycoses, \u00e0 l&rsquo;huile et \u00e0 l&rsquo;eau, garantissant ainsi une durabilit\u00e9 exceptionnelle m\u00eame dans les environnements les plus exigeants.<br \/>\nCertifi\u00e9e selon les normes les plus strictes, notamment CE, FDA, ISO 9001-2008, ISO13485-2007, et conforme \u00e0 la directive 93\/42\/CEE pour la certification m\u00e9dicale, cette table offre une tranquillit\u00e9 d&rsquo;esprit absolue en mati\u00e8re de qualit\u00e9 et de s\u00e9curit\u00e9.<br \/>\nAvec des accoudoirs escamotables et une largeur de table de 66 cm, cette version Reduca Plus offre une commodit\u00e9 suppl\u00e9mentaire pour les patients et les praticiens. En r\u00e9sum\u00e9, la table de physioth\u00e9rapie Reduca Plus de Coinfycare est un choix id\u00e9al pour les praticiens soucieux d&rsquo;offrir des s\u00e9ances de traitement de haute qualit\u00e9, alliant confort, pr\u00e9cision et fiabilit\u00e9.<\/p>\n<h3>Vid\u00e9o de la table de physio mod\u00e8le Reduca :<\/h3>\n<div style=\"width: 1170px;\" class=\"wp-video\"><video class=\"wp-video-shortcode\" id=\"video-19139-1\" width=\"1170\" height=\"658\" preload=\"metadata\" controls=\"controls\"><source type=\"video\/mp4\" src=\"https:\/\/swissmassage.ch\/wp-content\/uploads\/Video-table-de-physio-Suisse-modele-Reduca-plus.mp4?_=1\" \/><a href=\"https:\/\/swissmassage.ch\/wp-content\/uploads\/Video-table-de-physio-Suisse-modele-Reduca-plus.mp4\">https:\/\/swissmassage.ch\/wp-content\/uploads\/Video-table-de-physio-Suisse-modele-Reduca-plus.mp4<\/a><\/video><\/div>\n","protected":false},"excerpt":{"rendered":"<p>Table de Physiot\u00e9rapie Reduca Plus ch\u00e2ssis gris. Table de physio \u00e9lectrique Reduca Plus avec 2 moteurs, un pour la hauteur avec commande p\u00e9riph\u00e9rique cadre \u00e0 pieds, et le deuxi\u00e8me pour la cyphose. Description de la table de physio Reduca Plus: Le moteur de marque r\u00e8gle la hauteur de la table. R\u00e9glage de la hauteur avec&hellip;<\/p>\n","protected":false},"featured_media":7716,"template":"","meta":{"_seopress_robots_primary_cat":"none","_seopress_titles_title":"Table de physioth\u00e9rapie \u00e9lectrique Reduca Plus 2 moteurs","_seopress_titles_desc":"La table de physioth\u00e9rapie Reduca Plus repr\u00e9sente l'apog\u00e9e de l'innovation dans le domaine de la r\u00e9\u00e9ducation. R\u00e9glage cyphose motoris\u00e9e avec commande \u00e0 pieds.","_seopress_robots_index":""},"pwb-brand":[],"product_brand":[],"product_cat":[1233,292,1076],"product_tag":[1194,1195],"product_folder":[],"class_list":{"0":"post-19139","1":"product","2":"type-product","3":"status-publish","4":"has-post-thumbnail","6":"product_cat-equipements-les-plus-populaires","7":"product_cat-table-de-physiotherapie","8":"product_cat-tous-les-articles-physio-medical","9":"product_tag-physio","10":"product_tag-table-de-physio","12":"first","13":"instock","14":"taxable","15":"shipping-taxable","16":"purchasable","17":"product-type-simple"},"exclude_global_add_ons":false,"addons":[{"name":"Options:","type":"checkbox","position":0,"required":false,"title_format":"label","description_enable":false,"description":"","placeholder_enable":false,"placeholder":"","display":"select","restrictions_type":"any_text","adjust_price":false,"price":"","price_type":"flat_fee","restrictions":false,"min":0,"max":0,"options":[{"label":"D\u00e9rouleur de papier d'examen","price":"80","price_type":"flat_fee","image":0}],"id":1718011505}],"brands":[],"_links":{"self":[{"href":"https:\/\/swissmassage.ch\/fr\/wp-json\/wp\/v2\/product\/19139","targetHints":{"allow":["GET"]}}],"collection":[{"href":"https:\/\/swissmassage.ch\/fr\/wp-json\/wp\/v2\/product"}],"about":[{"href":"https:\/\/swissmassage.ch\/fr\/wp-json\/wp\/v2\/types\/product"}],"wp:featuredmedia":[{"embeddable":true,"href":"https:\/\/swissmassage.ch\/fr\/wp-json\/wp\/v2\/media\/7716"}],"wp:attachment":[{"href":"https:\/\/swissmassage.ch\/fr\/wp-json\/wp\/v2\/media?parent=19139"}],"wp:term":[{"taxonomy":"pwb-brand","embeddable":true,"href":"https:\/\/swissmassage.ch\/fr\/wp-json\/wp\/v2\/pwb-brand?post=19139"},{"taxonomy":"product_brand","embeddable":true,"href":"https:\/\/swissmassage.ch\/fr\/wp-json\/wp\/v2\/product_brand?post=19139"},{"taxonomy":"product_cat","embeddable":true,"href":"https:\/\/swissmassage.ch\/fr\/wp-json\/wp\/v2\/product_cat?post=19139"},{"taxonomy":"product_tag","embeddable":true,"href":"https:\/\/swissmassage.ch\/fr\/wp-json\/wp\/v2\/product_tag?post=19139"},{"taxonomy":"product_folder","embeddable":true,"href":"https:\/\/swissmassage.ch\/fr\/wp-json\/wp\/v2\/product_folder?post=19139"}],"curies":[{"name":"wp","href":"https:\/\/api.w.org\/{rel}","templated":true}]}}