{"id":19377,"date":"2025-07-22T11:28:07","date_gmt":"2025-07-22T09:28:07","guid":{"rendered":"https:\/\/swissmassage.ch\/?post_type=product&#038;p=19377"},"modified":"2025-11-13T08:14:20","modified_gmt":"2025-11-13T07:14:20","slug":"chauffe-pierres-et-huiles-professionnel-multifonction","status":"publish","type":"product","link":"https:\/\/swissmassage.ch\/fr\/produits\/chauffe-pierres-et-huiles-professionnel-multifonction\/","title":{"rendered":"Chauffe-pierres et huiles professionnel multifonction"},"content":{"rendered":"<h2 style=\"text-align: left;\">Chauffe-pierres et huiles \u00e9lectrique professionnel avec support pour 3 flacons<\/h2>\n<h3>Description technique<\/h3>\n<p>Deux zones de chauffe pour pierres de massage, avec plaques chauffantes de 500W chacune<br \/>\nTrois zones de chauffe pour huiles ou lotions de massage, avec tubes chauffants de 50W chacun<br \/>\nInsert en silicone inclus pour la cuisson vapeur des tampons aux herbes<br \/>\nContr\u00f4le ind\u00e9pendant des zones de chauffe (pierres et huiles s\u00e9par\u00e9ment)<br \/>\nChauffe rapide en 15 minutes (de 25\u00b0C \u00e0 46\u00b0C),\u00a0 en 20 minutes (53\u00b0C), en 30 minutes (62\u00b0C pour les huiles et 68\u00b0C pour les pierres)<br \/>\nAffichage digital de la temp\u00e9rature : temp\u00e9rature actuelle et temp\u00e9rature programm\u00e9e<br \/>\nConversion possible entre Celsius (\u00b0C) et Fahrenheit (\u00b0F)<br \/>\nDimensions : 61 x 38 x 20 cm<br \/>\nEnveloppe en acier inoxydable 304, cuve interne en acier carbone \u00e9maill\u00e9<br \/>\nDesign pratique avec couvercle \u00e0 bascule<\/p>\n<h3>Description produit<\/h3>\n<p>Pens\u00e9 pour les professionnels exigeants, ce chauffe pierres et huiles de massage tout-en-un est l&rsquo;alli\u00e9 id\u00e9al pour gagner du temps et offrir un confort optimal \u00e0 vos clients.<\/p>\n<p>Fini les longues attentes : gr\u00e2ce \u00e0 sa technologie de chauffe par zones, cet appareil monte en temp\u00e9rature rapidement et vous permet de pr\u00e9parer vos accessoires en un clin d\u2019\u0153il. Les pierres de massage sont chauff\u00e9es s\u00e9par\u00e9ment des huiles, pour une ma\u00eetrise totale de votre s\u00e9ance.<\/p>\n<p>Chaque zone dispose de son propre r\u00e9glage, affich\u00e9 en temps r\u00e9el sur l\u2019\u00e9cran digital. Vous pouvez ainsi adapter la temp\u00e9rature \u00e0 vos pr\u00e9f\u00e9rences, en toute simplicit\u00e9.<\/p>\n<p>Fabriqu\u00e9 \u00e0 partir de mat\u00e9riaux robustes (acier inoxydable, aluminium et acier carbone \u00e9maill\u00e9), cet appareil allie performance, durabilit\u00e9 et s\u00e9curit\u00e9. Sa conception intelligente avec couvercle rabattable permet une manipulation ais\u00e9e des pierres, m\u00eame en cours de soin.<\/p>\n<p>Un indispensable pour tout cabinet de massage ou institut qui souhaite offrir une exp\u00e9rience premium.<\/p>\n","protected":false},"excerpt":{"rendered":"<p>Chauffe-pierres et huiles \u00e9lectrique professionnel avec support pour 3 flacons Description technique Deux zones de chauffe pour pierres de massage, avec plaques chauffantes de 500W chacune Trois zones de chauffe pour huiles ou lotions de massage, avec tubes chauffants de 50W chacun Insert en silicone inclus pour la cuisson vapeur des tampons aux herbes Contr\u00f4le&hellip;<\/p>\n","protected":false},"featured_media":19654,"template":"","meta":{"_seopress_robots_primary_cat":"none","_seopress_titles_title":"","_seopress_titles_desc":"Chauffe-pierres et huiles 2-en-1 pour professionnels, avec 3 zones chauffe-huiles et insert vapeur. Id\u00e9al pour vos soins bien-\u00eatre.","_seopress_robots_index":""},"pwb-brand":[],"product_brand":[],"product_cat":[1273,1298,272,1079],"product_tag":[],"product_folder":[],"class_list":{"0":"post-19377","1":"product","2":"type-product","3":"status-publish","4":"has-post-thumbnail","6":"product_cat-huiles-de-massage","7":"product_cat-huiles-de-massage-suisses","8":"product_cat-pierres-chaudes","9":"product_cat-tous-les-accessoires-de-massage","11":"first","12":"instock","13":"taxable","14":"shipping-taxable","15":"purchasable","16":"product-type-simple"},"exclude_global_add_ons":[],"addons":[],"brands":[],"_links":{"self":[{"href":"https:\/\/swissmassage.ch\/fr\/wp-json\/wp\/v2\/product\/19377","targetHints":{"allow":["GET"]}}],"collection":[{"href":"https:\/\/swissmassage.ch\/fr\/wp-json\/wp\/v2\/product"}],"about":[{"href":"https:\/\/swissmassage.ch\/fr\/wp-json\/wp\/v2\/types\/product"}],"wp:featuredmedia":[{"embeddable":true,"href":"https:\/\/swissmassage.ch\/fr\/wp-json\/wp\/v2\/media\/19654"}],"wp:attachment":[{"href":"https:\/\/swissmassage.ch\/fr\/wp-json\/wp\/v2\/media?parent=19377"}],"wp:term":[{"taxonomy":"pwb-brand","embeddable":true,"href":"https:\/\/swissmassage.ch\/fr\/wp-json\/wp\/v2\/pwb-brand?post=19377"},{"taxonomy":"product_brand","embeddable":true,"href":"https:\/\/swissmassage.ch\/fr\/wp-json\/wp\/v2\/product_brand?post=19377"},{"taxonomy":"product_cat","embeddable":true,"href":"https:\/\/swissmassage.ch\/fr\/wp-json\/wp\/v2\/product_cat?post=19377"},{"taxonomy":"product_tag","embeddable":true,"href":"https:\/\/swissmassage.ch\/fr\/wp-json\/wp\/v2\/product_tag?post=19377"},{"taxonomy":"product_folder","embeddable":true,"href":"https:\/\/swissmassage.ch\/fr\/wp-json\/wp\/v2\/product_folder?post=19377"}],"curies":[{"name":"wp","href":"https:\/\/api.w.org\/{rel}","templated":true}]}}