{"id":19665,"date":"2025-08-15T09:59:33","date_gmt":"2025-08-15T07:59:33","guid":{"rendered":"https:\/\/swissmassage.ch\/?post_type=product&#038;p=19665"},"modified":"2026-01-16T15:36:49","modified_gmt":"2026-01-16T14:36:49","slug":"table-de-physio-modele-energy-plus","status":"publish","type":"product","link":"https:\/\/swissmassage.ch\/fr\/produits\/table-de-physio-modele-energy-plus\/","title":{"rendered":"Table de Physio Mod\u00e8le Energy Plus"},"content":{"rendered":"<h2>Table de physiot\u00e9rapie Energy Plus.<\/h2>\n<p><span style=\"font-size: 10pt;\">Table de physio \u00e9lectrique Energy Plus avec 1 moteur pour la hauteur avec commande p\u00e9riph\u00e9rique cadre \u00e0 pieds.<\/span><\/p>\n<h2>Description de la table de physio Energy Plus:<\/h2>\n<p><span style=\"font-size: 10pt;\">Le moteur de marque r\u00e8gle la hauteur de la table.<\/span><br \/>\n<span style=\"font-size: 10pt;\">R\u00e9glage de la hauteur avec une commande p\u00e9riph\u00e9rique cadre.<\/span><br \/>\n<span style=\"font-size: 10pt;\">R\u00e9glage de la d\u00e9clive par piston \u00e0 gaz.<\/span><br \/>\n<span style=\"font-size: 10pt;\">T\u00eati\u00e8re r\u00e9glable par v\u00e9rin \u00e0 gaz, angle ajustable de -20\u00b0 \u00e0 + 55\u00b0.<\/span><br \/>\n<span style=\"font-size: 10pt;\">Repose-jambes r\u00e9glable par v\u00e9rin \u00e0 gaz, angle ajustable de 0\u00b0 \u00e0 + 90\u00b0.<\/span><br \/>\n<span style=\"font-size: 10pt;\">Supporte jusqu\u2019\u00e0 225 kg.<\/span><br \/>\n<span style=\"font-size: 10pt;\">Roulettes tournantes 360\u00b0 de 75 mm pour une excellente mobilit\u00e9 et s\u00e9curit\u00e9.<\/span><br \/>\n<span style=\"font-size: 10pt;\">Coloris rev\u00eatement: Gris graphite<\/span><br \/>\n<span style=\"font-size: 10pt;\">Rev\u00eatement en PVC couleur gris ciment, <\/span><span style=\"font-size: 10pt;\">r\u00e9sistent au feu, aux taches, aux mycoses, \u00e0 l\u2019huile et \u00e0 l\u2019eau.<\/span><br \/>\n<span style=\"font-size: 10pt;\">Certifications: CE, FDA, ISO 9001-2008, ISO13485-2007.<\/span><br \/>\n<span style=\"font-size: 10pt;\">Certifi\u00e9e conform\u00e9ment \u00e0 la directive 93\/42\/CEE \u2013 certification m\u00e9dicale.<\/span><br \/>\n<span style=\"font-size: 10pt;\">Longueur du repose-jambes: 96 cm<\/span><br \/>\n<span style=\"font-size: 10pt;\">Longueur du plan central: 51 cm<\/span><br \/>\n<span style=\"font-size: 10pt;\">Longueur de la t\u00eati\u00e8re: 43 cm<\/span><br \/>\n<span style=\"font-size: 10pt;\">Longueur totale de la table: 195 cm<\/span><br \/>\nLargeur de la table: 66 cm et accoudoirs escamotables + 2&#215;10 cm sur 46 cm de long.<br \/>\n<span style=\"font-size: 10pt;\">Hauteur r\u00e9glable: 45 cm \u2013 95 cm<\/span><br \/>\n<span style=\"font-size: 10pt;\">\u00c9paisseur du matelas: 5 cm<\/span><br \/>\n<span style=\"font-size: 10pt;\">Densit\u00e9 de la mousse: 36 kg\/m\u00b3\u00a0<\/span><\/p>\n<h3>Philosophie de la table de soins physioth\u00e9rapeutes mod\u00e8le Energy Plus:<\/h3>\n<p>L\u2019expertise au service de la r\u00e9\u00e9ducation.<br \/>\nLa table de physioth\u00e9rapie Energy Plus incarne le summum de l\u2019innovation dans le domaine de la r\u00e9\u00e9ducation. Con\u00e7ue pour r\u00e9pondre aux exigences les plus \u00e9lev\u00e9es des praticiens et offrir un confort optimal aux patients, elle int\u00e8gre des fonctionnalit\u00e9s avanc\u00e9es et une ergonomie de pointe.<br \/>\nElle permet un r\u00e9glage pr\u00e9cis de la hauteur, garantissant une adaptation parfaite \u00e0 chaque s\u00e9ance. Le moteur assure un ajustement fluide de la hauteur. La d\u00e9clive, quant \u00e0 elle, se r\u00e8gle via un piston \u00e0 gaz, offrant ainsi une polyvalence optimale pour divers protocoles de traitement.<br \/>\nLa t\u00eati\u00e8re et les repose-bras sont enti\u00e8rement ajustables pour s\u2019adapter \u00e0 chaque morphologie, elle est r\u00e9glable par v\u00e9rin \u00e0 gaz, offre un angle de -20\u00b0 \u00e0 +55\u00b0, tandis que les repose-bras perm\u00e8tent un ajustement, assurant un confort maximal tout au long de la s\u00e9ance.<br \/>\nCon\u00e7ue pour la robustesse et la s\u00e9curit\u00e9, la table supporte jusqu\u2019\u00e0 225 kg et dispose de roulettes pivotantes \u00e0 360\u00b0 de 75 mm, garantissant une mobilit\u00e9 ais\u00e9e. Son rev\u00eatement en PVC gris, r\u00e9sistant au feu, aux taches, aux mycoses, \u00e0 l\u2019huile et \u00e0 l\u2019eau, assure une durabilit\u00e9 exceptionnelle m\u00eame dans les environnements de travail les plus exigeants.<br \/>\nCertifi\u00e9e selon les normes internationales les plus strictes (CE, FDA, ISO 9001:2008, ISO 13485:2007) et conforme \u00e0 la directive 93\/42\/CEE relative aux dispositifs m\u00e9dicaux, la table Energy Plus garantit une qualit\u00e9 et une s\u00e9curit\u00e9 irr\u00e9prochables.<br \/>\nAvec ses accoudoirs escamotables qui augmentent sa largeur de 66 cm \u00e0 86 cm, elle offre un confort suppl\u00e9mentaire, tant pour le praticien que pour le patient.<br \/>\nLa table de physioth\u00e9rapie Energy Plus de Coinfycare est le choix privil\u00e9gi\u00e9 des professionnels souhaitant allier pr\u00e9cision, confort et fiabilit\u00e9 pour des soins de physioth\u00e9rapies et de r\u00e9\u00e9ducation.<\/p>\n","protected":false},"excerpt":{"rendered":"<p>Table de physiot\u00e9rapie Energy Plus. Table de physio \u00e9lectrique Energy Plus avec 1 moteur pour la hauteur avec commande p\u00e9riph\u00e9rique cadre \u00e0 pieds. Description de la table de physio Energy Plus: Le moteur de marque r\u00e8gle la hauteur de la table. R\u00e9glage de la hauteur avec une commande p\u00e9riph\u00e9rique cadre. R\u00e9glage de la d\u00e9clive par&hellip;<\/p>\n","protected":false},"featured_media":19671,"template":"","meta":{"_seopress_robots_primary_cat":"none","_seopress_titles_title":"Table de physioth\u00e9rapie \u00e9lectrique Reduca Plus 2 moteurs","_seopress_titles_desc":"La table de physioth\u00e9rapie Reduca Plus repr\u00e9sente l'apog\u00e9e de l'innovation dans le domaine de la r\u00e9\u00e9ducation. R\u00e9glage cyphose motoris\u00e9e avec commande \u00e0 pieds.","_seopress_robots_index":""},"pwb-brand":[],"product_brand":[],"product_cat":[1233,292,1076],"product_tag":[1194,1195],"product_folder":[],"class_list":{"0":"post-19665","1":"product","2":"type-product","3":"status-publish","4":"has-post-thumbnail","6":"product_cat-equipements-les-plus-populaires","7":"product_cat-table-de-physiotherapie","8":"product_cat-tous-les-articles-physio-medical","9":"product_tag-physio","10":"product_tag-table-de-physio","12":"first","13":"instock","14":"taxable","15":"shipping-taxable","16":"purchasable","17":"product-type-simple"},"exclude_global_add_ons":false,"addons":[{"name":"Options:","type":"checkbox","position":0,"required":false,"title_format":"label","description_enable":false,"description":"","placeholder_enable":false,"placeholder":"","display":"select","restrictions_type":"any_text","adjust_price":false,"price":"","price_type":"flat_fee","restrictions":false,"min":0,"max":0,"options":[{"label":"D\u00e9rouleur de papier d'examen","price":"80","price_type":"flat_fee","image":0}],"id":1718011505}],"brands":[],"_links":{"self":[{"href":"https:\/\/swissmassage.ch\/fr\/wp-json\/wp\/v2\/product\/19665","targetHints":{"allow":["GET"]}}],"collection":[{"href":"https:\/\/swissmassage.ch\/fr\/wp-json\/wp\/v2\/product"}],"about":[{"href":"https:\/\/swissmassage.ch\/fr\/wp-json\/wp\/v2\/types\/product"}],"wp:featuredmedia":[{"embeddable":true,"href":"https:\/\/swissmassage.ch\/fr\/wp-json\/wp\/v2\/media\/19671"}],"wp:attachment":[{"href":"https:\/\/swissmassage.ch\/fr\/wp-json\/wp\/v2\/media?parent=19665"}],"wp:term":[{"taxonomy":"pwb-brand","embeddable":true,"href":"https:\/\/swissmassage.ch\/fr\/wp-json\/wp\/v2\/pwb-brand?post=19665"},{"taxonomy":"product_brand","embeddable":true,"href":"https:\/\/swissmassage.ch\/fr\/wp-json\/wp\/v2\/product_brand?post=19665"},{"taxonomy":"product_cat","embeddable":true,"href":"https:\/\/swissmassage.ch\/fr\/wp-json\/wp\/v2\/product_cat?post=19665"},{"taxonomy":"product_tag","embeddable":true,"href":"https:\/\/swissmassage.ch\/fr\/wp-json\/wp\/v2\/product_tag?post=19665"},{"taxonomy":"product_folder","embeddable":true,"href":"https:\/\/swissmassage.ch\/fr\/wp-json\/wp\/v2\/product_folder?post=19665"}],"curies":[{"name":"wp","href":"https:\/\/api.w.org\/{rel}","templated":true}]}}