{"id":19782,"date":"2025-08-29T08:49:45","date_gmt":"2025-08-29T06:49:45","guid":{"rendered":"https:\/\/swissmassage.ch\/?post_type=product&#038;p=19782"},"modified":"2025-09-02T11:06:56","modified_gmt":"2025-09-02T09:06:56","slug":"kit-rallonge-table-de-massage-electrique","status":"publish","type":"product","link":"https:\/\/swissmassage.ch\/fr\/produits\/kit-rallonge-table-de-massage-electrique\/","title":{"rendered":"Kit Rallonge Table de massage \u00e9lectrique"},"content":{"rendered":"<h2 style=\"text-align: left;\">Kit Rallonge pour table de massage \u00e9lectrique.<\/h2>\n<p><span style=\"font-size: 10pt;\">Augmentation de longueur de 15 cm.<\/span><br \/>\n<span style=\"font-size: 10pt;\">Largeur standard 69 cm.<\/span><br \/>\n<span style=\"font-size: 10pt;\">Epaisseur de mousse 8 cm.<br \/>\nHauteur ajustable \u00e0 la table de massage.<\/span><br \/>\n<span style=\"font-size: 10pt;\">Montage simple.<\/span><\/p>\n<h3>Objectif:<\/h3>\n<p data-start=\"103\" data-end=\"358\">Offrez plus de confort \u00e0 vos clients gr\u00e2ce au <strong data-start=\"149\" data-end=\"187\">kit rallonge pour table de massage<\/strong>.<br data-start=\"188\" data-end=\"191\" \/>Con\u00e7u en collaboration avec des th\u00e9rapeutes, il r\u00e9pond particuli\u00e8rement aux besoins des praticiens en massage sportif travaillant avec des athl\u00e8tes de grande taille.<br \/>\nFacile \u00e0 installer, ce syst\u00e8me s\u2019adapte \u00e0 la majorit\u00e9 des tables de massage et ajoute <strong data-start=\"446\" data-end=\"471\">15 cm suppl\u00e9mentaires<\/strong>, portant leur longueur totale jusqu\u2019\u00e0 <strong data-start=\"510\" data-end=\"520\">215 cm<\/strong>.<br \/>\nR\u00e9sultat : une table de soins plus spacieuse, adapt\u00e9e \u00e0 toutes les morphologies, et une qualit\u00e9 de soin optimale.<\/p>\n<p><span style=\"font-size: 10pt;\">Livrable dans toute la Suisse. Ou \u00e0 l&#8217;emporter directement dans notre atelier.<\/span><\/p>\n","protected":false},"excerpt":{"rendered":"<p>Kit Rallonge pour table de massage \u00e9lectrique. Augmentation de longueur de 15 cm. Largeur standard 69 cm. Epaisseur de mousse 8 cm. Hauteur ajustable \u00e0 la table de massage. Montage simple. Objectif: Offrez plus de confort \u00e0 vos clients gr\u00e2ce au kit rallonge pour table de massage.Con\u00e7u en collaboration avec des th\u00e9rapeutes, il r\u00e9pond particuli\u00e8rement&hellip;<\/p>\n","protected":false},"featured_media":19770,"template":"","meta":{"_seopress_robots_primary_cat":"none","_seopress_titles_title":"Rallonge pour table de massage - Swissmassage","_seopress_titles_desc":"Rallonge pour table de massage : \u00e9tend la longueur de votre table pour un confort suppl\u00e9mentaire, id\u00e9ale pour s'adapter \u00e0 des clients de diff\u00e9rentes tailles.","_seopress_robots_index":""},"pwb-brand":[],"product_brand":[],"product_cat":[356,1079],"product_tag":[],"product_folder":[],"class_list":{"0":"post-19782","1":"product","2":"type-product","3":"status-publish","4":"has-post-thumbnail","6":"product_cat-accessoires-table-de-massage","7":"product_cat-tous-les-accessoires-de-massage","9":"first","10":"instock","11":"taxable","12":"shipping-taxable","13":"purchasable","14":"product-type-simple"},"exclude_global_add_ons":[],"addons":[],"brands":[],"_links":{"self":[{"href":"https:\/\/swissmassage.ch\/fr\/wp-json\/wp\/v2\/product\/19782","targetHints":{"allow":["GET"]}}],"collection":[{"href":"https:\/\/swissmassage.ch\/fr\/wp-json\/wp\/v2\/product"}],"about":[{"href":"https:\/\/swissmassage.ch\/fr\/wp-json\/wp\/v2\/types\/product"}],"wp:featuredmedia":[{"embeddable":true,"href":"https:\/\/swissmassage.ch\/fr\/wp-json\/wp\/v2\/media\/19770"}],"wp:attachment":[{"href":"https:\/\/swissmassage.ch\/fr\/wp-json\/wp\/v2\/media?parent=19782"}],"wp:term":[{"taxonomy":"pwb-brand","embeddable":true,"href":"https:\/\/swissmassage.ch\/fr\/wp-json\/wp\/v2\/pwb-brand?post=19782"},{"taxonomy":"product_brand","embeddable":true,"href":"https:\/\/swissmassage.ch\/fr\/wp-json\/wp\/v2\/product_brand?post=19782"},{"taxonomy":"product_cat","embeddable":true,"href":"https:\/\/swissmassage.ch\/fr\/wp-json\/wp\/v2\/product_cat?post=19782"},{"taxonomy":"product_tag","embeddable":true,"href":"https:\/\/swissmassage.ch\/fr\/wp-json\/wp\/v2\/product_tag?post=19782"},{"taxonomy":"product_folder","embeddable":true,"href":"https:\/\/swissmassage.ch\/fr\/wp-json\/wp\/v2\/product_folder?post=19782"}],"curies":[{"name":"wp","href":"https:\/\/api.w.org\/{rel}","templated":true}]}}