{"id":21110,"date":"2025-10-31T11:14:33","date_gmt":"2025-10-31T10:14:33","guid":{"rendered":"https:\/\/swissmassage.ch\/?post_type=product&#038;p=21110"},"modified":"2026-02-25T16:06:48","modified_gmt":"2026-02-25T15:06:48","slug":"table-massage-modele-sweet-blanche","status":"publish","type":"product","link":"https:\/\/swissmassage.ch\/fr\/produits\/table-massage-modele-sweet-blanche\/","title":{"rendered":"Table massage Mod\u00e8le Sweet blanche"},"content":{"rendered":"<h2><strong>Table de Massage \u00e9lectrique Sweet blanche chauffante.<\/strong><\/h2>\n<p>Elle est dot\u00e9e de quatre moteurs silencieux avec t\u00e9l\u00e9commande \u00e0 main.<br \/>\nDeux moteurs pour le r\u00e9glage de la hauteur de la table de massage de 68cm \u00e0 88cm.<br \/>\nEt de l&rsquo;inclinaison de la table de SPA.<br \/>\nUn moteur pour le r\u00e9glage du dossier du lit de SPA en position assise.<br \/>\nUn moteur permet de relever les jambes afin de soulager les lombaires.<br \/>\nRev\u00eatement souple confort en Polyur\u00e9thane blanc.<br \/>\nDossier avec trou facial et bouchon.<br \/>\nRepose bras r\u00e9glables pour un meilleur confort en position ventrale.<br \/>\nMousse sp\u00e9ciale extra-confort multi-couches 9 + 3 cm memory tr\u00e8s confortable et efficace pour les massages.<br \/>\nNatte chauffante int\u00e9gr\u00e9e.<br \/>\nEclairage \u00e0 leds indirecte, permet de cr\u00e9er l&rsquo;ambiance souhait\u00e9e.<br \/>\nDesign id\u00e9al pour les h\u00f4tels, les SPA et les centres Wellness.<br \/>\nLargeur de la table de massage 79 cm,<br \/>\nLongueur de la table de massage 200 cm.<br \/>\nHauteur de la table de massage 68 \u00e0 88cm.<br \/>\nPoids table de massage 106 kg.<\/p>\n<p><span style=\"font-size: 10pt;\">(!)<br \/>\nla natte chauffante est con\u00e7ue de fa\u00e7on \u00e0 ti\u00e9dir le matelas. Tr\u00e8s appr\u00e9ci\u00e9e par les patients,\u00a0 elle donne une sensation de bien-\u00eatre. La chaleur fournie est diffuse et n\u2019a pas de vocation th\u00e9rapeutique.<br \/>\nPour une utilisation th\u00e9rapeutique, nous conseillons l&rsquo;achat de notre <a href=\"https:\/\/swissmassage.ch\/produit\/couverture-chauffante-table-de-massage\/\"><span style=\"color: #993366;\">couverture chauffante<\/span><\/a>, r\u00e9glable sur 10 niveaux de temp\u00e9ratures et \u00e9quip\u00e9e d\u2019un timer programmable de une \u00e0 dix heures qui s\u2019\u00e9teint automatiquement apr\u00e8s utilisation.<\/span><\/p>\n","protected":false},"excerpt":{"rendered":"<p>Table de Massage \u00e9lectrique Sweet blanche chauffante. Elle est dot\u00e9e de quatre moteurs silencieux avec t\u00e9l\u00e9commande \u00e0 main. Deux moteurs pour le r\u00e9glage de la hauteur de la table de massage de 68cm \u00e0 88cm. Et de l&rsquo;inclinaison de la table de SPA. Un moteur pour le r\u00e9glage du dossier du lit de SPA en&hellip;<\/p>\n","protected":false},"featured_media":20479,"template":"","meta":{"_seopress_robots_primary_cat":"none","_seopress_titles_title":"","_seopress_titles_desc":"La Table de Massage \u00e9lectrique Excellence est un choix id\u00e9al pour les centres de bien-\u00eatre. \u00c9quip\u00e9e de quatre moteurs silencieux et rapides, elle offre un contr\u00f4le pr\u00e9cis.","_seopress_robots_index":""},"pwb-brand":[],"product_brand":[],"product_cat":[213,1075],"product_tag":[1131,1064,1130],"product_folder":[],"class_list":{"0":"post-21110","1":"product","2":"type-product","3":"status-publish","4":"has-post-thumbnail","6":"product_cat-table-de-massage-electrique","7":"product_cat-tous-les-articles-de-massage","8":"product_tag-massage","9":"product_tag-table-de-massage","10":"product_tag-table-de-massage-electrique","11":"product_shipping_class-frais-de-port-inclus-colis","13":"first","14":"instock","15":"taxable","16":"shipping-taxable","17":"purchasable","18":"product-type-simple"},"exclude_global_add_ons":false,"addons":{"0":{"name":"Option dessous de pieds en feutre, facilitent le d\u00e9placement","type":"multiple_choice","position":0,"required":false,"title_format":"label","description_enable":false,"description":"","placeholder_enable":false,"placeholder":"","display":"images","restrictions_type":"any_text","adjust_price":false,"price":"","price_type":"flat_fee","restrictions":false,"min":0,"max":0,"options":[{"label":"Avec dessous de pieds en feutre","price":"24","price_type":"flat_fee","image":8612}],"id":1720449559},"1":{"name":"Option Kit t\u00eati\u00e8re","type":"multiple_choice","position":1,"required":false,"title_format":"label","description_enable":false,"description":"","placeholder_enable":false,"placeholder":"","display":"images","restrictions_type":"any_text","adjust_price":false,"price":"","price_type":"flat_fee","restrictions":false,"min":0,"max":0,"options":[{"label":"Avec Kit t\u00eati\u00e8re inclinable","price":"180","price_type":"flat_fee","image":8713}],"id":1720449560},"5":{"name":"Option commande \u00e0 pieds","type":"multiple_choice","position":2,"required":false,"title_format":"label","description_enable":false,"description":"","placeholder_enable":false,"placeholder":"","display":"images","restrictions_type":"any_text","adjust_price":false,"price":"","price_type":"flat_fee","restrictions":false,"min":0,"max":0,"options":[{"label":"Avec commande \u00e0 pieds","price":"290","price_type":"flat_fee","image":8723}],"id":1772035609},"2":{"name":"Option support d\u00e9rouleur de papier de protection","type":"multiple_choice","position":3,"required":false,"title_format":"label","description_enable":false,"description":"","placeholder_enable":false,"placeholder":"","display":"images","restrictions_type":"any_text","adjust_price":false,"price":"","price_type":"flat_fee","restrictions":false,"min":0,"max":0,"options":[{"label":"Avec d\u00e9rouleur de papier de protection","price":"80","price_type":"flat_fee","image":8726}],"id":1720449561},"3":{"name":"Option rallonge +16 cm","type":"multiple_choice","position":4,"required":false,"title_format":"label","description_enable":false,"description":"","placeholder_enable":false,"placeholder":"","display":"images","restrictions_type":"any_text","adjust_price":false,"price":"","price_type":"flat_fee","restrictions":false,"min":0,"max":0,"options":[{"label":"Option rallonge +16 cm","price":"260","price_type":"flat_fee","image":19778}],"id":1756912400},"4":{"name":"Options financement","type":"checkbox","position":5,"required":false,"title_format":"label","description_enable":false,"description":"","placeholder_enable":false,"placeholder":"","display":"select","restrictions_type":"any_text","adjust_price":false,"price":"","price_type":"flat_fee","restrictions":false,"min":0,"max":0,"options":[{"label":"Pour les professionnels, possibilit\u00e9 de financement sur 24 mois","price":"","price_type":"flat_fee","image":0}],"id":1720449562}},"brands":[],"_links":{"self":[{"href":"https:\/\/swissmassage.ch\/fr\/wp-json\/wp\/v2\/product\/21110","targetHints":{"allow":["GET"]}}],"collection":[{"href":"https:\/\/swissmassage.ch\/fr\/wp-json\/wp\/v2\/product"}],"about":[{"href":"https:\/\/swissmassage.ch\/fr\/wp-json\/wp\/v2\/types\/product"}],"wp:featuredmedia":[{"embeddable":true,"href":"https:\/\/swissmassage.ch\/fr\/wp-json\/wp\/v2\/media\/20479"}],"wp:attachment":[{"href":"https:\/\/swissmassage.ch\/fr\/wp-json\/wp\/v2\/media?parent=21110"}],"wp:term":[{"taxonomy":"pwb-brand","embeddable":true,"href":"https:\/\/swissmassage.ch\/fr\/wp-json\/wp\/v2\/pwb-brand?post=21110"},{"taxonomy":"product_brand","embeddable":true,"href":"https:\/\/swissmassage.ch\/fr\/wp-json\/wp\/v2\/product_brand?post=21110"},{"taxonomy":"product_cat","embeddable":true,"href":"https:\/\/swissmassage.ch\/fr\/wp-json\/wp\/v2\/product_cat?post=21110"},{"taxonomy":"product_tag","embeddable":true,"href":"https:\/\/swissmassage.ch\/fr\/wp-json\/wp\/v2\/product_tag?post=21110"},{"taxonomy":"product_folder","embeddable":true,"href":"https:\/\/swissmassage.ch\/fr\/wp-json\/wp\/v2\/product_folder?post=21110"}],"curies":[{"name":"wp","href":"https:\/\/api.w.org\/{rel}","templated":true}]}}