{"id":21152,"date":"2025-11-01T17:22:36","date_gmt":"2025-11-01T16:22:36","guid":{"rendered":"https:\/\/swissmassage.ch\/?post_type=product&#038;p=21152"},"modified":"2026-01-19T16:34:22","modified_gmt":"2026-01-19T15:34:22","slug":"fauteuil-podologie-modele-beautyfeet","status":"publish","type":"product","link":"https:\/\/swissmassage.ch\/fr\/produits\/fauteuil-podologie-modele-beautyfeet\/","title":{"rendered":"Fauteuil Podologie mod\u00e8le BeautyFeet"},"content":{"rendered":"<h2>Fauteuil Podologie mod\u00e8le BeautyFeet<\/h2>\n<p>Permet de pratiquer les soins de podologie avec si\u00e8ge chauffant.<br \/>\nil dispose de 3 moteurs silencieux avec boutons de commande.<br \/>\nUn moteur r\u00e8gle la hauteur avec une grande amplitude de 67 cm \u00e0 100 cm.<br \/>\nUn moteur rel\u00e8ve le dossier en position assise.<br \/>\nUn moteur permet de relever les jambes et de changer l&rsquo;inclinaison de la chaise de massage.<br \/>\nAppuis-t\u00eate r\u00e9glable pr\u00e9cis pour un confort maximum.<br \/>\nMousse de 8,5cm haute densit\u00e9 tr\u00e8s confortable et efficace.<br \/>\nLargeur 66 cm + 10 cm de chaque c\u00f4t\u00e9s avec les accoudoirs escamotables soit 86 cm.<br \/>\nRotation des jambes de 0 \u00e0 90\u00b0<br \/>\nLongueur 190 cm.<br \/>\nPoids 90 Kg.<br \/>\nPoids support\u00e9 180 Kg.<\/p>\n<p>&nbsp;<\/p>\n","protected":false},"excerpt":{"rendered":"<p>Fauteuil Podologie mod\u00e8le BeautyFeet Permet de pratiquer les soins de podologie avec si\u00e8ge chauffant. il dispose de 3 moteurs silencieux avec boutons de commande. Un moteur r\u00e8gle la hauteur avec une grande amplitude de 67 cm \u00e0 100 cm. Un moteur rel\u00e8ve le dossier en position assise. Un moteur permet de relever les jambes et&hellip;<\/p>\n","protected":false},"featured_media":21148,"template":"","meta":{"_seopress_robots_primary_cat":"1053","_seopress_titles_title":"","_seopress_titles_desc":"Fauteuil param\u00e9dical pour soins de podologie ou de p\u00e9dicure. Elle dispose de 3 moteurs tr\u00e8s rapides et silencieux avec t\u00e9l\u00e9commande \u00e0 main.","_seopress_robots_index":""},"pwb-brand":[],"product_brand":[],"product_cat":[1053,344,268,1077,1076,1080],"product_tag":[1168,1167,1135,1088],"product_folder":[],"class_list":{"0":"post-21152","1":"product","2":"type-product","3":"status-publish","4":"has-post-thumbnail","6":"product_cat-pedicure","7":"product_cat-podologie-ems","8":"product_cat-pedicure-podologie","9":"product_cat-tous-les-articles-esthetiques","10":"product_cat-tous-les-articles-physio-medical","11":"product_cat-tous-les-articles-seniors","12":"product_tag-fauteuil-de-pedicure","13":"product_tag-fauteuil-de-podologie","14":"product_tag-pedicure","15":"product_tag-podologie","17":"first","18":"instock","19":"sale","20":"taxable","21":"shipping-taxable","22":"purchasable","23":"product-type-simple"},"exclude_global_add_ons":false,"addons":[{"name":"Options:","type":"checkbox","position":0,"required":false,"title_format":"label","description_enable":false,"description":"","placeholder_enable":false,"placeholder":"","display":"select","restrictions_type":"any_text","adjust_price":false,"price":"","price_type":"flat_fee","restrictions":false,"min":0,"max":0,"options":[{"label":"Commande \u00e0 pieds au sol","price":"250","price_type":"flat_fee","image":0},{"label":"Dessous de pieds en feutre, facilitent le d\u00e9placement","price":"24","price_type":"flat_fee","image":0},{"label":"D\u00e9rouleur de papier d'examen","price":"50","price_type":"flat_fee","image":0},{"label":"Al\u00e8se de protection","price":"68","price_type":"flat_fee","image":0}],"id":1704368111}],"brands":[],"_links":{"self":[{"href":"https:\/\/swissmassage.ch\/fr\/wp-json\/wp\/v2\/product\/21152","targetHints":{"allow":["GET"]}}],"collection":[{"href":"https:\/\/swissmassage.ch\/fr\/wp-json\/wp\/v2\/product"}],"about":[{"href":"https:\/\/swissmassage.ch\/fr\/wp-json\/wp\/v2\/types\/product"}],"wp:featuredmedia":[{"embeddable":true,"href":"https:\/\/swissmassage.ch\/fr\/wp-json\/wp\/v2\/media\/21148"}],"wp:attachment":[{"href":"https:\/\/swissmassage.ch\/fr\/wp-json\/wp\/v2\/media?parent=21152"}],"wp:term":[{"taxonomy":"pwb-brand","embeddable":true,"href":"https:\/\/swissmassage.ch\/fr\/wp-json\/wp\/v2\/pwb-brand?post=21152"},{"taxonomy":"product_brand","embeddable":true,"href":"https:\/\/swissmassage.ch\/fr\/wp-json\/wp\/v2\/product_brand?post=21152"},{"taxonomy":"product_cat","embeddable":true,"href":"https:\/\/swissmassage.ch\/fr\/wp-json\/wp\/v2\/product_cat?post=21152"},{"taxonomy":"product_tag","embeddable":true,"href":"https:\/\/swissmassage.ch\/fr\/wp-json\/wp\/v2\/product_tag?post=21152"},{"taxonomy":"product_folder","embeddable":true,"href":"https:\/\/swissmassage.ch\/fr\/wp-json\/wp\/v2\/product_folder?post=21152"}],"curies":[{"name":"wp","href":"https:\/\/api.w.org\/{rel}","templated":true}]}}