{"id":21267,"date":"2025-11-04T10:13:49","date_gmt":"2025-11-04T09:13:49","guid":{"rendered":"https:\/\/swissmassage.ch\/?post_type=product&#038;p=21267"},"modified":"2026-01-19T17:08:21","modified_gmt":"2026-01-19T16:08:21","slug":"table-de-spa-modele-harmony","status":"publish","type":"product","link":"https:\/\/swissmassage.ch\/fr\/produits\/table-de-spa-modele-harmony\/","title":{"rendered":"Lit d&rsquo;esthetique et de SPA mod\u00e8le Harmony"},"content":{"rendered":"<h2>Lit d&rsquo;esth\u00e9tique et de SPA mod\u00e8le Harmony<\/h2>\n<p>3 moteurs silencieux avec t\u00e9l\u00e9commande \u00e0 main \u00e9tanche.<br \/>\n1er moteur r\u00e8gle la hauteur de la table de massage de 69 cm \u00e0 88 cm.<br \/>\n2\u00e8me moteur\u00a0rel\u00e8ve le dossier de la table de massage en position assise.<br \/>\n3\u00e8me moteur permet de relever les jambes afin de soulager les lombaires.<br \/>\nRev\u00eatement souple et doux en Polyur\u00e9thane blanc.<br \/>\nDossier avec trou facial, bouchon et reposes-bras r\u00e9glables.<br \/>\nCoussin ergonomique pour la nuque.<br \/>\nMousse multi-couche de 12 cm tr\u00e8s confortable et efficace.<br \/>\nAvec natte chauffante incluse.<br \/>\nDesign id\u00e9al pour les H\u00f4tels, les SPA et les centre Wellness et les centres d&rsquo;esth\u00e9tique.<br \/>\nLargeur de la table de massage 78 cm.<br \/>\nLongueur de la table de massage 200 cm.<br \/>\nHauteur de la table de massage 69 \u00e0 88 cm.<br \/>\nPoids table de massage 100 kg<\/p>\n<h3>Philosophie de la Table de SPA \u2013 Mod\u00e8le Harmony<\/h3>\n<p>La table de SPA Harmony incarne l\u2019\u00e9quilibre parfait entre technologie, confort et \u00e9l\u00e9gance.<br \/>\n\u00c9quip\u00e9e de trois moteurs silencieux et pr\u00e9cis, elle permet un r\u00e9glage fluide et intuitif gr\u00e2ce \u00e0 une t\u00e9l\u00e9commande \u00e9tanche.<br \/>\nLe premier moteur ajuste la hauteur de la table, offrant une amplitude id\u00e9ale pour tous les types de soins.<br \/>\nLe deuxi\u00e8me moteur rel\u00e8ve le dossier pour une position assise confortable.<br \/>\nLe troisi\u00e8me moteur soul\u00e8ve la partie jambes, favorisant la d\u00e9tente du dos et le rel\u00e2chement des lombaires.<br \/>\nSon rev\u00eatement en polyur\u00e9thane blanc, \u00e0 la fois doux et r\u00e9sistant, se nettoie facilement et conserve son \u00e9clat dans le temps.<br \/>\nLe trou facial avec bouchon et le coussin ergonomique de nuque assurent une posture optimale du client, tandis que la mousse multicouche de 12 cm offre un soutien exceptionnel et un confort durable.<br \/>\nAvec son design raffin\u00e9 et fonctionnel, la table Harmony s\u2019int\u00e8gre harmonieusement dans les h\u00f4tels, spas et centres de bien-\u00eatre, cr\u00e9ant un espace de soin spacieux et apaisant.<br \/>\nElle invite \u00e0 une exp\u00e9rience sensorielle compl\u00e8te, o\u00f9 chaque d\u00e9tail est pens\u00e9 pour le bien-\u00eatre du praticien comme du client.<\/p>\n","protected":false},"excerpt":{"rendered":"<p>Lit d&rsquo;esth\u00e9tique et de SPA mod\u00e8le Harmony 3 moteurs silencieux avec t\u00e9l\u00e9commande \u00e0 main \u00e9tanche. 1er moteur r\u00e8gle la hauteur de la table de massage de 69 cm \u00e0 88 cm. 2\u00e8me moteur\u00a0rel\u00e8ve le dossier de la table de massage en position assise. 3\u00e8me moteur permet de relever les jambes afin de soulager les lombaires.&hellip;<\/p>\n","protected":false},"featured_media":21219,"template":"","meta":{"_seopress_robots_primary_cat":"none","_seopress_titles_title":"","_seopress_titles_desc":"Fauteuil param\u00e9dical pour soins de podologie ou de p\u00e9dicure. Elle dispose de 3 moteurs tr\u00e8s rapides et silencieux avec t\u00e9l\u00e9commande \u00e0 main.","_seopress_robots_index":""},"pwb-brand":[],"product_brand":[],"product_cat":[233,1132,1300,1136,286,1078],"product_tag":[1131,1139,1064,1065],"product_folder":[],"class_list":{"0":"post-21267","1":"product","2":"type-product","3":"status-publish","4":"has-post-thumbnail","6":"product_cat-esthetique","7":"product_cat-fauteuils-esthetique","8":"product_cat-promotions","9":"product_cat-tables-desthetique","10":"product_cat-table-de-spa-fauteuil-de-spa-lit-de-spa","11":"product_cat-tous-les-articles-spa-beaute","12":"product_tag-massage","13":"product_tag-spa","14":"product_tag-table-de-massage","15":"product_tag-table-de-spa","17":"first","18":"instock","19":"sale","20":"taxable","21":"shipping-taxable","22":"purchasable","23":"product-type-simple"},"exclude_global_add_ons":false,"addons":[{"name":"Options:","type":"checkbox","position":0,"required":false,"title_format":"label","description_enable":false,"description":"","placeholder_enable":false,"placeholder":"","display":"select","restrictions_type":"any_text","adjust_price":false,"price":"","price_type":"flat_fee","restrictions":false,"min":0,"max":0,"options":[{"label":"Commande \u00e0 pieds au sol","price":"250","price_type":"flat_fee","image":0},{"label":"Dessous de pieds en feutre, facilitent le d\u00e9placement","price":"24","price_type":"flat_fee","image":0},{"label":"D\u00e9rouleur de papier d'examen","price":"50","price_type":"flat_fee","image":0},{"label":"Al\u00e8se de protection","price":"68","price_type":"flat_fee","image":0},{"label":"Demande de financemant sur 24 mois","price":"","price_type":"flat_fee","image":0}],"id":1704368111}],"brands":[],"_links":{"self":[{"href":"https:\/\/swissmassage.ch\/fr\/wp-json\/wp\/v2\/product\/21267","targetHints":{"allow":["GET"]}}],"collection":[{"href":"https:\/\/swissmassage.ch\/fr\/wp-json\/wp\/v2\/product"}],"about":[{"href":"https:\/\/swissmassage.ch\/fr\/wp-json\/wp\/v2\/types\/product"}],"wp:featuredmedia":[{"embeddable":true,"href":"https:\/\/swissmassage.ch\/fr\/wp-json\/wp\/v2\/media\/21219"}],"wp:attachment":[{"href":"https:\/\/swissmassage.ch\/fr\/wp-json\/wp\/v2\/media?parent=21267"}],"wp:term":[{"taxonomy":"pwb-brand","embeddable":true,"href":"https:\/\/swissmassage.ch\/fr\/wp-json\/wp\/v2\/pwb-brand?post=21267"},{"taxonomy":"product_brand","embeddable":true,"href":"https:\/\/swissmassage.ch\/fr\/wp-json\/wp\/v2\/product_brand?post=21267"},{"taxonomy":"product_cat","embeddable":true,"href":"https:\/\/swissmassage.ch\/fr\/wp-json\/wp\/v2\/product_cat?post=21267"},{"taxonomy":"product_tag","embeddable":true,"href":"https:\/\/swissmassage.ch\/fr\/wp-json\/wp\/v2\/product_tag?post=21267"},{"taxonomy":"product_folder","embeddable":true,"href":"https:\/\/swissmassage.ch\/fr\/wp-json\/wp\/v2\/product_folder?post=21267"}],"curies":[{"name":"wp","href":"https:\/\/api.w.org\/{rel}","templated":true}]}}