{"id":23126,"date":"2026-03-18T11:21:03","date_gmt":"2026-03-18T10:21:03","guid":{"rendered":"https:\/\/swissmassage.ch\/?post_type=product&#038;p=23126"},"modified":"2026-04-02T10:50:36","modified_gmt":"2026-04-02T08:50:36","slug":"huile-de-massage-arnica","status":"publish","type":"product","link":"https:\/\/swissmassage.ch\/fr\/produits\/huile-de-massage-arnica\/","title":{"rendered":"Huile de massage Arnica"},"content":{"rendered":"<h2>L\u2019huile de massage \u201cArnica\u201d<\/h2>\n<p>L\u2019huile de massage \u201cArnica\u201d est destin\u00e9e aux massages de confort musculaire, articulaire et aussi de d\u00e9tente. Les effets de l\u2019arnica et de ces huiles essentielles aident \u00e0 calmer les douleurs et favorise la relaxation des muscles.<\/p>\n<h2>Description<\/h2>\n<p>L\u2019huile de massage Arnica convient parfaitement pour les th\u00e9rapeutes ainsi que pour les massages \u00e0 la maison.<br \/>\nL\u2019action de l\u2019huile de massage Arnica aide \u00e0 soulager les douleurs musculaires, articulaires et favorise la d\u00e9tente.<br \/>\nEn massant avec l\u2019huile \u00e0 l\u2019Arnica, cela favorise \u00e0 d\u00e9tendre les muscles et pr\u00e9venir les courbatures et contractures.<br \/>\nDe plus, son l\u00e9ger parfum d\u00e9licatement fleurie et bois\u00e9 procure une sensation apaisante et revitalisante.<\/p>\n<div>\n<p><strong>Utilisation<\/strong> : Pour les massages Sport et Confort. S\u2019utilise comme huile de massage ou huile de soin pour le corps.<br \/>\n<strong>Odeur <\/strong>: Lavande, sapin et l\u00e9g\u00e8rement herbac\u00e9 avec l\u2019arnica<br \/>\n<strong>Propri\u00e9t\u00e9s<\/strong> : Nourrit, lisse et apaise la peau gr\u00e2ce \u00e0 ses Vitamines E et D ainsi que des Om\u00e9ga 3, 6 et 9 contenus naturellement.<br \/>\n<strong>Texture<\/strong> : Id\u00e9ale pour masser, poss\u00e8de un toucher velours sans laisser de film gras.<br \/>\n<strong>Naturel<\/strong> : 100%<br \/>\n<strong>Biologique<\/strong> : 99.3%<br \/>\n<strong>Huile essentielle<\/strong> : Extrait Arnica, Lavandin grosso, Sapin de Sib\u00e9rie et Copa\u00efba<br \/>\n<strong>Pr\u00e9cautions<\/strong> : D\u00e9conseill\u00e9 pendant la grossesse, l\u2019allaitement et chez les enfants de moins de 6 ans.<br \/>\n<strong>Ingr\u00e9dients<\/strong> : Huile de graines de tournesol, Huile d\u2019olive, Parfum (m\u00e9lange d\u2019huiles essentielles), Extrait de fleur d\u2019arnica, Extrait de feuille de romarin<em><br \/>\n<\/em><\/p>\n<h2>Conseils d\u2019utilisation<strong><br \/>\n<\/strong><\/h2>\n<h3><strong>Huile de Massage pour Th\u00e9rapeutes mais pas seulement !<\/strong><\/h3>\n<p><strong>Pour un<span class=\"ILfuVd\" lang=\"fr\"><span class=\"hgKElc\"> massage: <\/span><\/span><\/strong><span class=\"ILfuVd\" lang=\"fr\"><span class=\"hgKElc\">Utilisez la main enti\u00e8re et non simplement le bout des doigts. Variez les techniques de massage : p\u00e9trissage, effleurage, tapotements, pressions ponctuelles ou frottements profonds. Cette huile s\u2019utilise aussi bien pour les massages fait par les th\u00e9rapeutes que pour une utilisation \u00e0 la maison.<\/span><\/span><\/p>\n<h2>Informations compl\u00e9mentaires<\/h2>\n<p><strong>Peut-on chauffer l\u2019huile Arnica ?<\/strong><br \/>\nOui, car nos huiles de massage sont compos\u00e9es d\u2019huiles v\u00e9g\u00e9tales obtenues par premi\u00e8re pression \u00e0 froid, non raffin\u00e9es et biologiques. Ces caract\u00e9ristiques en font des huiles plus sensibles \u00e0 l\u2019oxydation que des huiles v\u00e9g\u00e9tales \u00ab ordinaires\/raffin\u00e9es \u00bb ou que de l\u2019huile min\u00e9rale. Il est possible de chauffer l\u00e9g\u00e8rement les huiles de massage et de pr\u00e9f\u00e9rence par petites quantit\u00e9s mais toutefois nous d\u00e9conseillons fortement au-del\u00e0 de 55\u00b0C.<\/p>\n<p><strong>Combien de temps se conservent les huiles de massage Swissmassage?<\/strong><br \/>\nLes huiles de massage Swissmassage se conservent 12 mois apr\u00e8s ouverture. Au-del\u00e0 de cette date, nous conseillons de sentir le produit pour en v\u00e9rifier l\u2019\u00e9tat car elles peuvent encore s\u2019utiliser durant une longue p\u00e9riode.<br \/>\nDe mauvaises conditions de stockage peuvent diminuer le temps de conservation. Pour pr\u00e9server la qualit\u00e9 des huiles de massage, il faut que le bouchon soit bien ferm\u00e9 sur son flacon d\u2019origine et \u00e0 l\u2019abri de l\u2019air, de la chaleur et de la lumi\u00e8re.<\/p>\n<p><strong>Est-ce que l\u2019huile de massage Arnica est photosensibilisante?<\/strong><br \/>\nNon, car l\u2019huile de massage Arnica ainsi que toutes les huiles Swissmassage ne contiennent pas d\u2019huiles essentielles reconnues comme photosensibilisantes.<\/p>\n<\/div>\n","protected":false},"excerpt":{"rendered":"<p>L\u2019huile de massage \u201cArnica\u201d L\u2019huile de massage \u201cArnica\u201d est destin\u00e9e aux massages de confort musculaire, articulaire et aussi de d\u00e9tente. Les effets de l\u2019arnica et de ces huiles essentielles aident \u00e0 calmer les douleurs et favorise la relaxation des muscles. Description L\u2019huile de massage Arnica convient parfaitement pour les th\u00e9rapeutes ainsi que pour les massages&hellip;<\/p>\n","protected":false},"featured_media":23147,"template":"","meta":{"_seopress_robots_primary_cat":"none","_seopress_titles_title":"","_seopress_titles_desc":"L\u2019huile de massage \u201cArnica\u201d est destin\u00e9e aux massages de confort musculaire, articulaire et aussi de d\u00e9tente. Les effets de l\u2019arnica aident \u00e0 calmer les douleurs et favorise la relaxation des muscles.","_seopress_robots_index":""},"pwb-brand":[],"product_brand":[],"product_cat":[1273,1298,1079,1075],"product_tag":[1111,1295,1293,1292,1303,1305,1302],"product_folder":[],"class_list":{"0":"post-23126","1":"product","2":"type-product","3":"status-publish","4":"has-post-thumbnail","6":"product_cat-huiles-de-massage","7":"product_cat-huiles-de-massage-suisses","8":"product_cat-tous-les-accessoires-de-massage","9":"product_cat-tous-les-articles-de-massage","10":"product_tag-chauffante","11":"product_tag-huile-de-massage","12":"product_tag-huiles","13":"product_tag-huiles-de-massage","14":"product_tag-rebouteux","15":"product_tag-soins","16":"product_tag-sportifs","18":"first","19":"instock","20":"purchasable","21":"product-type-variable"},"exclude_global_add_ons":[],"addons":[],"brands":[],"_links":{"self":[{"href":"https:\/\/swissmassage.ch\/fr\/wp-json\/wp\/v2\/product\/23126","targetHints":{"allow":["GET"]}}],"collection":[{"href":"https:\/\/swissmassage.ch\/fr\/wp-json\/wp\/v2\/product"}],"about":[{"href":"https:\/\/swissmassage.ch\/fr\/wp-json\/wp\/v2\/types\/product"}],"wp:featuredmedia":[{"embeddable":true,"href":"https:\/\/swissmassage.ch\/fr\/wp-json\/wp\/v2\/media\/23147"}],"wp:attachment":[{"href":"https:\/\/swissmassage.ch\/fr\/wp-json\/wp\/v2\/media?parent=23126"}],"wp:term":[{"taxonomy":"pwb-brand","embeddable":true,"href":"https:\/\/swissmassage.ch\/fr\/wp-json\/wp\/v2\/pwb-brand?post=23126"},{"taxonomy":"product_brand","embeddable":true,"href":"https:\/\/swissmassage.ch\/fr\/wp-json\/wp\/v2\/product_brand?post=23126"},{"taxonomy":"product_cat","embeddable":true,"href":"https:\/\/swissmassage.ch\/fr\/wp-json\/wp\/v2\/product_cat?post=23126"},{"taxonomy":"product_tag","embeddable":true,"href":"https:\/\/swissmassage.ch\/fr\/wp-json\/wp\/v2\/product_tag?post=23126"},{"taxonomy":"product_folder","embeddable":true,"href":"https:\/\/swissmassage.ch\/fr\/wp-json\/wp\/v2\/product_folder?post=23126"}],"curies":[{"name":"wp","href":"https:\/\/api.w.org\/{rel}","templated":true}]}}