{"id":2545,"date":"2023-05-24T14:40:01","date_gmt":"2023-05-24T14:40:01","guid":{"rendered":"https:\/\/suissemassage.digichablais.ch\/?product=coussin-de-massage-pour-femmes-enceintes-490"},"modified":"2026-01-15T10:45:45","modified_gmt":"2026-01-15T09:45:45","slug":"coussin-de-massage-pour-femmes-enceintes-490","status":"publish","type":"product","link":"https:\/\/swissmassage.ch\/fr\/produits\/coussin-de-massage-pour-femmes-enceintes-490\/","title":{"rendered":"Coussin de Massage Femmes Enceintes Baby Cushion"},"content":{"rendered":"<h2 style=\"text-align: left\">Coussin pour femme enceinte mod\u00e8le Baby Cushion<\/h2>\n<p>Coussin massage futures mamans<br \/>\nCoussin massage Fessiers<\/p>\n<table border=\"0\">\n<tbody>\n<tr>\n<td><span style=\"font-size: 10pt\"><br \/>\n<img loading=\"lazy\" decoding=\"async\" style=\"margin-right: auto;margin-left: auto\" title=\"Coussin de massage pour futures mamans\" src=\"https:\/\/swissmassage.ch\/wp-content\/uploads\/content\/Body-Cushion-500_7nd.jpg\" alt=\"coussins massages femmes enceintes\" width=\"300\" height=\"168\" longdesc=\"Coussin%20massage%20cylindre%20soft%20jambes%20swissmassage\" \/><br \/>\n<\/span><\/td>\n<td><img loading=\"lazy\" decoding=\"async\" style=\"margin-right: auto;margin-left: auto\" title=\"Ventre future maman\" src=\"https:\/\/swissmassage.ch\/wp-content\/uploads\/content\/coussin-femme_7nd.jpg\" alt=\"Joli ventre femme enceinte\" width=\"113\" height=\"75\" longdesc=\"Coussin%20massage%20cylindre%20soft%20reflexologie%20swissmassage\" \/><\/td>\n<td><span style=\"font-size: 10pt\"><br \/>\n<img loading=\"lazy\" decoding=\"async\" style=\"margin-right: auto;margin-left: auto\" title=\"Coussin de massage pour femmes enceintes\" src=\"https:\/\/swissmassage.ch\/wp-content\/uploads\/content\/coussin-massages-femmes-enceintes-2femme_9nd.jpg\" alt=\"Coussin massages femmes enceintes\" width=\"300\" height=\"133\" longdesc=\"Coussin de massage Cylindre Soft fessiers Swissmassage\" \/><br \/>\n<\/span><\/td>\n<\/tr>\n<\/tbody>\n<\/table>\n<p>Coussin de massage pour futures mamans le plus confortable, Baby Cushion.<br \/>\nGrace \u00e0 sa mousse tr\u00e8s douce de 14cm extraconfort, une ergonomie r\u00e9glable qui \u00e9pouse les formes du corps de la femme enceinte, sa t\u00eati\u00e8re inclinable et son coussin facial, le coussin Body Cushion est de loin le meilleur coussin de massage pour futures mamans.<br \/>\nIl inclut 5 pi\u00e8ces de coussins modulables pour atteindre un confort optimale durant toute les p\u00e9riodes de la grossesse.<br \/>\nLivr\u00e9 avec son sac de transport et de rangement.<br \/>\nLivrable dans toute la Suisse. Ou \u00e0 l&#8217;emporter directement dans notre atelier.<\/p>\n<h3>Philosophie du coussin de massage pour femme mod\u00e8le Baby:<\/h3>\n<p>Le coussin de massage Baby Cushion est sp\u00e9cialement con\u00e7u pour offrir un confort incomparable aux futures mamans pendant leur p\u00e9riode de grossesse. Sa mousse tr\u00e8s douce de 14 cm d&rsquo;\u00e9paisseur procure un soutien optimal, tandis que son ergonomie r\u00e9glable s&rsquo;adapte parfaitement aux formes changeantes du corps de la femme enceinte. Avec sa t\u00eati\u00e8re inclinable et son coussin facial, il assure un positionnement optimal et une relaxation totale pendant les s\u00e9ances de massage.<br \/>\nLe coussin est livr\u00e9 avec 5 pi\u00e8ces modulables, permettant d&rsquo;ajuster le confort selon les besoins sp\u00e9cifiques de chaque \u00e9tape de la grossesse. De la premi\u00e8re \u00e0 la derni\u00e8re p\u00e9riode, il accompagne les futures mamans avec douceur et efficacit\u00e9.<br \/>\nIl est pratique \u00e0 transporter gr\u00e2ce \u00e0 son sac d\u00e9di\u00e9, facilitant aussi son rangement lors des d\u00e9placements ou des s\u00e9ances \u00e0 domicile. Avec un design et des fonctionnalit\u00e9s pens\u00e9s pour le bien-\u00eatre des futures mamans, le coussin de massage Baby Cushion est un choix incontournable pour une exp\u00e9rience de massage confortable et s\u00e9curis\u00e9e pendant la grossesse.<\/p>\n","protected":false},"excerpt":{"rendered":"<p>Coussin pour femme enceinte mod\u00e8le Baby Cushion Coussin massage futures mamans Coussin massage Fessiers Coussin de massage pour futures mamans le plus confortable, Baby Cushion. Grace \u00e0 sa mousse tr\u00e8s douce de 14cm extraconfort, une ergonomie r\u00e9glable qui \u00e9pouse les formes du corps de la femme enceinte, sa t\u00eati\u00e8re inclinable et son coussin facial, le&hellip;<\/p>\n","protected":false},"featured_media":2546,"template":"","meta":{"_seopress_robots_primary_cat":"355","_seopress_titles_title":"Coussin de Massage pour Femmes Enceintes - Swissmassage","_seopress_titles_desc":"Le coussin de massage Baby Cushion est sp\u00e9cialement con\u00e7u pour offrir un confort incomparable aux futures mamans pendant leur p\u00e9riode de grossesse.","_seopress_robots_index":""},"pwb-brand":[],"product_brand":[],"product_cat":[219,355,1079,1075],"product_tag":[1056,1070,1074],"product_folder":[998],"class_list":{"0":"post-2545","1":"product","2":"type-product","3":"status-publish","4":"has-post-thumbnail","6":"product_cat-coussins-de-massage","7":"product_cat-massage-futures-mamans","8":"product_cat-tous-les-accessoires-de-massage","9":"product_cat-tous-les-articles-de-massage","10":"product_tag-coussin","11":"product_tag-coussin-massage","12":"product_tag-futures-mamans","14":"first","15":"instock","16":"taxable","17":"shipping-taxable","18":"purchasable","19":"product-type-simple"},"exclude_global_add_ons":[],"addons":[],"brands":[],"_links":{"self":[{"href":"https:\/\/swissmassage.ch\/fr\/wp-json\/wp\/v2\/product\/2545","targetHints":{"allow":["GET"]}}],"collection":[{"href":"https:\/\/swissmassage.ch\/fr\/wp-json\/wp\/v2\/product"}],"about":[{"href":"https:\/\/swissmassage.ch\/fr\/wp-json\/wp\/v2\/types\/product"}],"wp:featuredmedia":[{"embeddable":true,"href":"https:\/\/swissmassage.ch\/fr\/wp-json\/wp\/v2\/media\/2546"}],"wp:attachment":[{"href":"https:\/\/swissmassage.ch\/fr\/wp-json\/wp\/v2\/media?parent=2545"}],"wp:term":[{"taxonomy":"pwb-brand","embeddable":true,"href":"https:\/\/swissmassage.ch\/fr\/wp-json\/wp\/v2\/pwb-brand?post=2545"},{"taxonomy":"product_brand","embeddable":true,"href":"https:\/\/swissmassage.ch\/fr\/wp-json\/wp\/v2\/product_brand?post=2545"},{"taxonomy":"product_cat","embeddable":true,"href":"https:\/\/swissmassage.ch\/fr\/wp-json\/wp\/v2\/product_cat?post=2545"},{"taxonomy":"product_tag","embeddable":true,"href":"https:\/\/swissmassage.ch\/fr\/wp-json\/wp\/v2\/product_tag?post=2545"},{"taxonomy":"product_folder","embeddable":true,"href":"https:\/\/swissmassage.ch\/fr\/wp-json\/wp\/v2\/product_folder?post=2545"}],"curies":[{"name":"wp","href":"https:\/\/api.w.org\/{rel}","templated":true}]}}