{"id":2572,"date":"2023-05-24T14:40:26","date_gmt":"2023-05-24T14:40:26","guid":{"rendered":"https:\/\/suissemassage.digichablais.ch\/?product=support-papier-examen-table-de-massage-reiki"},"modified":"2026-02-18T13:37:03","modified_gmt":"2026-02-18T12:37:03","slug":"support-papier-examen-table-de-massage-reiki","status":"publish","type":"product","link":"https:\/\/swissmassage.ch\/fr\/produits\/support-papier-examen-table-de-massage-reiki\/","title":{"rendered":"Support papier Examen Table de Massage"},"content":{"rendered":"<h2>Support papier examen table massage et Reiki<\/h2>\n<p><span style=\"font-size: 10pt\">Compatible avec les trous pour la t\u00eati\u00e8re standard.<br \/>\nDiam\u00e8tre des tubes 2cm entraxe 20.5cm<br \/>\nConvient pour des rouleaux de papier de 40 \u00e0 80 cm de large.<br \/>\n<\/span><\/p>\n<p style=\"text-align: left\"><span style=\"font-size: 10pt\">Livrable dans toute la Suisse. Ou \u00e0 l&#8217;emporter directement dans notre atelier.<\/span><\/p>\n","protected":false},"excerpt":{"rendered":"<p>Support papier examen table massage et Reiki Compatible avec les trous pour la t\u00eati\u00e8re standard. Diam\u00e8tre des tubes 2cm entraxe 20.5cm Convient pour des rouleaux de papier de 40 \u00e0 80 cm de large. Livrable dans toute la Suisse. Ou \u00e0 l&#8217;emporter directement dans notre atelier.<\/p>\n","protected":false},"featured_media":2573,"template":"","meta":{"_seopress_robots_primary_cat":"none","_seopress_titles_title":"","_seopress_titles_desc":"Support papier pour examen et table de massage : id\u00e9al pour maintenir le papier en place pendant vos s\u00e9ances.","_seopress_robots_index":""},"pwb-brand":[],"product_brand":[],"product_cat":[356,1079],"product_tag":[],"product_folder":[1030],"class_list":{"0":"post-2572","1":"product","2":"type-product","3":"status-publish","4":"has-post-thumbnail","6":"product_cat-accessoires-table-de-massage","7":"product_cat-tous-les-accessoires-de-massage","9":"first","10":"instock","11":"taxable","12":"shipping-taxable","13":"purchasable","14":"product-type-simple"},"exclude_global_add_ons":[],"addons":[],"brands":[],"_links":{"self":[{"href":"https:\/\/swissmassage.ch\/fr\/wp-json\/wp\/v2\/product\/2572","targetHints":{"allow":["GET"]}}],"collection":[{"href":"https:\/\/swissmassage.ch\/fr\/wp-json\/wp\/v2\/product"}],"about":[{"href":"https:\/\/swissmassage.ch\/fr\/wp-json\/wp\/v2\/types\/product"}],"wp:featuredmedia":[{"embeddable":true,"href":"https:\/\/swissmassage.ch\/fr\/wp-json\/wp\/v2\/media\/2573"}],"wp:attachment":[{"href":"https:\/\/swissmassage.ch\/fr\/wp-json\/wp\/v2\/media?parent=2572"}],"wp:term":[{"taxonomy":"pwb-brand","embeddable":true,"href":"https:\/\/swissmassage.ch\/fr\/wp-json\/wp\/v2\/pwb-brand?post=2572"},{"taxonomy":"product_brand","embeddable":true,"href":"https:\/\/swissmassage.ch\/fr\/wp-json\/wp\/v2\/product_brand?post=2572"},{"taxonomy":"product_cat","embeddable":true,"href":"https:\/\/swissmassage.ch\/fr\/wp-json\/wp\/v2\/product_cat?post=2572"},{"taxonomy":"product_tag","embeddable":true,"href":"https:\/\/swissmassage.ch\/fr\/wp-json\/wp\/v2\/product_tag?post=2572"},{"taxonomy":"product_folder","embeddable":true,"href":"https:\/\/swissmassage.ch\/fr\/wp-json\/wp\/v2\/product_folder?post=2572"}],"curies":[{"name":"wp","href":"https:\/\/api.w.org\/{rel}","templated":true}]}}