{"id":2575,"date":"2023-05-24T14:40:27","date_gmt":"2023-05-24T14:40:27","guid":{"rendered":"https:\/\/suissemassage.digichablais.ch\/?product=coussin-de-massage-cylindre-soft-65cm-par-18cm-50"},"modified":"2026-04-22T21:58:12","modified_gmt":"2026-04-22T19:58:12","slug":"coussin-de-massage-cylindre-soft-65cm-par-18cm-50","status":"publish","type":"product","link":"https:\/\/swissmassage.ch\/fr\/produits\/coussin-de-massage-cylindre-soft-65cm-par-18cm-50\/","title":{"rendered":"Coussin de massage cylindre soft blanc"},"content":{"rendered":"<h2>Coussin de massage cylindre soft multi-usages pour le positionnement et le confort du patient.<\/h2>\n<p>Rev\u00eatement en Polyur\u00e9thane blanc extr\u00eamement souple et solide.<br \/>\nCe coussin de massage prend\u00a0la forme\u00a0du coprs.<br \/>\nDimensions id\u00e9ales 68cm de long par 20cm de diam\u00e8tre.<br \/>\nUtilisation sous les genoux pour que le patient ait le\u00a0dos plat et rel\u00e2ch\u00e9.<br \/>\nSous les chevilles pour le positionnement des jambes et du dos.<br \/>\nSous le bassin pour les massages sportifs.<br \/>\nSous le ventre afin de\u00a0rendre le dos plat et faciliter le massage.<br \/>\nSous le torse afin de diminuer la pression sur la poitrine durant un massage wellness.<\/p>\n","protected":false},"excerpt":{"rendered":"<p>Coussin de massage cylindre soft multi-usages pour le positionnement et le confort du patient. Rev\u00eatement en Polyur\u00e9thane blanc extr\u00eamement souple et solide. Ce coussin de massage prend\u00a0la forme\u00a0du coprs. Dimensions id\u00e9ales 68cm de long par 20cm de diam\u00e8tre. Utilisation sous les genoux pour que le patient ait le\u00a0dos plat et rel\u00e2ch\u00e9. Sous les chevilles pour&hellip;<\/p>\n","protected":false},"featured_media":2576,"template":"","meta":{"_seopress_robots_primary_cat":"none","_seopress_titles_title":"","_seopress_titles_desc":"Coussin de massage cylindre soft multi-usages pour le positionnement et le confort du patient. Rev\u00eatement en Polyur\u00e9thane blanc extr\u00eamement souple et solide.","_seopress_robots_index":""},"pwb-brand":[],"product_brand":[],"product_cat":[219,1079],"product_tag":[1056,1071,1070],"product_folder":[1001],"class_list":{"0":"post-2575","1":"product","2":"type-product","3":"status-publish","4":"has-post-thumbnail","6":"product_cat-coussins-de-massage","7":"product_cat-tous-les-accessoires-de-massage","8":"product_tag-coussin","9":"product_tag-coussin-jambes","10":"product_tag-coussin-massage","12":"first","13":"instock","14":"taxable","15":"shipping-taxable","16":"purchasable","17":"product-type-simple"},"exclude_global_add_ons":[],"addons":[],"brands":[],"_links":{"self":[{"href":"https:\/\/swissmassage.ch\/fr\/wp-json\/wp\/v2\/product\/2575","targetHints":{"allow":["GET"]}}],"collection":[{"href":"https:\/\/swissmassage.ch\/fr\/wp-json\/wp\/v2\/product"}],"about":[{"href":"https:\/\/swissmassage.ch\/fr\/wp-json\/wp\/v2\/types\/product"}],"wp:featuredmedia":[{"embeddable":true,"href":"https:\/\/swissmassage.ch\/fr\/wp-json\/wp\/v2\/media\/2576"}],"wp:attachment":[{"href":"https:\/\/swissmassage.ch\/fr\/wp-json\/wp\/v2\/media?parent=2575"}],"wp:term":[{"taxonomy":"pwb-brand","embeddable":true,"href":"https:\/\/swissmassage.ch\/fr\/wp-json\/wp\/v2\/pwb-brand?post=2575"},{"taxonomy":"product_brand","embeddable":true,"href":"https:\/\/swissmassage.ch\/fr\/wp-json\/wp\/v2\/product_brand?post=2575"},{"taxonomy":"product_cat","embeddable":true,"href":"https:\/\/swissmassage.ch\/fr\/wp-json\/wp\/v2\/product_cat?post=2575"},{"taxonomy":"product_tag","embeddable":true,"href":"https:\/\/swissmassage.ch\/fr\/wp-json\/wp\/v2\/product_tag?post=2575"},{"taxonomy":"product_folder","embeddable":true,"href":"https:\/\/swissmassage.ch\/fr\/wp-json\/wp\/v2\/product_folder?post=2575"}],"curies":[{"name":"wp","href":"https:\/\/api.w.org\/{rel}","templated":true}]}}