{"id":2586,"date":"2023-05-24T14:41:31","date_gmt":"2023-05-24T14:41:31","guid":{"rendered":"https:\/\/suissemassage.digichablais.ch\/?product=massage-pierres-chaudes-kit-64-et-chauffe-pierres"},"modified":"2025-08-28T23:06:11","modified_gmt":"2025-08-28T21:06:11","slug":"massage-pierres-chaudes-kit-64-et-chauffe-pierres","status":"publish","type":"product","link":"https:\/\/swissmassage.ch\/fr\/produits\/massage-pierres-chaudes-kit-64-et-chauffe-pierres\/","title":{"rendered":"Massage Pierres Chaudes Kit 64 et Chauffe Pierres"},"content":{"rendered":"<h2>Kit 64 Pierres chaudes pour massages aux pierres chaudes avec four grande capacit\u00e9.<\/h2>\n<p><span style=\"font-size: 10pt;\">Set de 64 pierres en basalte. Le coffret comprend des<br \/>\npierres ovales et plates de plusieurs dimensions : 2<br \/>\nextra-grandes (sacrum et plexus solaire), 14 grandes<br \/>\n(dos et cuisses),14 moyennes (mains, bras, mollets,<br \/>\npieds et nuque), 7 petites (front, cr\u00e2ne et partie<br \/>\npost\u00e9rieure de la t\u00eate), 8 pour les orteils, 4 mini-pierres<br \/>\n(points de pression tissu profond), 2 pour les contours<br \/>\nfaciaux et 6 pierres froides en marbre blanc. Aussi les 7<br \/>\npierres chakra comprises.<\/span><\/p>\n<p><span style=\"font-size: 10pt;\">Dimensions: 46,5x20x7,7 cm<br \/>\nPoids: 7,7 Kg<\/span><\/p>\n<p><span style=\"font-size: 10pt;\">Extra-large stones : 2<br \/>\n(sacrum and solar plexus)<br \/>\nLarge stones: 14 (back and thighs)<br \/>\n(hands, arms, calves, feet and nape)<br \/>\nSmall stones: 7<br \/>\n(forehead, top and back of the head)<br \/>\nToe stones: 8<br \/>\nDeep tissue stones: 4<br \/>\nContour ones: 2<br \/>\n(for the eyes)<br \/>\nMarble stones: 6<br \/>\nChakra stone: 7<\/span><\/p>\n<h2>Four Massage Pierres Chaudes Hot stones 18L.<\/h2>\n<p><span style=\"font-size: 10pt;\"><span dir=\"ltr\" role=\"presentation\">Appareil chauffe-pierres grand pour des traitements de<\/span><br role=\"presentation\" \/><span dir=\"ltr\" role=\"presentation\">massage avec \u00e9cran digital. Il maintient une<\/span><br role=\"presentation\" \/><span dir=\"ltr\" role=\"presentation\">temp\u00e9rature constante entre 40\u00baC et 50\u00baC. Cuill\u00e8re<\/span><br role=\"presentation\" \/><span dir=\"ltr\" role=\"presentation\">comprise. Capacit\u00e9: 18 litres<\/span>.<\/span><\/p>\n<p><span dir=\"ltr\" role=\"presentation\">Size: 60x39x29 cm<\/span><br role=\"presentation\" \/><span dir=\"ltr\" role=\"presentation\">Weight: 7 Kg<\/span><br \/>\n<span dir=\"ltr\" role=\"presentation\">Input voltage:<\/span> <span dir=\"ltr\" role=\"presentation\">220 ~ 240V<\/span><br role=\"presentation\" \/><span dir=\"ltr\" role=\"presentation\">Input frequency:<\/span> <span dir=\"ltr\" role=\"presentation\">50Hz\/60Hz<\/span><br role=\"presentation\" \/><span dir=\"ltr\" role=\"presentation\">Working temperature:<\/span> <span dir=\"ltr\" role=\"presentation\">40-50\u00baC<\/span><br role=\"presentation\" \/><span dir=\"ltr\" role=\"presentation\">Power: 1200W<\/span><\/p>\n<h2>Utilisation conseill\u00e9e du kit de massage aux pierres chaudes .<\/h2>\n<p><span style=\"font-size: 10pt;\">Enlevez le bac de r\u00e9cup\u00e9ration et travaillez directement dans la cuve principale,<br \/>\nremplie d\u2019eau jusqu\u2019\u00e0 la moiti\u00e9 de la hauteur, et y d\u00e9poser les pierres.<br \/>\nR\u00e9glez votre temp\u00e9rature de travail sachant qu\u2019au-dessus de 50\u00b0 la sensation peut \u00eatre d\u00e9sagr\u00e9able, il faudra dialoguer avec le patient afin de trouver la temp\u00e9rature id\u00e9ale.<br \/>\nUtilisez la spatule pour prendre les pierres dans l\u2019eau.<br \/>\nApr\u00e8s l\u2019utilisation, vous pouvez laver les pierres et la cuve avec de l\u2019eau et du produit de vaisselle.<br \/>\nLaissez s\u00e9cher les \u00e9quipements et les pierres avant de les ranger.<\/span><\/p>\n","protected":false},"excerpt":{"rendered":"<p>Kit 64 Pierres chaudes pour massages aux pierres chaudes avec four grande capacit\u00e9. Set de 64 pierres en basalte. Le coffret comprend des pierres ovales et plates de plusieurs dimensions : 2 extra-grandes (sacrum et plexus solaire), 14 grandes (dos et cuisses),14 moyennes (mains, bras, mollets, pieds et nuque), 7 petites (front, cr\u00e2ne et partie&hellip;<\/p>\n","protected":false},"featured_media":2587,"template":"","meta":{"_seopress_robots_primary_cat":"none","_seopress_titles_title":"Kit 64 Pierres Chaudes pour Massages avec Four Inclus","_seopress_titles_desc":"Kit 64 Pierres chaudes pour massages aux pierres chaudes avec four grande capacit\u00e9. Le coffret comprend des pierres ovales et plates de plusieurs dimensions.","_seopress_robots_index":""},"pwb-brand":[],"product_brand":[],"product_cat":[272,1079],"product_tag":[1124,1123,1122],"product_folder":[1002,1121],"class_list":{"0":"post-2586","1":"product","2":"type-product","3":"status-publish","4":"has-post-thumbnail","6":"product_cat-pierres-chaudes","7":"product_cat-tous-les-accessoires-de-massage","8":"product_tag-hot-stones-massage","9":"product_tag-massage-pierres-chaudes","10":"product_tag-pierres","12":"first","13":"instock","14":"taxable","15":"shipping-taxable","16":"purchasable","17":"product-type-simple"},"exclude_global_add_ons":[],"addons":[],"brands":[],"_links":{"self":[{"href":"https:\/\/swissmassage.ch\/fr\/wp-json\/wp\/v2\/product\/2586","targetHints":{"allow":["GET"]}}],"collection":[{"href":"https:\/\/swissmassage.ch\/fr\/wp-json\/wp\/v2\/product"}],"about":[{"href":"https:\/\/swissmassage.ch\/fr\/wp-json\/wp\/v2\/types\/product"}],"wp:featuredmedia":[{"embeddable":true,"href":"https:\/\/swissmassage.ch\/fr\/wp-json\/wp\/v2\/media\/2587"}],"wp:attachment":[{"href":"https:\/\/swissmassage.ch\/fr\/wp-json\/wp\/v2\/media?parent=2586"}],"wp:term":[{"taxonomy":"pwb-brand","embeddable":true,"href":"https:\/\/swissmassage.ch\/fr\/wp-json\/wp\/v2\/pwb-brand?post=2586"},{"taxonomy":"product_brand","embeddable":true,"href":"https:\/\/swissmassage.ch\/fr\/wp-json\/wp\/v2\/product_brand?post=2586"},{"taxonomy":"product_cat","embeddable":true,"href":"https:\/\/swissmassage.ch\/fr\/wp-json\/wp\/v2\/product_cat?post=2586"},{"taxonomy":"product_tag","embeddable":true,"href":"https:\/\/swissmassage.ch\/fr\/wp-json\/wp\/v2\/product_tag?post=2586"},{"taxonomy":"product_folder","embeddable":true,"href":"https:\/\/swissmassage.ch\/fr\/wp-json\/wp\/v2\/product_folder?post=2586"}],"curies":[{"name":"wp","href":"https:\/\/api.w.org\/{rel}","templated":true}]}}