{"id":2595,"date":"2023-05-24T14:41:37","date_gmt":"2023-05-24T14:41:37","guid":{"rendered":"https:\/\/suissemassage.digichablais.ch\/?product=couverture-chauffante-table-de-massage"},"modified":"2026-04-16T13:57:49","modified_gmt":"2026-04-16T11:57:49","slug":"couverture-chauffante-table-de-massage","status":"publish","type":"product","link":"https:\/\/swissmassage.ch\/fr\/produits\/couverture-chauffante-table-de-massage\/","title":{"rendered":"Couverture chauffante table de massage"},"content":{"rendered":"<h2 style=\"text-align: left\">Couverture chauffante pour table de massage<\/h2>\n<p>Cette couverture chauffante de 152 cm x 90 cm est con\u00e7ue pour s\u2019adapter \u00e0 tous les standards de tables de massage gr\u00e2ce \u00e0 ses \u00e9lastiques de maintien. Avec une puissance de 60 Watts, elle diffuse une chaleur douce et enveloppante pour un confort optimal durant vos soins. Elle est la solution id\u00e9ale pour ajouter une touche de confort \u00e0 vos s\u00e9ances de massage.<\/p>\n<h3>R\u00e9glages personnalis\u00e9s<\/h3>\n<p>Choisissez parmi plusieurs niveaux de temp\u00e9rature pour ajuster la chaleur selon les besoins de chaque client. La couverture est \u00e9galement \u00e9quip\u00e9e d\u2019une fonction d\u2019arr\u00eat automatique avec plusieurs dur\u00e9es de r\u00e9glage, pour une utilisation en toute tranquillit\u00e9 sans risque de surchauffe.<\/p>\n<p>Livrable dans toute la Suisse. Ou \u00e0 l&#8217;emporter dans notre showroom.<\/p>\n","protected":false},"excerpt":{"rendered":"<p>Couverture chauffante pour table de massage Cette couverture chauffante de 152 cm x 90 cm est con\u00e7ue pour s\u2019adapter \u00e0 tous les standards de tables de massage gr\u00e2ce \u00e0 ses \u00e9lastiques de maintien. Avec une puissance de 60 Watts, elle diffuse une chaleur douce et enveloppante pour un confort optimal durant vos soins. Elle est&hellip;<\/p>\n","protected":false},"featured_media":19018,"template":"","meta":{"_seopress_robots_primary_cat":"none","_seopress_titles_title":"Couverture chauffante pour table de massage - Swissmassage","_seopress_titles_desc":"Couverture chauffante pour table de massage : apporte une chaleur douce, optimise le confort et la relaxation de vos patients pendant vos s\u00e9ances.","_seopress_robots_index":""},"pwb-brand":[],"product_brand":[],"product_cat":[273,1079],"product_tag":[1111,1110],"product_folder":[1002,1112],"class_list":{"0":"post-2595","1":"product","2":"type-product","3":"status-publish","4":"has-post-thumbnail","6":"product_cat-couvertures-chauffantes","7":"product_cat-tous-les-accessoires-de-massage","8":"product_tag-chauffante","9":"product_tag-couverture-chauffante","11":"first","12":"instock","13":"taxable","14":"shipping-taxable","15":"purchasable","16":"product-type-simple"},"exclude_global_add_ons":[],"addons":[],"brands":[],"_links":{"self":[{"href":"https:\/\/swissmassage.ch\/fr\/wp-json\/wp\/v2\/product\/2595","targetHints":{"allow":["GET"]}}],"collection":[{"href":"https:\/\/swissmassage.ch\/fr\/wp-json\/wp\/v2\/product"}],"about":[{"href":"https:\/\/swissmassage.ch\/fr\/wp-json\/wp\/v2\/types\/product"}],"wp:featuredmedia":[{"embeddable":true,"href":"https:\/\/swissmassage.ch\/fr\/wp-json\/wp\/v2\/media\/19018"}],"wp:attachment":[{"href":"https:\/\/swissmassage.ch\/fr\/wp-json\/wp\/v2\/media?parent=2595"}],"wp:term":[{"taxonomy":"pwb-brand","embeddable":true,"href":"https:\/\/swissmassage.ch\/fr\/wp-json\/wp\/v2\/pwb-brand?post=2595"},{"taxonomy":"product_brand","embeddable":true,"href":"https:\/\/swissmassage.ch\/fr\/wp-json\/wp\/v2\/product_brand?post=2595"},{"taxonomy":"product_cat","embeddable":true,"href":"https:\/\/swissmassage.ch\/fr\/wp-json\/wp\/v2\/product_cat?post=2595"},{"taxonomy":"product_tag","embeddable":true,"href":"https:\/\/swissmassage.ch\/fr\/wp-json\/wp\/v2\/product_tag?post=2595"},{"taxonomy":"product_folder","embeddable":true,"href":"https:\/\/swissmassage.ch\/fr\/wp-json\/wp\/v2\/product_folder?post=2595"}],"curies":[{"name":"wp","href":"https:\/\/api.w.org\/{rel}","templated":true}]}}