{"id":2606,"date":"2023-05-24T14:41:43","date_gmt":"2023-05-24T14:41:43","guid":{"rendered":"https:\/\/suissemassage.digichablais.ch\/?product=pierres-chaudes-set-64-pieces"},"modified":"2025-12-17T13:55:22","modified_gmt":"2025-12-17T12:55:22","slug":"pierres-chaudes-set-64-pieces","status":"publish","type":"product","link":"https:\/\/swissmassage.ch\/fr\/produits\/pierres-chaudes-set-64-pieces\/","title":{"rendered":"Pierres Chaudes set 64 pi\u00e8ces"},"content":{"rendered":"<h2 style=\"text-align: left\">Set 64 Pierres chaudes pour massages aux pierres chaudes.<\/h2>\n<p><span style=\"font-size: 10pt\">Set de 64 pierres en basalte. Le coffret comprend des<br \/>\npierres ovales et plates de plusieurs dimensions : 2<br \/>\nextra-grandes (sacrum et plexus solaire), 14 grandes<br \/>\n(dos et cuisses),14 moyennes (mains, bras, mollets,<br \/>\npieds et nuque), 7 petites (front, cr\u00e2ne et partie<br \/>\npost\u00e9rieure de la t\u00eate), 8 pour les orteils, 4 mini-pierres<br \/>\n(points de pression tissu profond), 2 pour les contours<br \/>\nfaciaux et 6 pierres froides en marbre blanc. Aussi les 7<br \/>\npierres chakra comprises. <\/span><\/p>\n<p><span style=\"font-size: 10pt\">Dimensions: 46,5x20x7,7 cm<br \/>\nPoids: 7,7 Kg<\/span><\/p>\n<p><span style=\"font-size: 10pt\">Extra-large stones : 2<br \/>\n(sacrum and solar plexus)<br \/>\nLarge stones: 14 (back and thighs)<br \/>\n(hands, arms, calves, feet and nape)<br \/>\nSmall stones: 7<br \/>\n(forehead, top and back of the head)<br \/>\nToe stones: 8<br \/>\nDeep tissue stones: 4<br \/>\nContour ones: 2<br \/>\n(for the eyes)<br \/>\nMarble stones: 6<br \/>\nChakra stone: 7<\/span><\/p>\n","protected":false},"excerpt":{"rendered":"<p>Set 64 Pierres chaudes pour massages aux pierres chaudes. Set de 64 pierres en basalte. Le coffret comprend des pierres ovales et plates de plusieurs dimensions : 2 extra-grandes (sacrum et plexus solaire), 14 grandes (dos et cuisses),14 moyennes (mains, bras, mollets, pieds et nuque), 7 petites (front, cr\u00e2ne et partie post\u00e9rieure de la t\u00eate),&hellip;<\/p>\n","protected":false},"featured_media":2589,"template":"","meta":{"_seopress_robots_primary_cat":"none","_seopress_titles_title":"Set 64 Pierres chaudes pour massages aux pierres chaudes","_seopress_titles_desc":"Set 64 Pierres chaudes pour massages aux pierres chaudes. Le coffret comprend des\r\npierres ovales et plates de plusieurs dimensions.","_seopress_robots_index":""},"pwb-brand":[],"product_brand":[],"product_cat":[272,1079],"product_tag":[1124,1123,1122],"product_folder":[1002,1121],"class_list":{"0":"post-2606","1":"product","2":"type-product","3":"status-publish","4":"has-post-thumbnail","6":"product_cat-pierres-chaudes","7":"product_cat-tous-les-accessoires-de-massage","8":"product_tag-hot-stones-massage","9":"product_tag-massage-pierres-chaudes","10":"product_tag-pierres","12":"first","13":"instock","14":"taxable","15":"shipping-taxable","16":"purchasable","17":"product-type-simple"},"exclude_global_add_ons":[],"addons":[],"brands":[],"_links":{"self":[{"href":"https:\/\/swissmassage.ch\/fr\/wp-json\/wp\/v2\/product\/2606","targetHints":{"allow":["GET"]}}],"collection":[{"href":"https:\/\/swissmassage.ch\/fr\/wp-json\/wp\/v2\/product"}],"about":[{"href":"https:\/\/swissmassage.ch\/fr\/wp-json\/wp\/v2\/types\/product"}],"wp:featuredmedia":[{"embeddable":true,"href":"https:\/\/swissmassage.ch\/fr\/wp-json\/wp\/v2\/media\/2589"}],"wp:attachment":[{"href":"https:\/\/swissmassage.ch\/fr\/wp-json\/wp\/v2\/media?parent=2606"}],"wp:term":[{"taxonomy":"pwb-brand","embeddable":true,"href":"https:\/\/swissmassage.ch\/fr\/wp-json\/wp\/v2\/pwb-brand?post=2606"},{"taxonomy":"product_brand","embeddable":true,"href":"https:\/\/swissmassage.ch\/fr\/wp-json\/wp\/v2\/product_brand?post=2606"},{"taxonomy":"product_cat","embeddable":true,"href":"https:\/\/swissmassage.ch\/fr\/wp-json\/wp\/v2\/product_cat?post=2606"},{"taxonomy":"product_tag","embeddable":true,"href":"https:\/\/swissmassage.ch\/fr\/wp-json\/wp\/v2\/product_tag?post=2606"},{"taxonomy":"product_folder","embeddable":true,"href":"https:\/\/swissmassage.ch\/fr\/wp-json\/wp\/v2\/product_folder?post=2606"}],"curies":[{"name":"wp","href":"https:\/\/api.w.org\/{rel}","templated":true}]}}