{"id":2607,"date":"2023-05-24T14:41:43","date_gmt":"2023-05-24T14:41:43","guid":{"rendered":"https:\/\/suissemassage.digichablais.ch\/?product=protection-papier-tetiere-table-de-massage"},"modified":"2026-04-20T14:43:25","modified_gmt":"2026-04-20T12:43:25","slug":"protection-papier-tetiere-table-de-massage","status":"publish","type":"product","link":"https:\/\/swissmassage.ch\/fr\/produits\/protection-papier-tetiere-table-de-massage\/","title":{"rendered":"Protection papier coussin facial t\u00eati\u00e8re"},"content":{"rendered":"<h2 style=\"text-align: left\">Protections papier tr\u00e8s doux pour coussin facial et t\u00eati\u00e8re de table de massage<\/h2>\n<p>Paquet de 100 pi\u00e8ces<\/p>\n","protected":false},"excerpt":{"rendered":"<p>Protections papier tr\u00e8s doux pour coussin facial et t\u00eati\u00e8re de table de massage Paquet de 100 pi\u00e8ces<\/p>\n","protected":false},"featured_media":2608,"template":"","meta":{"_seopress_robots_primary_cat":"none","_seopress_titles_title":"","_seopress_titles_desc":"Protections en papier tr\u00e8s doux pour coussin facial et t\u00eati\u00e8re de table de massage : garantissent une bonne hygi\u00e8ne et un confort sup\u00e9rieur pour vos clients.","_seopress_robots_index":""},"pwb-brand":[],"product_brand":[],"product_cat":[271,1079],"product_tag":[1094,1107],"product_folder":[1017],"class_list":{"0":"post-2607","1":"product","2":"type-product","3":"status-publish","4":"has-post-thumbnail","6":"product_cat-protection-table-de-massage","7":"product_cat-tous-les-accessoires-de-massage","8":"product_tag-protection","9":"product_tag-visage","11":"first","12":"instock","13":"taxable","14":"shipping-taxable","15":"purchasable","16":"product-type-simple"},"exclude_global_add_ons":[],"addons":[],"brands":[],"_links":{"self":[{"href":"https:\/\/swissmassage.ch\/fr\/wp-json\/wp\/v2\/product\/2607","targetHints":{"allow":["GET"]}}],"collection":[{"href":"https:\/\/swissmassage.ch\/fr\/wp-json\/wp\/v2\/product"}],"about":[{"href":"https:\/\/swissmassage.ch\/fr\/wp-json\/wp\/v2\/types\/product"}],"wp:featuredmedia":[{"embeddable":true,"href":"https:\/\/swissmassage.ch\/fr\/wp-json\/wp\/v2\/media\/2608"}],"wp:attachment":[{"href":"https:\/\/swissmassage.ch\/fr\/wp-json\/wp\/v2\/media?parent=2607"}],"wp:term":[{"taxonomy":"pwb-brand","embeddable":true,"href":"https:\/\/swissmassage.ch\/fr\/wp-json\/wp\/v2\/pwb-brand?post=2607"},{"taxonomy":"product_brand","embeddable":true,"href":"https:\/\/swissmassage.ch\/fr\/wp-json\/wp\/v2\/product_brand?post=2607"},{"taxonomy":"product_cat","embeddable":true,"href":"https:\/\/swissmassage.ch\/fr\/wp-json\/wp\/v2\/product_cat?post=2607"},{"taxonomy":"product_tag","embeddable":true,"href":"https:\/\/swissmassage.ch\/fr\/wp-json\/wp\/v2\/product_tag?post=2607"},{"taxonomy":"product_folder","embeddable":true,"href":"https:\/\/swissmassage.ch\/fr\/wp-json\/wp\/v2\/product_folder?post=2607"}],"curies":[{"name":"wp","href":"https:\/\/api.w.org\/{rel}","templated":true}]}}