{"id":2616,"date":"2023-05-24T14:41:48","date_gmt":"2023-05-24T14:41:48","guid":{"rendered":"https:\/\/suissemassage.digichablais.ch\/?product=tetiere-inclinable-pour-table-de-massage-avec-coussin-facial-et-repose-bras"},"modified":"2026-04-01T13:04:48","modified_gmt":"2026-04-01T11:04:48","slug":"tetiere-inclinable-pour-table-de-massage-avec-coussin-facial-et-repose-bras","status":"publish","type":"product","link":"https:\/\/swissmassage.ch\/fr\/produits\/tetiere-inclinable-pour-table-de-massage-avec-coussin-facial-et-repose-bras\/","title":{"rendered":"T\u00eati\u00e8re inclinable pour table de massage"},"content":{"rendered":"<h2 style=\"text-align: left\">T\u00eati\u00e8re inclinable pour table de massage avec coussin facial et repose bras.<\/h2>\n<p>T\u00eati\u00e8re inclinable sur 2 axes.<br \/>\nAvec\u00a0coussin facial mont\u00e9 sur velcro.<br \/>\nEt repose bras qui diminue l&rsquo;appui sur le\u00a0visage<br \/>\nAugmente sensiblement le confort du patient.<br \/>\nDimensions de la fourche: 20,5 cm de tube \u00e0 tube.<br \/>\nDiam\u00e8tre des tubes: 2 cm.<\/p>\n<p>Vid\u00e9o d&rsquo;explication du montage de la t\u00eati\u00e8re.<\/p>\n<div style=\"width: 352px;\" class=\"wp-video\"><video class=\"wp-video-shortcode\" id=\"video-2616-1\" width=\"352\" height=\"480\" preload=\"metadata\" controls=\"controls\"><source type=\"video\/mp4\" src=\"https:\/\/swissmassage.ch\/wp-content\/uploads\/Video-de-montage-tetiere-table-de-massage.mp4?_=1\" \/><a href=\"https:\/\/swissmassage.ch\/wp-content\/uploads\/Video-de-montage-tetiere-table-de-massage.mp4\">https:\/\/swissmassage.ch\/wp-content\/uploads\/Video-de-montage-tetiere-table-de-massage.mp4<\/a><\/video><\/div>\n","protected":false},"excerpt":{"rendered":"<p>T\u00eati\u00e8re inclinable pour table de massage avec coussin facial et repose bras. T\u00eati\u00e8re inclinable sur 2 axes. Avec\u00a0coussin facial mont\u00e9 sur velcro. Et repose bras qui diminue l&rsquo;appui sur le\u00a0visage Augmente sensiblement le confort du patient. Dimensions de la fourche: 20,5 cm de tube \u00e0 tube. Diam\u00e8tre des tubes: 2 cm. Vid\u00e9o d&rsquo;explication du montage&hellip;<\/p>\n","protected":false},"featured_media":19026,"template":"","meta":{"_seopress_robots_primary_cat":"none","_seopress_titles_title":"","_seopress_titles_desc":"T\u00eati\u00e8re inclinable pour table de massage avec coussin facial et repose bras. Augmente sensiblement le confort du patient. Avec\u00a0coussin facial mont\u00e9 sur velcro.","_seopress_robots_index":""},"pwb-brand":[],"product_brand":[],"product_cat":[356,1079],"product_tag":[],"product_folder":[1030],"class_list":{"0":"post-2616","1":"product","2":"type-product","3":"status-publish","4":"has-post-thumbnail","6":"product_cat-accessoires-table-de-massage","7":"product_cat-tous-les-accessoires-de-massage","9":"first","10":"instock","11":"taxable","12":"shipping-taxable","13":"purchasable","14":"product-type-variable","15":"has-default-attributes"},"exclude_global_add_ons":[],"addons":[],"brands":[],"_links":{"self":[{"href":"https:\/\/swissmassage.ch\/fr\/wp-json\/wp\/v2\/product\/2616","targetHints":{"allow":["GET"]}}],"collection":[{"href":"https:\/\/swissmassage.ch\/fr\/wp-json\/wp\/v2\/product"}],"about":[{"href":"https:\/\/swissmassage.ch\/fr\/wp-json\/wp\/v2\/types\/product"}],"wp:featuredmedia":[{"embeddable":true,"href":"https:\/\/swissmassage.ch\/fr\/wp-json\/wp\/v2\/media\/19026"}],"wp:attachment":[{"href":"https:\/\/swissmassage.ch\/fr\/wp-json\/wp\/v2\/media?parent=2616"}],"wp:term":[{"taxonomy":"pwb-brand","embeddable":true,"href":"https:\/\/swissmassage.ch\/fr\/wp-json\/wp\/v2\/pwb-brand?post=2616"},{"taxonomy":"product_brand","embeddable":true,"href":"https:\/\/swissmassage.ch\/fr\/wp-json\/wp\/v2\/product_brand?post=2616"},{"taxonomy":"product_cat","embeddable":true,"href":"https:\/\/swissmassage.ch\/fr\/wp-json\/wp\/v2\/product_cat?post=2616"},{"taxonomy":"product_tag","embeddable":true,"href":"https:\/\/swissmassage.ch\/fr\/wp-json\/wp\/v2\/product_tag?post=2616"},{"taxonomy":"product_folder","embeddable":true,"href":"https:\/\/swissmassage.ch\/fr\/wp-json\/wp\/v2\/product_folder?post=2616"}],"curies":[{"name":"wp","href":"https:\/\/api.w.org\/{rel}","templated":true}]}}