{"id":2618,"date":"2023-05-24T14:41:49","date_gmt":"2023-05-24T14:41:49","guid":{"rendered":"https:\/\/suissemassage.digichablais.ch\/?product=housse-de-transport-pour-chaise-de-massage-60-net"},"modified":"2025-09-15T08:06:20","modified_gmt":"2025-09-15T06:06:20","slug":"housse-de-transport-pour-chaise-de-massage-60-net","status":"publish","type":"product","link":"https:\/\/swissmassage.ch\/fr\/produits\/housse-de-transport-pour-chaise-de-massage-60-net\/","title":{"rendered":"Housse de transport pour chaise de massage"},"content":{"rendered":"<h2>Housse de transport pour chaise de massage.<\/h2>\n<p>Housse de transport et de rangement pour chaise de massage.<br \/>\nAvec fermeture \u00e9clair.<br \/>\nSangle de portage \u00e0 l&rsquo;\u00e9paule.<br \/>\nPoign\u00e9e de soutien lat\u00e9ral.<br \/>\nPoche pour les linges et\u00a0huile.<br \/>\nLavable \u00e0 40\u00b0<br \/>\nFacilite les d\u00e9placements, et prot\u00e8ge la table de massage.<\/p>\n<p>Livrable dans toute la Suisse. Ou \u00e0 l&#8217;emporter directement dans notre atelier.<span style=\"font-size: 10pt;\"><br \/>\n<\/span><\/p>\n","protected":false},"excerpt":{"rendered":"<p>Housse de transport pour chaise de massage. Housse de transport et de rangement pour chaise de massage. Avec fermeture \u00e9clair. Sangle de portage \u00e0 l&rsquo;\u00e9paule. Poign\u00e9e de soutien lat\u00e9ral. Poche pour les linges et\u00a0huile. Lavable \u00e0 40\u00b0 Facilite les d\u00e9placements, et prot\u00e8ge la table de massage. Livrable dans toute la Suisse. Ou \u00e0 l&#8217;emporter directement&hellip;<\/p>\n","protected":false},"featured_media":3056,"template":"","meta":{"_seopress_robots_primary_cat":"none","_seopress_titles_title":"","_seopress_titles_desc":"Housse de transport et de rangement pour chaise de massage. Facilite les d\u00e9placements, et prot\u00e8ge la table de massage. Avec fermeture \u00e9clair.","_seopress_robots_index":""},"pwb-brand":[],"product_brand":[],"product_cat":[356,1079],"product_tag":[1062,1061],"product_folder":[999],"class_list":{"0":"post-2618","1":"product","2":"type-product","3":"status-publish","4":"has-post-thumbnail","6":"product_cat-accessoires-table-de-massage","7":"product_cat-tous-les-accessoires-de-massage","8":"product_tag-massage-ama","9":"product_tag-massage-assis","11":"first","12":"instock","13":"taxable","14":"shipping-taxable","15":"purchasable","16":"product-type-simple"},"exclude_global_add_ons":[],"addons":[],"brands":[],"_links":{"self":[{"href":"https:\/\/swissmassage.ch\/fr\/wp-json\/wp\/v2\/product\/2618","targetHints":{"allow":["GET"]}}],"collection":[{"href":"https:\/\/swissmassage.ch\/fr\/wp-json\/wp\/v2\/product"}],"about":[{"href":"https:\/\/swissmassage.ch\/fr\/wp-json\/wp\/v2\/types\/product"}],"wp:featuredmedia":[{"embeddable":true,"href":"https:\/\/swissmassage.ch\/fr\/wp-json\/wp\/v2\/media\/3056"}],"wp:attachment":[{"href":"https:\/\/swissmassage.ch\/fr\/wp-json\/wp\/v2\/media?parent=2618"}],"wp:term":[{"taxonomy":"pwb-brand","embeddable":true,"href":"https:\/\/swissmassage.ch\/fr\/wp-json\/wp\/v2\/pwb-brand?post=2618"},{"taxonomy":"product_brand","embeddable":true,"href":"https:\/\/swissmassage.ch\/fr\/wp-json\/wp\/v2\/product_brand?post=2618"},{"taxonomy":"product_cat","embeddable":true,"href":"https:\/\/swissmassage.ch\/fr\/wp-json\/wp\/v2\/product_cat?post=2618"},{"taxonomy":"product_tag","embeddable":true,"href":"https:\/\/swissmassage.ch\/fr\/wp-json\/wp\/v2\/product_tag?post=2618"},{"taxonomy":"product_folder","embeddable":true,"href":"https:\/\/swissmassage.ch\/fr\/wp-json\/wp\/v2\/product_folder?post=2618"}],"curies":[{"name":"wp","href":"https:\/\/api.w.org\/{rel}","templated":true}]}}