{"id":2620,"date":"2023-05-24T14:41:50","date_gmt":"2023-05-24T14:41:50","guid":{"rendered":"https:\/\/suissemassage.digichablais.ch\/?product=housse-de-transport-pour-table-de-massage-60-net"},"modified":"2026-03-11T02:55:32","modified_gmt":"2026-03-11T01:55:32","slug":"housse-de-transport-pour-table-de-massage-60-net","status":"publish","type":"product","link":"https:\/\/swissmassage.ch\/fr\/produits\/housse-de-transport-pour-table-de-massage-60-net\/","title":{"rendered":"Housse de transport pour table de massage"},"content":{"rendered":"<h2 style=\"text-align: left;\">Housse de transport pour table de massage<\/h2>\n<p style=\"text-align: left;\">Housse de transport et de rangement pour table de massage.<br \/>\nAvec fermeture \u00e9clair.<br \/>\nSangle de portage \u00e0 l&rsquo;\u00e9paule.<br \/>\nPoign\u00e9e de soutien lat\u00e9ral.<br \/>\nPoche pour les linges et\u00a0huile.<br \/>\nLavable \u00e0 40\u00b0<br \/>\nFacilite les d\u00e9placements, et prot\u00e8ge la table de massage.<br \/>\nChoisir l&rsquo;option Largeur 68 \u00e0 76 cm, pour des tables de massage jusqu&rsquo;\u00e0 76 cm de large.<br \/>\nChoisir l&rsquo;option Largeur 76 \u00e0 80 cm, pour tables de massage de 76 cm \u00e0 80 cm de large.<\/p>\n","protected":false},"excerpt":{"rendered":"<p>Housse de transport pour table de massage Housse de transport et de rangement pour table de massage. Avec fermeture \u00e9clair. Sangle de portage \u00e0 l&rsquo;\u00e9paule. Poign\u00e9e de soutien lat\u00e9ral. Poche pour les linges et\u00a0huile. Lavable \u00e0 40\u00b0 Facilite les d\u00e9placements, et prot\u00e8ge la table de massage. Choisir l&rsquo;option Largeur 68 \u00e0 76 cm, pour des&hellip;<\/p>\n","protected":false},"featured_media":2621,"template":"","meta":{"_seopress_robots_primary_cat":"none","_seopress_titles_title":"Housse de transport pour table de massage pliable","_seopress_titles_desc":"Housse de transport et de rangement pour table de massage. Facilite les d\u00e9placements, et prot\u00e8ge la table de massage. Avec fermeture \u00e9clair.","_seopress_robots_index":""},"pwb-brand":[],"product_brand":[],"product_cat":[356,1079],"product_tag":[1059,1060],"product_folder":[1030],"class_list":{"0":"post-2620","1":"product","2":"type-product","3":"status-publish","4":"has-post-thumbnail","6":"product_cat-accessoires-table-de-massage","7":"product_cat-tous-les-accessoires-de-massage","8":"product_tag-tables-massage-pliantes","9":"product_tag-tables-massage-portables","11":"first","12":"instock","13":"taxable","14":"shipping-taxable","15":"purchasable","16":"product-type-variable","17":"has-default-attributes"},"exclude_global_add_ons":[],"addons":[],"brands":[],"_links":{"self":[{"href":"https:\/\/swissmassage.ch\/fr\/wp-json\/wp\/v2\/product\/2620","targetHints":{"allow":["GET"]}}],"collection":[{"href":"https:\/\/swissmassage.ch\/fr\/wp-json\/wp\/v2\/product"}],"about":[{"href":"https:\/\/swissmassage.ch\/fr\/wp-json\/wp\/v2\/types\/product"}],"wp:featuredmedia":[{"embeddable":true,"href":"https:\/\/swissmassage.ch\/fr\/wp-json\/wp\/v2\/media\/2621"}],"wp:attachment":[{"href":"https:\/\/swissmassage.ch\/fr\/wp-json\/wp\/v2\/media?parent=2620"}],"wp:term":[{"taxonomy":"pwb-brand","embeddable":true,"href":"https:\/\/swissmassage.ch\/fr\/wp-json\/wp\/v2\/pwb-brand?post=2620"},{"taxonomy":"product_brand","embeddable":true,"href":"https:\/\/swissmassage.ch\/fr\/wp-json\/wp\/v2\/product_brand?post=2620"},{"taxonomy":"product_cat","embeddable":true,"href":"https:\/\/swissmassage.ch\/fr\/wp-json\/wp\/v2\/product_cat?post=2620"},{"taxonomy":"product_tag","embeddable":true,"href":"https:\/\/swissmassage.ch\/fr\/wp-json\/wp\/v2\/product_tag?post=2620"},{"taxonomy":"product_folder","embeddable":true,"href":"https:\/\/swissmassage.ch\/fr\/wp-json\/wp\/v2\/product_folder?post=2620"}],"curies":[{"name":"wp","href":"https:\/\/api.w.org\/{rel}","templated":true}]}}