{"id":2624,"date":"2023-05-24T14:41:53","date_gmt":"2023-05-24T14:41:53","guid":{"rendered":"https:\/\/suissemassage.digichablais.ch\/?product=chauffe-linges-sterilisateur-big-16"},"modified":"2024-07-15T08:15:58","modified_gmt":"2024-07-15T06:15:58","slug":"chauffe-linges-sterilisateur-big-16","status":"publish","type":"product","link":"https:\/\/swissmassage.ch\/fr\/produits\/chauffe-linges-sterilisateur-big-16\/","title":{"rendered":"Chauffe Linges St\u00e9rilisateur big 16 litres"},"content":{"rendered":"<h2>Chauffe serviettes grande capacit\u00e9 16 litres<\/h2>\n<p>Chauffe serviettes avec 16 litres de capacit\u00e9<br \/>\nIl est id\u00e9al pour maintenir les linges de massage chauds.<br \/>\nTemp\u00e9rature maximum de 70\u00b0c.<br \/>\nDimensions: 45x28x36 cm<br \/>\nPeut contenir un linge de massage de 220 cm sur 100 cm.<\/p>\n","protected":false},"excerpt":{"rendered":"<p>Chauffe serviettes grande capacit\u00e9 16 litres Chauffe serviettes avec 16 litres de capacit\u00e9 Il est id\u00e9al pour maintenir les linges de massage chauds. Temp\u00e9rature maximum de 70\u00b0c. Dimensions: 45x28x36 cm Peut contenir un linge de massage de 220 cm sur 100 cm.<\/p>\n","protected":false},"featured_media":2625,"template":"","meta":{"_seopress_robots_primary_cat":"none","_seopress_titles_title":"","_seopress_titles_desc":"Chauffe serviettes avec 16 litres de capacit\u00e9. Il est id\u00e9al pour maintenir les linges de massage chauds. Temp\u00e9rature maximum de 70\u00b0c.","_seopress_robots_index":""},"pwb-brand":[],"product_brand":[],"product_cat":[260,1077],"product_tag":[1111,1116,1115],"product_folder":[1024],"class_list":{"0":"post-2624","1":"product","2":"type-product","3":"status-publish","4":"has-post-thumbnail","6":"product_cat-sterilisateurs-et-chauffe-linges","7":"product_cat-tous-les-articles-esthetiques","8":"product_tag-chauffante","9":"product_tag-hot-cabi","10":"product_tag-sterilisateur","12":"first","13":"instock","14":"taxable","15":"shipping-taxable","16":"purchasable","17":"product-type-simple"},"exclude_global_add_ons":[],"addons":[],"brands":[],"_links":{"self":[{"href":"https:\/\/swissmassage.ch\/fr\/wp-json\/wp\/v2\/product\/2624","targetHints":{"allow":["GET"]}}],"collection":[{"href":"https:\/\/swissmassage.ch\/fr\/wp-json\/wp\/v2\/product"}],"about":[{"href":"https:\/\/swissmassage.ch\/fr\/wp-json\/wp\/v2\/types\/product"}],"wp:featuredmedia":[{"embeddable":true,"href":"https:\/\/swissmassage.ch\/fr\/wp-json\/wp\/v2\/media\/2625"}],"wp:attachment":[{"href":"https:\/\/swissmassage.ch\/fr\/wp-json\/wp\/v2\/media?parent=2624"}],"wp:term":[{"taxonomy":"pwb-brand","embeddable":true,"href":"https:\/\/swissmassage.ch\/fr\/wp-json\/wp\/v2\/pwb-brand?post=2624"},{"taxonomy":"product_brand","embeddable":true,"href":"https:\/\/swissmassage.ch\/fr\/wp-json\/wp\/v2\/product_brand?post=2624"},{"taxonomy":"product_cat","embeddable":true,"href":"https:\/\/swissmassage.ch\/fr\/wp-json\/wp\/v2\/product_cat?post=2624"},{"taxonomy":"product_tag","embeddable":true,"href":"https:\/\/swissmassage.ch\/fr\/wp-json\/wp\/v2\/product_tag?post=2624"},{"taxonomy":"product_folder","embeddable":true,"href":"https:\/\/swissmassage.ch\/fr\/wp-json\/wp\/v2\/product_folder?post=2624"}],"curies":[{"name":"wp","href":"https:\/\/api.w.org\/{rel}","templated":true}]}}