{"id":2626,"date":"2023-05-24T14:41:55","date_gmt":"2023-05-24T14:41:55","guid":{"rendered":"https:\/\/suissemassage.digichablais.ch\/?product=chauffe-linges-sterilisateur"},"modified":"2026-04-22T08:29:14","modified_gmt":"2026-04-22T06:29:14","slug":"chauffe-linges-sterilisateur","status":"publish","type":"product","link":"https:\/\/swissmassage.ch\/fr\/produits\/chauffe-linges-sterilisateur\/","title":{"rendered":"Chauffe Linges St\u00e9rilisateur Hot Cabi"},"content":{"rendered":"<h2>Chauffe serviettes st\u00e9rilisateur Hot cabinet.<\/h2>\n<p>Chauffe linges avec 7 litres de capacit\u00e9.<br \/>\nIl inclut un syst\u00e8me de d\u00e9sinfection UV pour \u00e9liminer les bact\u00e9ries et germes.<br \/>\nIl est id\u00e9al pour maintenir les serviettes dans des conditions hygi\u00e9niques parfaites.<br \/>\nTemp\u00e9rature maximum de 80\u00b0c.<\/p>\n<p>Dimensions:<br \/>\nlargeur 37cm<br \/>\nprofondeur 31cm<br \/>\nhauteur 28cm.<\/p>\n","protected":false},"excerpt":{"rendered":"<p>Chauffe serviettes st\u00e9rilisateur Hot cabinet. Chauffe linges avec 7 litres de capacit\u00e9. Il inclut un syst\u00e8me de d\u00e9sinfection UV pour \u00e9liminer les bact\u00e9ries et germes. Il est id\u00e9al pour maintenir les serviettes dans des conditions hygi\u00e9niques parfaites. Temp\u00e9rature maximum de 80\u00b0c. Dimensions: largeur 37cm profondeur 31cm hauteur 28cm.<\/p>\n","protected":false},"featured_media":2627,"template":"","meta":{"_seopress_robots_primary_cat":"none","_seopress_titles_title":"","_seopress_titles_desc":"Chauffe linges avec 7 litres de capacit\u00e9. Il est id\u00e9al pour maintenir les serviettes dans des conditions hygi\u00e9niques parfaites.","_seopress_robots_index":""},"pwb-brand":[],"product_brand":[],"product_cat":[260,1077],"product_tag":[1111,1116,1115],"product_folder":[1024],"class_list":{"0":"post-2626","1":"product","2":"type-product","3":"status-publish","4":"has-post-thumbnail","6":"product_cat-sterilisateurs-et-chauffe-linges","7":"product_cat-tous-les-articles-esthetiques","8":"product_tag-chauffante","9":"product_tag-hot-cabi","10":"product_tag-sterilisateur","12":"first","13":"instock","14":"taxable","15":"shipping-taxable","16":"purchasable","17":"product-type-simple"},"exclude_global_add_ons":[],"addons":[],"brands":[],"_links":{"self":[{"href":"https:\/\/swissmassage.ch\/fr\/wp-json\/wp\/v2\/product\/2626","targetHints":{"allow":["GET"]}}],"collection":[{"href":"https:\/\/swissmassage.ch\/fr\/wp-json\/wp\/v2\/product"}],"about":[{"href":"https:\/\/swissmassage.ch\/fr\/wp-json\/wp\/v2\/types\/product"}],"wp:featuredmedia":[{"embeddable":true,"href":"https:\/\/swissmassage.ch\/fr\/wp-json\/wp\/v2\/media\/2627"}],"wp:attachment":[{"href":"https:\/\/swissmassage.ch\/fr\/wp-json\/wp\/v2\/media?parent=2626"}],"wp:term":[{"taxonomy":"pwb-brand","embeddable":true,"href":"https:\/\/swissmassage.ch\/fr\/wp-json\/wp\/v2\/pwb-brand?post=2626"},{"taxonomy":"product_brand","embeddable":true,"href":"https:\/\/swissmassage.ch\/fr\/wp-json\/wp\/v2\/product_brand?post=2626"},{"taxonomy":"product_cat","embeddable":true,"href":"https:\/\/swissmassage.ch\/fr\/wp-json\/wp\/v2\/product_cat?post=2626"},{"taxonomy":"product_tag","embeddable":true,"href":"https:\/\/swissmassage.ch\/fr\/wp-json\/wp\/v2\/product_tag?post=2626"},{"taxonomy":"product_folder","embeddable":true,"href":"https:\/\/swissmassage.ch\/fr\/wp-json\/wp\/v2\/product_folder?post=2626"}],"curies":[{"name":"wp","href":"https:\/\/api.w.org\/{rel}","templated":true}]}}