{"id":2628,"date":"2023-05-24T14:41:55","date_gmt":"2023-05-24T14:41:55","guid":{"rendered":"https:\/\/suissemassage.digichablais.ch\/?product=sterilisateur-thermique-220"},"modified":"2024-12-06T16:20:10","modified_gmt":"2024-12-06T15:20:10","slug":"sterilisateur-thermique-220","status":"publish","type":"product","link":"https:\/\/swissmassage.ch\/fr\/produits\/sterilisateur-thermique-220\/","title":{"rendered":"St\u00e9rilisateur thermique 220\u00b0"},"content":{"rendered":"<h2>St\u00e9rilisateur Thermique.<\/h2>\n<p>St\u00e9rilisateur digital indispensable dans toute cabine d\u2019esth\u00e9tique.<br \/>\nIl fonctionne \u00e0 haute temp\u00e9rature en chauffant un petit r\u00e9servoir avec des billes de quartz.<br \/>\nIl atteint une temp\u00e9rature de 220\u00b0C.<\/p>\n","protected":false},"excerpt":{"rendered":"<p>St\u00e9rilisateur Thermique. St\u00e9rilisateur digital indispensable dans toute cabine d\u2019esth\u00e9tique. Il fonctionne \u00e0 haute temp\u00e9rature en chauffant un petit r\u00e9servoir avec des billes de quartz. Il atteint une temp\u00e9rature de 220\u00b0C.<\/p>\n","protected":false},"featured_media":2629,"template":"","meta":{"_seopress_robots_primary_cat":"none","_seopress_titles_title":"","_seopress_titles_desc":"St\u00e9rilisateur digital indispensable dans toute cabine d\u2019esth\u00e9tique. Il fonctionne \u00e0 haute temp\u00e9rature en chauffant un petit r\u00e9servoir avec des billes de quartz.","_seopress_robots_index":""},"pwb-brand":[],"product_brand":[],"product_cat":[260,1077],"product_tag":[1115],"product_folder":[1035],"class_list":{"0":"post-2628","1":"product","2":"type-product","3":"status-publish","4":"has-post-thumbnail","6":"product_cat-sterilisateurs-et-chauffe-linges","7":"product_cat-tous-les-articles-esthetiques","8":"product_tag-sterilisateur","10":"first","11":"instock","12":"taxable","13":"shipping-taxable","14":"purchasable","15":"product-type-simple"},"exclude_global_add_ons":[],"addons":[],"brands":[],"_links":{"self":[{"href":"https:\/\/swissmassage.ch\/fr\/wp-json\/wp\/v2\/product\/2628","targetHints":{"allow":["GET"]}}],"collection":[{"href":"https:\/\/swissmassage.ch\/fr\/wp-json\/wp\/v2\/product"}],"about":[{"href":"https:\/\/swissmassage.ch\/fr\/wp-json\/wp\/v2\/types\/product"}],"wp:featuredmedia":[{"embeddable":true,"href":"https:\/\/swissmassage.ch\/fr\/wp-json\/wp\/v2\/media\/2629"}],"wp:attachment":[{"href":"https:\/\/swissmassage.ch\/fr\/wp-json\/wp\/v2\/media?parent=2628"}],"wp:term":[{"taxonomy":"pwb-brand","embeddable":true,"href":"https:\/\/swissmassage.ch\/fr\/wp-json\/wp\/v2\/pwb-brand?post=2628"},{"taxonomy":"product_brand","embeddable":true,"href":"https:\/\/swissmassage.ch\/fr\/wp-json\/wp\/v2\/product_brand?post=2628"},{"taxonomy":"product_cat","embeddable":true,"href":"https:\/\/swissmassage.ch\/fr\/wp-json\/wp\/v2\/product_cat?post=2628"},{"taxonomy":"product_tag","embeddable":true,"href":"https:\/\/swissmassage.ch\/fr\/wp-json\/wp\/v2\/product_tag?post=2628"},{"taxonomy":"product_folder","embeddable":true,"href":"https:\/\/swissmassage.ch\/fr\/wp-json\/wp\/v2\/product_folder?post=2628"}],"curies":[{"name":"wp","href":"https:\/\/api.w.org\/{rel}","templated":true}]}}