{"id":2635,"date":"2023-05-24T14:41:58","date_gmt":"2023-05-24T14:41:58","guid":{"rendered":"https:\/\/suissemassage.digichablais.ch\/?product=chariot-de-transport-pour-table-massage"},"modified":"2025-12-11T08:26:58","modified_gmt":"2025-12-11T07:26:58","slug":"chariot-de-transport-pour-table-massage","status":"publish","type":"product","link":"https:\/\/swissmassage.ch\/fr\/produits\/chariot-de-transport-pour-table-massage\/","title":{"rendered":"Chariot de transport pour table massage"},"content":{"rendered":"<h2 style=\"text-align: left\">Chariot de transport pour table de massage.<\/h2>\n<p><span style=\"font-size: 10pt\">Diable de transport tr\u00e8s pratique pour les th\u00e9rapeutes itin\u00e9rants.<\/span><br \/>\n<span style=\"font-size: 10pt\">L\u00e9ger facilement pliable.<\/span><br \/>\n<span style=\"font-size: 10pt\">Supporte 60Kg.<br \/>\n<span style=\"font-size: 10pt\">Livrable dans toute la Suisse. Ou \u00e0 l&#8217;emporter directement dans notre showroom.<\/span><br \/>\n<\/span><\/p>\n","protected":false},"excerpt":{"rendered":"<p>Chariot de transport pour table de massage. Diable de transport tr\u00e8s pratique pour les th\u00e9rapeutes itin\u00e9rants. L\u00e9ger facilement pliable. Supporte 60Kg. Livrable dans toute la Suisse. Ou \u00e0 l&#8217;emporter directement dans notre showroom.<\/p>\n","protected":false},"featured_media":19871,"template":"","meta":{"_seopress_robots_primary_cat":"none","_seopress_titles_title":"","_seopress_titles_desc":"Chariot de transport pour table de massage : diable pratique pour th\u00e9rapeutes itin\u00e9rants, l\u00e9ger et pliable, supporte jusqu'\u00e0 60 kg.","_seopress_robots_index":""},"pwb-brand":[],"product_brand":[],"product_cat":[356,1079],"product_tag":[],"product_folder":[1030],"class_list":{"0":"post-2635","1":"product","2":"type-product","3":"status-publish","4":"has-post-thumbnail","6":"product_cat-accessoires-table-de-massage","7":"product_cat-tous-les-accessoires-de-massage","9":"first","10":"instock","11":"taxable","12":"shipping-taxable","13":"purchasable","14":"product-type-simple"},"exclude_global_add_ons":[],"addons":[],"brands":[],"_links":{"self":[{"href":"https:\/\/swissmassage.ch\/fr\/wp-json\/wp\/v2\/product\/2635","targetHints":{"allow":["GET"]}}],"collection":[{"href":"https:\/\/swissmassage.ch\/fr\/wp-json\/wp\/v2\/product"}],"about":[{"href":"https:\/\/swissmassage.ch\/fr\/wp-json\/wp\/v2\/types\/product"}],"wp:featuredmedia":[{"embeddable":true,"href":"https:\/\/swissmassage.ch\/fr\/wp-json\/wp\/v2\/media\/19871"}],"wp:attachment":[{"href":"https:\/\/swissmassage.ch\/fr\/wp-json\/wp\/v2\/media?parent=2635"}],"wp:term":[{"taxonomy":"pwb-brand","embeddable":true,"href":"https:\/\/swissmassage.ch\/fr\/wp-json\/wp\/v2\/pwb-brand?post=2635"},{"taxonomy":"product_brand","embeddable":true,"href":"https:\/\/swissmassage.ch\/fr\/wp-json\/wp\/v2\/product_brand?post=2635"},{"taxonomy":"product_cat","embeddable":true,"href":"https:\/\/swissmassage.ch\/fr\/wp-json\/wp\/v2\/product_cat?post=2635"},{"taxonomy":"product_tag","embeddable":true,"href":"https:\/\/swissmassage.ch\/fr\/wp-json\/wp\/v2\/product_tag?post=2635"},{"taxonomy":"product_folder","embeddable":true,"href":"https:\/\/swissmassage.ch\/fr\/wp-json\/wp\/v2\/product_folder?post=2635"}],"curies":[{"name":"wp","href":"https:\/\/api.w.org\/{rel}","templated":true}]}}