{"id":2637,"date":"2023-05-24T14:42:00","date_gmt":"2023-05-24T14:42:00","guid":{"rendered":"https:\/\/suissemassage.digichablais.ch\/?product=coussin-cylindre-physio"},"modified":"2026-01-25T09:01:34","modified_gmt":"2026-01-25T08:01:34","slug":"coussin-cylindre-physio","status":"publish","type":"product","link":"https:\/\/swissmassage.ch\/fr\/produits\/coussin-cylindre-physio\/","title":{"rendered":"Coussin cylindre physio 58 cm par 18 cm"},"content":{"rendered":"<h2 style=\"text-align: left\">Coussin de massage cylindrique physio 58cm par 18cm<\/h2>\n<p style=\"text-align: left\"><span style=\"font-size: 10pt\">Couleur du rev\u00eatement bleu marine ou gris anthracite.<strong><br \/>\n<\/strong>Rev\u00eatement en Polyur\u00e9thane extr\u00eamement souple et solide.<\/span><br \/>\n<span style=\"font-size: 10pt\">Mousse garantie haute densit\u00e9 de 18 cm d\u2019\u00e9paisseur.<\/span><br \/>\n<span style=\"font-size: 10pt\">Dimensions id\u00e9ales 58cm de long par 18 cm de diam\u00e8tre.<\/span><br \/>\n<span style=\"font-size: 10pt\">Utilisation sous les genoux pour que le patient ait le\u00a0dos plat et rel\u00e2ch\u00e9.<\/span><br \/>\n<span style=\"font-size: 10pt\">Livrable dans toute la Suisse. Ou \u00e0 l&#8217;emporter directement dans notre atelier.<\/span><br \/>\n<span style=\"font-size: 10pt\">Marque d\u00e9pos\u00e9e SWISSMASSAGE, garantie de s\u00e9rieux et de suivi.<\/span><\/p>\n<p>&nbsp;<\/p>\n","protected":false},"excerpt":{"rendered":"<p>Coussin de massage cylindrique physio 58cm par 18cm Couleur du rev\u00eatement bleu marine ou gris anthracite. Rev\u00eatement en Polyur\u00e9thane extr\u00eamement souple et solide. Mousse garantie haute densit\u00e9 de 18 cm d\u2019\u00e9paisseur. Dimensions id\u00e9ales 58cm de long par 18 cm de diam\u00e8tre. Utilisation sous les genoux pour que le patient ait le\u00a0dos plat et rel\u00e2ch\u00e9. Livrable&hellip;<\/p>\n","protected":false},"featured_media":17911,"template":"","meta":{"_seopress_robots_primary_cat":"none","_seopress_titles_title":"Coussin de Massage Cylindre pour Physioth\u00e9rapeute","_seopress_titles_desc":"Coussin de massage cylindrique 58 cm x 18 cm, rev\u00eatement en polyur\u00e9thane souple et solide, mousse haute densit\u00e9 de 18 cm pour un soutien optimal.","_seopress_robots_index":""},"pwb-brand":[],"product_brand":[],"product_cat":[219,1079],"product_tag":[1073,1072],"product_folder":[1001],"class_list":{"0":"post-2637","1":"product","2":"type-product","3":"status-publish","4":"has-post-thumbnail","6":"product_cat-coussins-de-massage","7":"product_cat-tous-les-accessoires-de-massage","8":"product_tag-coussin-cylindre","9":"product_tag-coussin-physio","11":"first","12":"instock","13":"taxable","14":"shipping-taxable","15":"purchasable","16":"product-type-variable","17":"has-default-attributes"},"exclude_global_add_ons":[],"addons":[],"brands":[],"_links":{"self":[{"href":"https:\/\/swissmassage.ch\/fr\/wp-json\/wp\/v2\/product\/2637","targetHints":{"allow":["GET"]}}],"collection":[{"href":"https:\/\/swissmassage.ch\/fr\/wp-json\/wp\/v2\/product"}],"about":[{"href":"https:\/\/swissmassage.ch\/fr\/wp-json\/wp\/v2\/types\/product"}],"wp:featuredmedia":[{"embeddable":true,"href":"https:\/\/swissmassage.ch\/fr\/wp-json\/wp\/v2\/media\/17911"}],"wp:attachment":[{"href":"https:\/\/swissmassage.ch\/fr\/wp-json\/wp\/v2\/media?parent=2637"}],"wp:term":[{"taxonomy":"pwb-brand","embeddable":true,"href":"https:\/\/swissmassage.ch\/fr\/wp-json\/wp\/v2\/pwb-brand?post=2637"},{"taxonomy":"product_brand","embeddable":true,"href":"https:\/\/swissmassage.ch\/fr\/wp-json\/wp\/v2\/product_brand?post=2637"},{"taxonomy":"product_cat","embeddable":true,"href":"https:\/\/swissmassage.ch\/fr\/wp-json\/wp\/v2\/product_cat?post=2637"},{"taxonomy":"product_tag","embeddable":true,"href":"https:\/\/swissmassage.ch\/fr\/wp-json\/wp\/v2\/product_tag?post=2637"},{"taxonomy":"product_folder","embeddable":true,"href":"https:\/\/swissmassage.ch\/fr\/wp-json\/wp\/v2\/product_folder?post=2637"}],"curies":[{"name":"wp","href":"https:\/\/api.w.org\/{rel}","templated":true}]}}