{"id":2641,"date":"2023-05-24T14:42:01","date_gmt":"2023-05-24T14:42:01","guid":{"rendered":"https:\/\/suissemassage.digichablais.ch\/?product=tabouret-de-reiki-et-podologie"},"modified":"2025-03-14T14:00:16","modified_gmt":"2025-03-14T13:00:16","slug":"tabouret-de-reiki-et-podologie","status":"publish","type":"product","link":"https:\/\/swissmassage.ch\/fr\/produits\/tabouret-de-reiki-et-podologie\/","title":{"rendered":"Tabouret de Podologie Beaut\u00e9 des pieds onglerie"},"content":{"rendered":"<h2>Tabouret de Podologie Beaut\u00e9 des pieds onglerie.<\/h2>\n<p>Assise de couleur gris fonc\u00e9.<br \/>\nDiam\u00e8tre 37 cm<br \/>\nMousse 7.5 cm,<br \/>\nHauteur max 55cm,<br \/>\nHauteur min. 44cm<br \/>\nPoids 8 kg et supporte 120 kg.<br \/>\nLe dossier tourne sur 360\u00b0<br \/>\nutilisation possible \u00e0 califourchon.<br \/>\nVeuillez noter qu&rsquo;en raison des diff\u00e9rences morphologiques de chaque personne, nous vous conseillons vivement d&rsquo;essayer les tabourets dans notre exposition \u00e0 Aigle avant de finaliser votre achat. En cas d&rsquo;erreur d&rsquo;achat, les tabourets ne pourront ni \u00eatre retourn\u00e9s ni \u00e9chang\u00e9s.<\/p>\n","protected":false},"excerpt":{"rendered":"<p>Tabouret de Podologie Beaut\u00e9 des pieds onglerie. Assise de couleur gris fonc\u00e9. Diam\u00e8tre 37 cm Mousse 7.5 cm, Hauteur max 55cm, Hauteur min. 44cm Poids 8 kg et supporte 120 kg. Le dossier tourne sur 360\u00b0 utilisation possible \u00e0 califourchon. Veuillez noter qu&rsquo;en raison des diff\u00e9rences morphologiques de chaque personne, nous vous conseillons vivement d&rsquo;essayer&hellip;<\/p>\n","protected":false},"featured_media":2642,"template":"","meta":{"_seopress_robots_primary_cat":"none","_seopress_titles_title":"Tabouret de Podologie Beaut\u00e9 des pieds onglerie - Swissmassage","_seopress_titles_desc":"Tabouret de Podologie et Beaut\u00e9 des pieds : assise gris fonc\u00e9 de 37 cm de diam\u00e8tre, mousse de 7,5 cm, hauteur maximale de 55 cm. Id\u00e9al pour les soins des pieds et onglerie.","_seopress_robots_index":""},"pwb-brand":[],"product_brand":[],"product_cat":[1050,1052,235,1051,1049,1079,1077,1076,1078,1075],"product_tag":[1088,1085,1083],"product_folder":[992],"class_list":{"0":"post-2641","1":"product","2":"type-product","3":"status-publish","4":"has-post-thumbnail","6":"product_cat-chaises-pour-estheticiennes","7":"product_cat-tabourets-et-confort","8":"product_cat-esthetique-tabourets","9":"product_cat-tabourets-pour-spa","10":"product_cat-tabourets-pour-therapeutes","11":"product_cat-tous-les-accessoires-de-massage","12":"product_cat-tous-les-articles-esthetiques","13":"product_cat-tous-les-articles-physio-medical","14":"product_cat-tous-les-articles-spa-beaute","15":"product_cat-tous-les-articles-de-massage","16":"product_tag-podologie","17":"product_tag-tabouret-podo","18":"product_tag-tabouret-roulettes","20":"first","21":"instock","22":"taxable","23":"shipping-taxable","24":"purchasable","25":"product-type-simple"},"exclude_global_add_ons":[],"addons":[],"brands":[],"_links":{"self":[{"href":"https:\/\/swissmassage.ch\/fr\/wp-json\/wp\/v2\/product\/2641","targetHints":{"allow":["GET"]}}],"collection":[{"href":"https:\/\/swissmassage.ch\/fr\/wp-json\/wp\/v2\/product"}],"about":[{"href":"https:\/\/swissmassage.ch\/fr\/wp-json\/wp\/v2\/types\/product"}],"wp:featuredmedia":[{"embeddable":true,"href":"https:\/\/swissmassage.ch\/fr\/wp-json\/wp\/v2\/media\/2642"}],"wp:attachment":[{"href":"https:\/\/swissmassage.ch\/fr\/wp-json\/wp\/v2\/media?parent=2641"}],"wp:term":[{"taxonomy":"pwb-brand","embeddable":true,"href":"https:\/\/swissmassage.ch\/fr\/wp-json\/wp\/v2\/pwb-brand?post=2641"},{"taxonomy":"product_brand","embeddable":true,"href":"https:\/\/swissmassage.ch\/fr\/wp-json\/wp\/v2\/product_brand?post=2641"},{"taxonomy":"product_cat","embeddable":true,"href":"https:\/\/swissmassage.ch\/fr\/wp-json\/wp\/v2\/product_cat?post=2641"},{"taxonomy":"product_tag","embeddable":true,"href":"https:\/\/swissmassage.ch\/fr\/wp-json\/wp\/v2\/product_tag?post=2641"},{"taxonomy":"product_folder","embeddable":true,"href":"https:\/\/swissmassage.ch\/fr\/wp-json\/wp\/v2\/product_folder?post=2641"}],"curies":[{"name":"wp","href":"https:\/\/api.w.org\/{rel}","templated":true}]}}