{"id":2645,"date":"2023-05-24T14:42:04","date_gmt":"2023-05-24T14:42:04","guid":{"rendered":"https:\/\/suissemassage.digichablais.ch\/?product=vibrating-body-massage"},"modified":"2024-07-12T17:16:19","modified_gmt":"2024-07-12T15:16:19","slug":"vibrating-body-massage","status":"publish","type":"product","link":"https:\/\/swissmassage.ch\/fr\/produits\/vibrating-body-massage\/","title":{"rendered":"Vibrating Body Massage"},"content":{"rendered":"<h2>Vibrating Body Massage<\/h2>\n<p>Syt\u00e8me de massage corporel avec 6 t\u00eates vibratoires interchangeables. Base avec roulettes pour faciliter le d\u00e9placement de l\u2019unit\u00e9.<\/p>\n","protected":false},"excerpt":{"rendered":"<p>Vibrating Body Massage Syt\u00e8me de massage corporel avec 6 t\u00eates vibratoires interchangeables. Base avec roulettes pour faciliter le d\u00e9placement de l\u2019unit\u00e9.<\/p>\n","protected":false},"featured_media":2646,"template":"","meta":{"_seopress_robots_primary_cat":"none","_seopress_titles_title":"","_seopress_titles_desc":"Syt\u00e8me de massage corporel avec 6 t\u00eates vibratoires interchangeables. Base avec roulettes pour faciliter le d\u00e9placement de l\u2019unit\u00e9.","_seopress_robots_index":""},"pwb-brand":[],"product_brand":[],"product_cat":[259,1077],"product_tag":[],"product_folder":[1002],"class_list":{"0":"post-2645","1":"product","2":"type-product","3":"status-publish","4":"has-post-thumbnail","6":"product_cat-beauty-equipments","7":"product_cat-tous-les-articles-esthetiques","8":"product_shipping_class-swisspost-encombrant","10":"first","11":"instock","12":"taxable","13":"shipping-taxable","14":"purchasable","15":"product-type-simple"},"exclude_global_add_ons":[],"addons":[],"brands":[],"_links":{"self":[{"href":"https:\/\/swissmassage.ch\/fr\/wp-json\/wp\/v2\/product\/2645","targetHints":{"allow":["GET"]}}],"collection":[{"href":"https:\/\/swissmassage.ch\/fr\/wp-json\/wp\/v2\/product"}],"about":[{"href":"https:\/\/swissmassage.ch\/fr\/wp-json\/wp\/v2\/types\/product"}],"wp:featuredmedia":[{"embeddable":true,"href":"https:\/\/swissmassage.ch\/fr\/wp-json\/wp\/v2\/media\/2646"}],"wp:attachment":[{"href":"https:\/\/swissmassage.ch\/fr\/wp-json\/wp\/v2\/media?parent=2645"}],"wp:term":[{"taxonomy":"pwb-brand","embeddable":true,"href":"https:\/\/swissmassage.ch\/fr\/wp-json\/wp\/v2\/pwb-brand?post=2645"},{"taxonomy":"product_brand","embeddable":true,"href":"https:\/\/swissmassage.ch\/fr\/wp-json\/wp\/v2\/product_brand?post=2645"},{"taxonomy":"product_cat","embeddable":true,"href":"https:\/\/swissmassage.ch\/fr\/wp-json\/wp\/v2\/product_cat?post=2645"},{"taxonomy":"product_tag","embeddable":true,"href":"https:\/\/swissmassage.ch\/fr\/wp-json\/wp\/v2\/product_tag?post=2645"},{"taxonomy":"product_folder","embeddable":true,"href":"https:\/\/swissmassage.ch\/fr\/wp-json\/wp\/v2\/product_folder?post=2645"}],"curies":[{"name":"wp","href":"https:\/\/api.w.org\/{rel}","templated":true}]}}