{"id":2647,"date":"2023-05-24T14:42:05","date_gmt":"2023-05-24T14:42:05","guid":{"rendered":"https:\/\/suissemassage.digichablais.ch\/?product=gueridon-esthetique-drawer"},"modified":"2024-07-12T17:14:57","modified_gmt":"2024-07-12T15:14:57","slug":"gueridon-esthetique-drawer","status":"publish","type":"product","link":"https:\/\/swissmassage.ch\/fr\/produits\/gueridon-esthetique-drawer\/","title":{"rendered":"Gu\u00e9ridon esthetique Drawer"},"content":{"rendered":"<h2>Gu\u00e9ridon Esth\u00e9tique Drawer avec tiroir.<\/h2>\n<p>Design pur Glass.<br \/>\nId\u00e9al pour les esth\u00e9ticiennes qui appr\u00e9cient une cabine au look moderne et pur.<br \/>\nAvec support pour lampe loupe<br \/>\nDimensions: 81cm 55cm 44cm<br \/>\nSupporte 40 kg par \u00e9tage<br \/>\nLivrable dans toute la Suisse. Ou \u00e0 l&#8217;emporter directement dans notre atelier.<br \/>\nMarque d\u00e9pos\u00e9e SWISSMASSAGE, garantie de s\u00e9rieux et de suivi.<\/p>\n","protected":false},"excerpt":{"rendered":"<p>Gu\u00e9ridon Esth\u00e9tique Drawer avec tiroir. Design pur Glass. Id\u00e9al pour les esth\u00e9ticiennes qui appr\u00e9cient une cabine au look moderne et pur. Avec support pour lampe loupe Dimensions: 81cm 55cm 44cm Supporte 40 kg par \u00e9tage Livrable dans toute la Suisse. Ou \u00e0 l&#8217;emporter directement dans notre atelier. Marque d\u00e9pos\u00e9e SWISSMASSAGE, garantie de s\u00e9rieux et de&hellip;<\/p>\n","protected":false},"featured_media":8227,"template":"","meta":{"_seopress_robots_primary_cat":"none","_seopress_titles_title":"","_seopress_titles_desc":"Gu\u00e9ridon esth\u00e9tique Drawer avec tiroir : design \u00e9pur\u00e9 en verre, parfait pour les esth\u00e9ticiennes recherchant un look moderne. Inclut un support pour lampe loupe.","_seopress_robots_index":""},"pwb-brand":[],"product_brand":[],"product_cat":[234,1223,1077,1078],"product_tag":[1134,1163],"product_folder":[1022],"class_list":{"0":"post-2647","1":"product","2":"type-product","3":"status-publish","4":"has-post-thumbnail","6":"product_cat-esthetique-gueridons","7":"product_cat-service-boy-spa","8":"product_cat-tous-les-articles-esthetiques","9":"product_cat-tous-les-articles-spa-beaute","10":"product_tag-esthetique","11":"product_tag-gueridon","12":"product_shipping_class-swisspost-encombrant","14":"first","15":"instock","16":"taxable","17":"shipping-taxable","18":"purchasable","19":"product-type-simple"},"exclude_global_add_ons":[],"addons":[],"brands":[],"_links":{"self":[{"href":"https:\/\/swissmassage.ch\/fr\/wp-json\/wp\/v2\/product\/2647","targetHints":{"allow":["GET"]}}],"collection":[{"href":"https:\/\/swissmassage.ch\/fr\/wp-json\/wp\/v2\/product"}],"about":[{"href":"https:\/\/swissmassage.ch\/fr\/wp-json\/wp\/v2\/types\/product"}],"wp:featuredmedia":[{"embeddable":true,"href":"https:\/\/swissmassage.ch\/fr\/wp-json\/wp\/v2\/media\/8227"}],"wp:attachment":[{"href":"https:\/\/swissmassage.ch\/fr\/wp-json\/wp\/v2\/media?parent=2647"}],"wp:term":[{"taxonomy":"pwb-brand","embeddable":true,"href":"https:\/\/swissmassage.ch\/fr\/wp-json\/wp\/v2\/pwb-brand?post=2647"},{"taxonomy":"product_brand","embeddable":true,"href":"https:\/\/swissmassage.ch\/fr\/wp-json\/wp\/v2\/product_brand?post=2647"},{"taxonomy":"product_cat","embeddable":true,"href":"https:\/\/swissmassage.ch\/fr\/wp-json\/wp\/v2\/product_cat?post=2647"},{"taxonomy":"product_tag","embeddable":true,"href":"https:\/\/swissmassage.ch\/fr\/wp-json\/wp\/v2\/product_tag?post=2647"},{"taxonomy":"product_folder","embeddable":true,"href":"https:\/\/swissmassage.ch\/fr\/wp-json\/wp\/v2\/product_folder?post=2647"}],"curies":[{"name":"wp","href":"https:\/\/api.w.org\/{rel}","templated":true}]}}