{"id":2649,"date":"2023-05-24T14:42:05","date_gmt":"2023-05-24T14:42:05","guid":{"rendered":"https:\/\/suissemassage.digichablais.ch\/?product=vapozone-digital-vapeur-et-ozone"},"modified":"2026-02-17T08:02:47","modified_gmt":"2026-02-17T07:02:47","slug":"vapozone-digital-vapeur-et-ozone","status":"publish","type":"product","link":"https:\/\/swissmassage.ch\/fr\/produits\/vapozone-digital-vapeur-et-ozone\/","title":{"rendered":"Vapozone Digital Vapeur et Ozone"},"content":{"rendered":"<p><span style=\"font-size: 10pt\">Vapozone digital haut de gamme. Dessin l\u00e9ger, fonctionnel.<\/span><br \/>\n<span style=\"font-size: 10pt\"> T\u00eate orientable.\u00a0<\/span><span style=\"font-size: 10pt\">Vapeur et Ozone.\u00a0<\/span><span style=\"font-size: 10pt\">Base sur roulettes.<\/span><br \/>\n<span style=\"font-size: 10pt\"><span class=\"rouge\"><br \/>\n<\/span><\/span><span style=\"font-size: 10pt\">\u2013 Hauteur r\u00e9glable: \u00b1 37 cm<\/span><br \/>\n<span style=\"font-size: 10pt\">\u2013 Hauteur r\u00e9glable: \u00b1 37 cm<\/span><br \/>\n<span style=\"font-size: 10pt\">\u2013 Base stable avec 5 roues<\/span><br \/>\n<span style=\"font-size: 10pt\">\u2013 Interface digitale<\/span><br \/>\n<span style=\"font-size: 10pt\">\u2013 D\u00e9tection automatique du niveau d\u2019eau<\/span><br \/>\n<span style=\"font-size: 10pt\">\u2013 R\u00e9glage du volume de vapeur<\/span><br \/>\n<span style=\"font-size: 10pt\">\u2013 Temporisateur<\/span><br \/>\n<span style=\"font-size: 10pt\">\u2013 Fonction ozone<\/span><br \/>\n<span style=\"font-size: 10pt\">\u2013 Fonction huile essentielle<\/span><br \/>\n<span style=\"font-size: 10pt\">\u2013 Fonction herbal<\/span><br \/>\n<span style=\"font-size: 10pt\">\u2013 Bras r\u00e9glable 140\u00ba \u00e0 gauche et droite<\/span><br \/>\n<span style=\"font-size: 10pt\">\u2013 Bras r\u00e9glable 60\u00ba avant et arri\u00e8re<\/span><br \/>\n<span style=\"font-size: 10pt\">\u2013 T\u00eate r\u00e9glable \u00e0 un angle de 360\u00ba<br \/>\n<span style=\"font-size: 10pt\">\u2013\u00a0 Puissance 800 W<br \/>\n<span style=\"font-size: 10pt\">\u2013\u00a0 Capacit\u00e9 0,7 litre<br \/>\n<\/span><\/span><span style=\"font-size: 10pt\">\u2013\u00a0 Poids 5,2 Kg<\/span><br \/>\n<\/span><\/p>\n","protected":false},"excerpt":{"rendered":"<p>Vapozone digital haut de gamme. Dessin l\u00e9ger, fonctionnel. T\u00eate orientable.\u00a0Vapeur et Ozone.\u00a0Base sur roulettes. \u2013 Hauteur r\u00e9glable: \u00b1 37 cm \u2013 Hauteur r\u00e9glable: \u00b1 37 cm \u2013 Base stable avec 5 roues \u2013 Interface digitale \u2013 D\u00e9tection automatique du niveau d\u2019eau \u2013 R\u00e9glage du volume de vapeur \u2013 Temporisateur \u2013 Fonction ozone \u2013 Fonction huile&hellip;<\/p>\n","protected":false},"featured_media":2650,"template":"","meta":{"_seopress_robots_primary_cat":"none","_seopress_titles_title":"","_seopress_titles_desc":"Vapozone digital haut de gamme : design l\u00e9ger et fonctionnel, t\u00eate orientable, fonctions vapeur et ozone, et base sur roulettes pour une mobilit\u00e9 facile.","_seopress_robots_index":""},"pwb-brand":[],"product_brand":[],"product_cat":[1077,258],"product_tag":[],"product_folder":[1020],"class_list":{"0":"post-2649","1":"product","2":"type-product","3":"status-publish","4":"has-post-thumbnail","6":"product_cat-tous-les-articles-esthetiques","7":"product_cat-vapozones-esthetique","9":"first","10":"instock","11":"taxable","12":"shipping-taxable","13":"purchasable","14":"product-type-simple"},"exclude_global_add_ons":[],"addons":[],"brands":[],"_links":{"self":[{"href":"https:\/\/swissmassage.ch\/fr\/wp-json\/wp\/v2\/product\/2649","targetHints":{"allow":["GET"]}}],"collection":[{"href":"https:\/\/swissmassage.ch\/fr\/wp-json\/wp\/v2\/product"}],"about":[{"href":"https:\/\/swissmassage.ch\/fr\/wp-json\/wp\/v2\/types\/product"}],"wp:featuredmedia":[{"embeddable":true,"href":"https:\/\/swissmassage.ch\/fr\/wp-json\/wp\/v2\/media\/2650"}],"wp:attachment":[{"href":"https:\/\/swissmassage.ch\/fr\/wp-json\/wp\/v2\/media?parent=2649"}],"wp:term":[{"taxonomy":"pwb-brand","embeddable":true,"href":"https:\/\/swissmassage.ch\/fr\/wp-json\/wp\/v2\/pwb-brand?post=2649"},{"taxonomy":"product_brand","embeddable":true,"href":"https:\/\/swissmassage.ch\/fr\/wp-json\/wp\/v2\/product_brand?post=2649"},{"taxonomy":"product_cat","embeddable":true,"href":"https:\/\/swissmassage.ch\/fr\/wp-json\/wp\/v2\/product_cat?post=2649"},{"taxonomy":"product_tag","embeddable":true,"href":"https:\/\/swissmassage.ch\/fr\/wp-json\/wp\/v2\/product_tag?post=2649"},{"taxonomy":"product_folder","embeddable":true,"href":"https:\/\/swissmassage.ch\/fr\/wp-json\/wp\/v2\/product_folder?post=2649"}],"curies":[{"name":"wp","href":"https:\/\/api.w.org\/{rel}","templated":true}]}}