{"id":2651,"date":"2023-05-24T14:42:06","date_gmt":"2023-05-24T14:42:06","guid":{"rendered":"https:\/\/suissemassage.digichablais.ch\/?product=table-onglerie-perfect-nails"},"modified":"2024-07-12T17:14:02","modified_gmt":"2024-07-12T15:14:02","slug":"table-onglerie-perfect-nails","status":"publish","type":"product","link":"https:\/\/swissmassage.ch\/fr\/produits\/table-onglerie-perfect-nails\/","title":{"rendered":"Table pour Onglerie Perfect Nails"},"content":{"rendered":"<h2><span style=\"font-size: 10pt;\">Table pour ongleries manucure Perfect Nails.<\/span><\/h2>\n<p><span style=\"font-size: 10pt;\">Vous garanti une grande stabilit\u00e9, un espace de travail adapt\u00e9, une capacit\u00e9 de rangement importante, un syst\u00e8me d&rsquo;aspirateur normalis\u00e9 pour votre bien-\u00eatre.<\/span><span class=\"rouge\"><span class=\"rouge\"><span style=\"color: #ff0000;\"><br \/>\n<\/span><\/span> <\/span><\/p>\n","protected":false},"excerpt":{"rendered":"<p>Table pour ongleries manucure Perfect Nails. Vous garanti une grande stabilit\u00e9, un espace de travail adapt\u00e9, une capacit\u00e9 de rangement importante, un syst\u00e8me d&rsquo;aspirateur normalis\u00e9 pour votre bien-\u00eatre.<\/p>\n","protected":false},"featured_media":2652,"template":"","meta":{"_seopress_robots_primary_cat":"none","_seopress_titles_title":"","_seopress_titles_desc":"Table pour ongleries et manucure Perfect Nails : con\u00e7ue pour un travail pr\u00e9cis et confortable, id\u00e9ale pour des s\u00e9ances de manucure professionnelles.","_seopress_robots_index":""},"pwb-brand":[],"product_brand":[],"product_cat":[350,1077],"product_tag":[],"product_folder":[1025],"class_list":{"0":"post-2651","1":"product","2":"type-product","3":"status-publish","4":"has-post-thumbnail","6":"product_cat-equipements-ongleries","7":"product_cat-tous-les-articles-esthetiques","9":"first","10":"instock","11":"taxable","12":"shipping-taxable","13":"purchasable","14":"product-type-simple"},"exclude_global_add_ons":[],"addons":[],"brands":[],"_links":{"self":[{"href":"https:\/\/swissmassage.ch\/fr\/wp-json\/wp\/v2\/product\/2651","targetHints":{"allow":["GET"]}}],"collection":[{"href":"https:\/\/swissmassage.ch\/fr\/wp-json\/wp\/v2\/product"}],"about":[{"href":"https:\/\/swissmassage.ch\/fr\/wp-json\/wp\/v2\/types\/product"}],"wp:featuredmedia":[{"embeddable":true,"href":"https:\/\/swissmassage.ch\/fr\/wp-json\/wp\/v2\/media\/2652"}],"wp:attachment":[{"href":"https:\/\/swissmassage.ch\/fr\/wp-json\/wp\/v2\/media?parent=2651"}],"wp:term":[{"taxonomy":"pwb-brand","embeddable":true,"href":"https:\/\/swissmassage.ch\/fr\/wp-json\/wp\/v2\/pwb-brand?post=2651"},{"taxonomy":"product_brand","embeddable":true,"href":"https:\/\/swissmassage.ch\/fr\/wp-json\/wp\/v2\/product_brand?post=2651"},{"taxonomy":"product_cat","embeddable":true,"href":"https:\/\/swissmassage.ch\/fr\/wp-json\/wp\/v2\/product_cat?post=2651"},{"taxonomy":"product_tag","embeddable":true,"href":"https:\/\/swissmassage.ch\/fr\/wp-json\/wp\/v2\/product_tag?post=2651"},{"taxonomy":"product_folder","embeddable":true,"href":"https:\/\/swissmassage.ch\/fr\/wp-json\/wp\/v2\/product_folder?post=2651"}],"curies":[{"name":"wp","href":"https:\/\/api.w.org\/{rel}","templated":true}]}}