{"id":2657,"date":"2023-05-24T14:42:10","date_gmt":"2023-05-24T14:42:10","guid":{"rendered":"https:\/\/suissemassage.digichablais.ch\/?product=vapozone-portable"},"modified":"2026-03-19T18:11:21","modified_gmt":"2026-03-19T17:11:21","slug":"vapozone-portable","status":"publish","type":"product","link":"https:\/\/swissmassage.ch\/fr\/produits\/vapozone-portable\/","title":{"rendered":"Vapozone Portable"},"content":{"rendered":"<p>Vapozone portable.<\/p>\n<p>Design l\u00e9ger, moderne et fonctionnel.<br \/>\nT\u00eate orientable et flacon pour des huiles essentielles<br \/>\nVapeur et Ozone.<\/p>\n","protected":false},"excerpt":{"rendered":"<p>Vapozone portable. Design l\u00e9ger, moderne et fonctionnel. T\u00eate orientable et flacon pour des huiles essentielles Vapeur et Ozone.<\/p>\n","protected":false},"featured_media":2658,"template":"","meta":{"_seopress_robots_primary_cat":"none","_seopress_titles_title":"","_seopress_titles_desc":"Vapozone portable : design l\u00e9ger, moderne et fonctionnel avec t\u00eate orientable, flacon pour huiles essentielles, fonction vapeur et ozone pour des soins optimis\u00e9s.","_seopress_robots_index":""},"pwb-brand":[],"product_brand":[],"product_cat":[1077,258],"product_tag":[],"product_folder":[1020],"class_list":{"0":"post-2657","1":"product","2":"type-product","3":"status-publish","4":"has-post-thumbnail","6":"product_cat-tous-les-articles-esthetiques","7":"product_cat-vapozones-esthetique","9":"first","10":"instock","11":"sale","12":"taxable","13":"shipping-taxable","14":"purchasable","15":"product-type-simple"},"exclude_global_add_ons":[],"addons":[],"brands":[],"_links":{"self":[{"href":"https:\/\/swissmassage.ch\/fr\/wp-json\/wp\/v2\/product\/2657","targetHints":{"allow":["GET"]}}],"collection":[{"href":"https:\/\/swissmassage.ch\/fr\/wp-json\/wp\/v2\/product"}],"about":[{"href":"https:\/\/swissmassage.ch\/fr\/wp-json\/wp\/v2\/types\/product"}],"wp:featuredmedia":[{"embeddable":true,"href":"https:\/\/swissmassage.ch\/fr\/wp-json\/wp\/v2\/media\/2658"}],"wp:attachment":[{"href":"https:\/\/swissmassage.ch\/fr\/wp-json\/wp\/v2\/media?parent=2657"}],"wp:term":[{"taxonomy":"pwb-brand","embeddable":true,"href":"https:\/\/swissmassage.ch\/fr\/wp-json\/wp\/v2\/pwb-brand?post=2657"},{"taxonomy":"product_brand","embeddable":true,"href":"https:\/\/swissmassage.ch\/fr\/wp-json\/wp\/v2\/product_brand?post=2657"},{"taxonomy":"product_cat","embeddable":true,"href":"https:\/\/swissmassage.ch\/fr\/wp-json\/wp\/v2\/product_cat?post=2657"},{"taxonomy":"product_tag","embeddable":true,"href":"https:\/\/swissmassage.ch\/fr\/wp-json\/wp\/v2\/product_tag?post=2657"},{"taxonomy":"product_folder","embeddable":true,"href":"https:\/\/swissmassage.ch\/fr\/wp-json\/wp\/v2\/product_folder?post=2657"}],"curies":[{"name":"wp","href":"https:\/\/api.w.org\/{rel}","templated":true}]}}