{"id":2675,"date":"2023-05-24T14:42:17","date_gmt":"2023-05-24T14:42:17","guid":{"rendered":"https:\/\/suissemassage.digichablais.ch\/?product=lampe-loupe-led-pro"},"modified":"2025-03-13T08:44:01","modified_gmt":"2025-03-13T07:44:01","slug":"lampe-loupe-led-pro","status":"publish","type":"product","link":"https:\/\/swissmassage.ch\/fr\/produits\/lampe-loupe-led-pro\/","title":{"rendered":"Lampe Loupe Led Pro"},"content":{"rendered":"<h2>Lampe loupe \u00e0 Leds lumi\u00e8re froide.<\/h2>\n<p>Bras articul\u00e9, orientation et fixation facilit\u00e9e, utilisation stable et mobile. Loupe x5<br \/>\nLampe \u00e0 LED de lumi\u00e8re froide avec loupe \u00e0 5 dioptries. L\u2019intensit\u00e9 de la lumi\u00e8re est r\u00e9glable.<br \/>\nEquip\u00e9e d&rsquo;un bras articul\u00e9 et d&rsquo;une base \u00e0 5 roulettes de grande stabilit\u00e9. Distingu\u00e9e par son design ergonomique et deux poign\u00e9es qui permettent de l&rsquo;orienter vers la position souhait\u00e9e.<\/p>\n<h2>D\u00e9tails techniques:<\/h2>\n<p>Input voltage:<br \/>\nInput frequency: 50Hz\/60Hz<br \/>\nPower: level1: 2,5W \/ level2: 3,5 W level3: 5,0W \/ level4: 7,0W 220Vac-240Vac<br \/>\nDioptres: 5 dioptres<br \/>\nLuminous flux: 170\/250\/350 420 lumen<br \/>\nType of led: SMD.LED &#8211; 20 pcs<br \/>\nAC Power cord size: 1,6 m<br \/>\nLens diametre: 14,5cm<br \/>\nDiam\u00e8tre du pieds 72 cm<br \/>\nColor temperature: 7000\/8000 k<br \/>\nLifetime: 15000 h<br \/>\nPACKING SIZE 84x70x14cm N.W. kg 10 G.W. kg 12<\/p>\n","protected":false},"excerpt":{"rendered":"<p>Lampe loupe \u00e0 Leds lumi\u00e8re froide. Bras articul\u00e9, orientation et fixation facilit\u00e9e, utilisation stable et mobile. Loupe x5 Lampe \u00e0 LED de lumi\u00e8re froide avec loupe \u00e0 5 dioptries. L\u2019intensit\u00e9 de la lumi\u00e8re est r\u00e9glable. Equip\u00e9e d&rsquo;un bras articul\u00e9 et d&rsquo;une base \u00e0 5 roulettes de grande stabilit\u00e9. Distingu\u00e9e par son design ergonomique et deux&hellip;<\/p>\n","protected":false},"featured_media":2676,"template":"","meta":{"_seopress_robots_primary_cat":"none","_seopress_titles_title":"","_seopress_titles_desc":"Lampe loupe \u00e0 Leds lumi\u00e8re froide. Bras articul\u00e9, orientation et fixation facilit\u00e9e, utilisation stable et mobile.","_seopress_robots_index":""},"pwb-brand":[],"product_brand":[],"product_cat":[239,1077],"product_tag":[],"product_folder":[1021],"class_list":{"0":"post-2675","1":"product","2":"type-product","3":"status-publish","4":"has-post-thumbnail","6":"product_cat-esthetique-lampes","7":"product_cat-tous-les-articles-esthetiques","8":"product_shipping_class-swisspost-encombrant","10":"first","11":"outofstock","12":"taxable","13":"shipping-taxable","14":"purchasable","15":"product-type-simple"},"exclude_global_add_ons":[],"addons":[],"brands":[],"_links":{"self":[{"href":"https:\/\/swissmassage.ch\/fr\/wp-json\/wp\/v2\/product\/2675","targetHints":{"allow":["GET"]}}],"collection":[{"href":"https:\/\/swissmassage.ch\/fr\/wp-json\/wp\/v2\/product"}],"about":[{"href":"https:\/\/swissmassage.ch\/fr\/wp-json\/wp\/v2\/types\/product"}],"wp:featuredmedia":[{"embeddable":true,"href":"https:\/\/swissmassage.ch\/fr\/wp-json\/wp\/v2\/media\/2676"}],"wp:attachment":[{"href":"https:\/\/swissmassage.ch\/fr\/wp-json\/wp\/v2\/media?parent=2675"}],"wp:term":[{"taxonomy":"pwb-brand","embeddable":true,"href":"https:\/\/swissmassage.ch\/fr\/wp-json\/wp\/v2\/pwb-brand?post=2675"},{"taxonomy":"product_brand","embeddable":true,"href":"https:\/\/swissmassage.ch\/fr\/wp-json\/wp\/v2\/product_brand?post=2675"},{"taxonomy":"product_cat","embeddable":true,"href":"https:\/\/swissmassage.ch\/fr\/wp-json\/wp\/v2\/product_cat?post=2675"},{"taxonomy":"product_tag","embeddable":true,"href":"https:\/\/swissmassage.ch\/fr\/wp-json\/wp\/v2\/product_tag?post=2675"},{"taxonomy":"product_folder","embeddable":true,"href":"https:\/\/swissmassage.ch\/fr\/wp-json\/wp\/v2\/product_folder?post=2675"}],"curies":[{"name":"wp","href":"https:\/\/api.w.org\/{rel}","templated":true}]}}