{"id":2684,"date":"2023-05-24T14:42:23","date_gmt":"2023-05-24T12:42:23","guid":{"rendered":"https:\/\/suissemassage.digichablais.ch\/?product=lampe-chauffante-infrarouge"},"modified":"2026-03-23T08:44:25","modified_gmt":"2026-03-23T07:44:25","slug":"lampe-chauffante-infrarouge","status":"publish","type":"product","link":"https:\/\/swissmassage.ch\/fr\/produits\/lampe-chauffante-infrarouge\/","title":{"rendered":"Lampe chauffante infrarouge"},"content":{"rendered":"<h2>Lampe chauffante infrarouge 275W r\u00e9glable en intensit\u00e9.<\/h2>\n<p>Lampe avec bras articul\u00e9, orientation et fixation facilit\u00e9e.<\/p>\n","protected":false},"excerpt":{"rendered":"<p>Lampe chauffante infrarouge 275W r\u00e9glable en intensit\u00e9. Lampe avec bras articul\u00e9, orientation et fixation facilit\u00e9e.<\/p>\n","protected":false},"featured_media":2685,"template":"","meta":{"_seopress_robots_primary_cat":"none","_seopress_titles_title":"","_seopress_titles_desc":"Lampe chauffante infrarouge : id\u00e9ale pour des traitements thermiques, elle offre une chaleur apaisante r\u00e9glable en intensit\u00e9.","_seopress_robots_index":""},"pwb-brand":[],"product_brand":[],"product_cat":[273,239,1079,1077],"product_tag":[1111,1113],"product_folder":[1002,1112],"class_list":{"0":"post-2684","1":"product","2":"type-product","3":"status-publish","4":"has-post-thumbnail","6":"product_cat-couvertures-chauffantes","7":"product_cat-esthetique-lampes","8":"product_cat-tous-les-accessoires-de-massage","9":"product_cat-tous-les-articles-esthetiques","10":"product_tag-chauffante","11":"product_tag-lampe-chauffante","13":"first","14":"outofstock","15":"taxable","16":"shipping-taxable","17":"purchasable","18":"product-type-simple"},"exclude_global_add_ons":[],"addons":[],"brands":[],"_links":{"self":[{"href":"https:\/\/swissmassage.ch\/fr\/wp-json\/wp\/v2\/product\/2684","targetHints":{"allow":["GET"]}}],"collection":[{"href":"https:\/\/swissmassage.ch\/fr\/wp-json\/wp\/v2\/product"}],"about":[{"href":"https:\/\/swissmassage.ch\/fr\/wp-json\/wp\/v2\/types\/product"}],"wp:featuredmedia":[{"embeddable":true,"href":"https:\/\/swissmassage.ch\/fr\/wp-json\/wp\/v2\/media\/2685"}],"wp:attachment":[{"href":"https:\/\/swissmassage.ch\/fr\/wp-json\/wp\/v2\/media?parent=2684"}],"wp:term":[{"taxonomy":"pwb-brand","embeddable":true,"href":"https:\/\/swissmassage.ch\/fr\/wp-json\/wp\/v2\/pwb-brand?post=2684"},{"taxonomy":"product_brand","embeddable":true,"href":"https:\/\/swissmassage.ch\/fr\/wp-json\/wp\/v2\/product_brand?post=2684"},{"taxonomy":"product_cat","embeddable":true,"href":"https:\/\/swissmassage.ch\/fr\/wp-json\/wp\/v2\/product_cat?post=2684"},{"taxonomy":"product_tag","embeddable":true,"href":"https:\/\/swissmassage.ch\/fr\/wp-json\/wp\/v2\/product_tag?post=2684"},{"taxonomy":"product_folder","embeddable":true,"href":"https:\/\/swissmassage.ch\/fr\/wp-json\/wp\/v2\/product_folder?post=2684"}],"curies":[{"name":"wp","href":"https:\/\/api.w.org\/{rel}","templated":true}]}}